{"id":412,"date":"2013-03-16T20:49:30","date_gmt":"2013-03-16T20:49:30","guid":{"rendered":"http:\/\/www.aperturia.si\/hss\/?page_id=412"},"modified":"2024-11-08T09:41:17","modified_gmt":"2024-11-08T08:41:17","slug":"postopek-posvojitve","status":"publish","type":"page","link":"https:\/\/www.hrtjisvet.org\/hs\/postopek-posvojitve\/","title":{"rendered":"Postopek posvojitve"},"content":{"rendered":"<p><a href=\"https:\/\/forms.gle\/fFCpjo1fBNHMqCPJA\">Informativni vpra\u0161alnik &#8211; Hrtji svet Slovenije<\/a><div class=\"action\"><p>OSNOVNE INFORMACIJE<\/p><\/div><\/p>\n<p>Postopek posvojitve psa ni zapleten. Na na\u0161ih spletnih straneh si sprva pozorno in temeljito preberite vse objavljene vsebine. Tako si boste pridobili temeljne informacije o problematiki in o posebnostih posvojenih hrtov, lurcherjev ali podencov. Na na\u0161ih straneh boste lahko pridobili osnovne informacije o dolo\u010deni pasemski skupini hrtov, o njihovem izvoru in zgodovini, prav tako pa boste tukaj na\u0161li \u0161e premnoge druge informacije, pomembne pred posvojitvijo psa, pa tudi nasvete glede \u017eivljenja in vzgoje psa, ki so bistvenega pomena za va\u0161e sobivanje z njim. Na spletnih straneh boste seveda lahko spremljali a\u017eurne podatke o hrtih, lurcherjih in podencih, ki so na voljo za posvojitev. Vsekakor pa to niso psi, ki so na voljo na posvojitev preko na\u0161ega dru\u0161tva, ampak jih je mnogo tak\u0161nih, ki se trenutno \u0161e nahajajo v zaveti\u0161\u010du in ga lahko v vsakem trenutku tudi rezerviramo za vas.<br \/>\nV kolikor se pojavi kak\u0161no vpra\u0161anje, na katerega ne najdete odgovora na na\u0161i spletni strani, vas prosimo, da nam pi\u0161ete na elektronski naslov <a href=\"mailto:info@hrtjisvet.org\">info@hrtjisvet.org<\/a> ali pa nas kontaktirate preko spletnega obrazca.<\/p>\n<div class=\"action\"><p>PROFILI PSOV, KI I\u0160\u010cEJO SVOJE DOMOVE<\/p><\/div>\n<p>Ko boste dobro prebrali vsebino na\u0161ih spletnih strani, se doma temeljito pogovorili in se zares trdno odlo\u010dili, da \u017eelite tudi vi nuditi ljube\u010d in topel dom eni izmed premnogih pasjih du\u0161, ki i\u0161\u010dejo domove preko na\u0161ega dru\u0161tva, si jih oglejte v rubriki <a href=\"https:\/\/www.hrtjisvet.org\/hs\/#posvojitev\">\u201cPOSVOJITEV\u201d<\/a>, kjer so dostopne tako informacije kot fotografije psov, ki trenutno i\u0161\u010dejo svoj dom.<br \/>\nMnogo je pa \u0161e tak\u0161nih, ki \u010dakajo v zaveti\u0161\u010dih in niso objavljeni na spletki, ampak to \u0161e ne pomeni, da ne more priti v Slovenijo in k vam, zato bomo skupaj z vami izbrali tistega, ki bo najbolj ustrezal vam in va\u0161emu na\u010dinu \u017eivljenja.<\/p>\n<p>&nbsp;<\/p>\n<p><img loading=\"lazy\" decoding=\"async\" width=\"955\" height=\"465\" class=\"alignnone size-full wp-image-610\" src=\"https:\/\/www.hrtjisvet.org\/hs\/wp-content\/uploads\/2013\/03\/hr3.jpg\" alt=\"hr3\" srcset=\"https:\/\/www.hrtjisvet.org\/hs\/wp-content\/uploads\/2013\/03\/hr3.jpg 955w, https:\/\/www.hrtjisvet.org\/hs\/wp-content\/uploads\/2013\/03\/hr3-300x146.jpg 300w\" sizes=\"auto, (max-width: 955px) 100vw, 955px\" \/><\/p>\n<div class=\"action\"><p>ANKETNI VPRA\u0160ALNIK ZA BODO\u010cE POSVOJITELJE<\/p><\/div>\n<p>V kolikor se je va\u0161e srce odlo\u010dilo za posvojitev katerega od galgov, greyhoundov, lurcherjev in podencov vas prosimo, da izpolnite anketni vpra\u0161alnik za bodo\u010de posvojitelje, ki je dostopen <\/p>\n<div style=\"text-align: center;\"><a  href=\"https:\/\/forms.gle\/fFCpjo1fBNHMqCPJA\"><div class=\"button2\" style=\"background-color: #F70A69\">IZPOLNITE INFORMATIVNI VPRA\u0160ALNIK ZA POSVOJITEV<\/div><\/a><\/div>\n<p><\/a>\u00a0<\/p>\n<p>Z izpolnitvijo tega anketnega vpra\u0161alnika dovoljujete dru\u0161tvu Hrtji svet Slovenije pridobivanje, uporabo in obdelavo svojih osebnih podatkov za potrebe morebitne posvojitve odslu\u017eenega hrta, lurcherja ali podenca. Dru\u0161tvo pa se zavezuje varovati va\u0161e osebne podatke v skladu z Zakonom o varstvu osebnih podatkov.<\/p>\n<p>V najkraj\u0161em mo\u017enem \u010dasu nato pri\u010dakujte, da bo v stik z vami stopil eden izmed \u010dlanov na\u0161ega dru\u0161tva, ki vam bo posredoval \u0161e nekaj dodatnih informacij ter vam z veseljem odgovoril na va\u0161a morebitna vpra\u0161anja, katerih odgovorov na na\u0161i spletni strani niste na\u0161li.<br \/>\nIz izpolnjenega anketnega vpra\u0161alnika si bomo o vas in va\u0161em na\u010dinu \u017eivljenja pridobili nekatere osnovne informacije, ki nam bodo v pomo\u010d, da se ustrezno pripravimo na predposvojitveni obisk pri vas doma.<\/p>\n<div class=\"action\"><p>SRE\u010cANJE Z BODO\u010cIM POSVOJITELJEM<\/p><\/div>\n<p>Po tem, ko boste preko anketnega vpra\u0161alnika kot bodo\u010di posvojitelji vzpostavili prvi stik z na\u0161im dru\u0161tvom, se bo eden od \u010dlanov na\u0161ega dru\u0161tva preko elektronske po\u0161te ali telefona dogovoril z vami za OBVEZNO sre\u010danje oz. obisk na va\u0161em domu. S tem obiskom \u017eelimo spoznati vas in va\u0161o dru\u017eino, ki \u017eeli posvojiti psa preko na\u0161ega dru\u0161tva in s tem vzpostaviti tudi osebno vez med nami. Na ta obisk \u010dlan dru\u0161tva ponavadi pripelje tudi svojega posvojenega psa, s katerim se boste lahko na ta na\u010din tudi pobli\u017ee spoznali. \u010clani na\u0161ega dru\u0161tva vam ob obisku podajo \u0161e vse druge informacije, ki bi jih morebiti \u017eeleli izvedeti, pa jih morda niste na\u0161li na na\u0161i spletni strani. Na obisku si imamo prilo\u017enost odgovoriti tudi na morebitna odprta vpra\u0161anja in dileme, \u010dlani pa si imamo na obisku mo\u017enost ogledati in preveriti tudi pogoje in okolico v katerih bi posvojen\u010dek \u017eivel. V kolikor naletimo na morebitne pomanjkljivosti ali ovire, ki bi lahko ogro\u017eale \u017eivljenje in zdravje posvojenca, pa se skupaj z vami dogovorimo za odpravo le-teh in se kasneje ponovno dogovorimo za obisk, da preverimo ali so pogoji zdaj resni\u010dno tak\u0161ni, da bi lahko v va\u0161 dom pri\u0161el posvojenec. V kolikor na\u0161 \u010dlan dru\u0161tva na tem obisku ob\u010duti pozitivno energijo in ugotovi, da bi lahko bili ravno vi tisti, ki ste primerni za posvojitelja psa, ki ste si ga izbrali (lahko pa s pomo\u010djo nekaterih dejstev ugotovimo, da bi raje posvojili drugega hrta, ki vam ga seveda predlagamo mi, vi pa potem vidite, \u010de je to prava izbira tudi za vas), pa, da povsem ustrezajo tudi pogoji bivanja za posvojen\u010dka, potem rezerviramo psa za vas eviden\u010dno.<\/p>\n<p>&nbsp;<\/p>\n<p><img loading=\"lazy\" decoding=\"async\" width=\"955\" height=\"335\" class=\"alignnone size-full wp-image-611\" src=\"https:\/\/www.hrtjisvet.org\/hs\/wp-content\/uploads\/2013\/03\/hr2.jpg\" alt=\"hr2\" srcset=\"https:\/\/www.hrtjisvet.org\/hs\/wp-content\/uploads\/2013\/03\/hr2.jpg 955w, https:\/\/www.hrtjisvet.org\/hs\/wp-content\/uploads\/2013\/03\/hr2-300x105.jpg 300w\" sizes=\"auto, (max-width: 955px) 100vw, 955px\" \/><\/p>\n<div class=\"action\"><p>REZERVACIJA PSA IN STRO\u0160KI POSVOJITVE<\/p><\/div>\n<p>Za dokon\u010dno rezervacijo na va\u0161e ime morate v roku treh dni na dru\u0161tveni transakcijski ra\u010dun poravnati tudi stro\u0161ke posvojitve psa. S stro\u0161ki posvojitve psa krijemo izdatke ob transportu, prav tako pa s tem denarjem pomagamo tudi pri oskrbi psov, ki so \u0161e v zaveti\u0161\u010dih.<\/p>\n<p>Stro\u0161ek posvojitve hrta preko na\u0161ega dru\u0161tva zna\u0161a 300 eurov. S tem posvojitelj ne pla\u010da psa, ampak samo prispeva svoj prostovoljni prispevek k transportu, administraciji, obvezni sterilizaciji ali kastraciji, krvnim testom, veterinarski oskrbi, obveznemu cepljenju, mikro\u010dipiranju in ureditvi potnega lista EU. Ti stro\u0161ki so ponavadi krepko vi\u0161ji, kot zna\u0161a prosotovljni prispevek posvojitve, kar pri\u010da o dejstvu, da je zaveti\u0161\u010dem pomembno zgolj in predvsem to, da se re\u0161i \u017eivljenje psa.<\/p>\n<p><strong>TRR dru\u0161tva kamor naka\u017eete prostovoljni prispevek posvojitve:<\/strong><br \/>\nIBAN SI56 6100 0000 1714 143 (Delavska hranilnica Maribor)<br \/>\nSWIFT (BIC) HDELSI22<\/p>\n<div class=\"action\"><p>\u010cAS \u010cAKANJA NA POSVOJENEGA PSA<\/p><\/div>\n<p>Nekaj naslednjih tednov ali celo mesecev je na vrsti nekaj va\u0161e potrpe\u017eljivosti, saj so datumi transportov psov iz zaveti\u0161\u010d iz \u0160panije in Irske dolo\u010deni le nekajkrat na leto in zato\u201dne morete pri\u010dakovati, da boste psa dobili takoj. Ampak bodite brez skrbi, va\u0161i rezervirani hrtki \u010dakajo do takrat v primerni oskrbi v zaveti\u0161\u010dih ali celo pri svojih za\u010dasnih skrbnikih. Vsem hrtom, ki prihajajo v posvojitev preko na\u0161ega dru\u0161tva, zagotovimo \u0161e pred odhodom iz \u0160panije ali Irske vso ustrezno veterinarsko oskrbo, psi so kastrirani in psi\u010dke sterilizirane, opravljene so \u0161e nekatere druge preiskave krvi, \u0161e zlasti za pse, ki prihajajo iz mediteranskega obmo\u010dja, vsak je ustrezno cepljen, mikro\u010dipiran in opremljen z veljavnim evropskim potnim listom. Pse spremljajo tudi ustrezni mednarodni transportni dokumenti (Intra trade spri\u010devalo), potrjeni s strani uradnega veterinarja, kateri so vne\u0161eni v mednarodni veterinarski transportni sistem in katerga kopijo lahko v vsakem trenutku dobijo posvojitelji na sede\u017eu dru\u0161tva. Datum in \u0161tevilka transportnega dokumenta je ustrezno vne\u0161en tudi v posvojitveno pogodbo in so podlaga za uradni vpis posvojen\u010dka v register psov v Sloveniji.<\/p>\n<p>&nbsp;<\/p>\n<p><a href=\"https:\/\/www.hrtjisvet.org\/hs\/wp-content\/uploads\/2013\/03\/hr1.jpg\"><img loading=\"lazy\" decoding=\"async\" width=\"955\" height=\"282\" class=\"alignnone size-full wp-image-612\" src=\"https:\/\/www.hrtjisvet.org\/hs\/wp-content\/uploads\/2013\/03\/hr1.jpg\" alt=\"hr1\" srcset=\"https:\/\/www.hrtjisvet.org\/hs\/wp-content\/uploads\/2013\/03\/hr1.jpg 955w, https:\/\/www.hrtjisvet.org\/hs\/wp-content\/uploads\/2013\/03\/hr1-300x88.jpg 300w\" sizes=\"auto, (max-width: 955px) 100vw, 955px\" \/><\/a><\/p>\n<div class=\"action\"><p>DAN POSVOJITVE<\/p><\/div>\n<p>Nekaj dni pred prihodom psov v Slovenijo vse bodo\u010de posvojitelje obvestimo preko elektronske po\u0161te ali telefona o lokaciji in \u010dasu posvojitve in se seveda neskon\u010dno veselimo ponovnega snidenja z vami. Tokrat vas bomo tam \u010dakali z va\u0161im posvojenim hrtom \u2026 Ob njegovem prevzemu mora posvojitelj podpisati posvojitveno pogodbo, s \u010dimer sprejmetu tudi pogoje posvojitve psa preko na\u0161ega dru\u0161tva.<\/p>\n<div class=\"action\"><p>OHRANITEV STIKA Z NAMI<\/p><\/div>\n<p>Vsak posvojitelj se s posvojitveno pogodbo zave\u017ee ostati v stiku z dru\u0161tvom Hrtji svet Slovenije. Morda se spra\u0161ujete, \u010demu? Potrebno se je zavedati, da so psi, ki prihajajo iz zaveti\u0161\u010d \u0160panije in Irske, lahko psihi\u010dno in fizi\u010dno zlorabljeni, zato se je na\u0161e dru\u0161tvo zavezalo poiskati jim domove, kjer se jim kaj podobnega ne sme nikoli ve\u010d zgoditi in smo dol\u017eni spremljati napredek in \u017eivljenje posvojen\u010dka tudi po sami posvojivi. Ravno zaradi tega je dol\u017enost slehernega posvojitelja, da ostane v stiku z nami preko elektronske po\u0161te, telefonskih pogovorov ali druga\u010de, prav tako pa se lahko zgodi, da vas \u010dlani na\u0161ega dru\u0161tva kdaj obi\u0161\u010dejo \u2013 lahko tudi nenapovedano.V kolikor se zgodi, da posvojitelj v dolo\u010denem \u010dasu in zaradi dolo\u010denih razlogov (bolezen, selitev, nezmo\u017enost \u017eiveti s psom itd. \u2026) ni ve\u010d zmo\u017een skrbeti za svojega posvojenega psa, je izklju\u010dno dru\u0161tvo Hrtji svet Slovenije tisto, ki mu poi\u0161\u010de novo domovanje, zato nas mora tak posvojitelj nemudoma kontaktirati.<\/p>\n<p>Toliko v tem trenutku &#8230; Upamo, da se nam v prihodnje oglasite tudi vi, pa da se boste odlo\u010dili enemu od odslu\u017eenih psov ponuditi svoje dobro srce, veliko ljubezni in boste postali njegov odgovoren skrbnik! V zameno boste dobili njegovo brezpogojno ljubezen in vdanost \u2026 To je zagotovo neprecenljiv ob\u010dutek!<\/p>\n<p>&nbsp;<\/p>\n<p><strong>OBVESTILO POSAMEZNIKOM PO 13. \u010cLENU SPLO\u0160NE UREDBE O VARSTVU PODATKOV (GDPR) GLEDE OBDELAVE OSEBNIH PODATKOV V\u00a0 ZBIRKI INFORMATIVNIH VPRA\u0160ALNIKOV IN POGODB O POSVOJITVI<\/strong><\/p>\n<p>&nbsp;<\/p>\n<ul>\n<li>Upravljavec zbirke osebnih podatkov: Dru\u0161tvo HRTJI SVET Slovenije, Triglavska 49, 1000 Ljubljana, <a href=\"mailto:info@hrtjisvet.org\">info@hrtjisvet.org<\/a>.<\/li>\n<li>Namen obdelave osebnih podatkov: ugotovitev, ali posameznik izpolnjuje posvojitvene pogoje ter sklenitev in izvajanje pogodbe o posvojitvi. Pravna podlaga za obdelavo osebnih podatkov: privolitev posameznika po dolo\u010dbi to\u010dke (b) \u010dlena 6 (1) Splo\u0161ne uredbe o varstvu osebnih podatkov<\/li>\n<li>Uporabniki ali kategorije uporabnikov osebnih podatkov: osebni podatki se lahko posredujejo institucijam ali organom, ki so za to dolo\u010deni z zakonom (Policija, Uprava za varno hrano in varstvo rastlin, itd. ).<\/li>\n<li>Obdobje hrambe osebnih podatkov ali, kadar to ni mogo\u010de, merila, ki se uporabljajo za dolo\u010ditev tega obdobja: 5 let (informativni vpra\u0161alnik) oz. 1 leto po smrti psa (posvojitvena pogodba).<\/li>\n<li>Informacije o obstoju pravic posameznika: lahko zahteva dostop in popravek do osebnih podatkov, izbris pa lahko zahtevajo tisti interesenti, ki niso postali posvojitelji psa, medtem ko posvojitelji psa, za \u010das \u017eivljenja s posvojenim psom, izbrisa ne morejo zahtevati. Vlogo z zahtevo po\u0161ljite na <a href=\"mailto:info@hrtjisvet.org\">info@hrtjisvet.org<\/a>.<\/li>\n<li>Informacija o pravici do vlo\u017eitve prito\u017ebe pri nadzornem organu: prito\u017ebo lahko podate Informacijskemu poobla\u0161\u010dencu (naslov: Dunajska 22, 1000 Ljubljana, e-naslov: <a href=\"mailto:gp.ip@ip-rs.si\">ip@ip-rs.si<\/a>, telefon: 012309730, spletna stran: <a href=\"http:\/\/www.ip-rs.si\">www.ip-rs.si<\/a>)<\/li>\n<li>Zagotovitev osebnih podatkov je pogodbena obveznost. Posameznik mora zagotoviti osebne podatke, v primeru, da jih ne zagotovi, predposvojitveni postopek oz. podpis pogodbe ni mogo\u010d.<\/li>\n<\/ul>\n","protected":false},"excerpt":{"rendered":"<p>Informativni vpra\u0161alnik &#8211; Hrtji svet Slovenije Postopek posvojitve psa ni zapleten. Na na\u0161ih spletnih straneh si sprva pozorno in temeljito preberite vse objavljene vsebine. Tako si boste pridobili temeljne informacije o problematiki in o posebnostih posvojenih hrtov, lurcherjev ali podencov. Na na\u0161ih straneh boste lahko pridobili osnovne informacije o dolo\u010deni pasemski skupini hrtov, o njihovem [&hellip;]<\/p>\n","protected":false},"author":1,"featured_media":0,"parent":0,"menu_order":0,"comment_status":"open","ping_status":"open","template":"page-full.php","meta":{"footnotes":""},"class_list":["post-412","page","type-page","status-publish","hentry"],"_links":{"self":[{"href":"https:\/\/www.hrtjisvet.org\/hs\/wp-json\/wp\/v2\/pages\/412","targetHints":{"allow":["GET"]}}],"collection":[{"href":"https:\/\/www.hrtjisvet.org\/hs\/wp-json\/wp\/v2\/pages"}],"about":[{"href":"https:\/\/www.hrtjisvet.org\/hs\/wp-json\/wp\/v2\/types\/page"}],"author":[{"embeddable":true,"href":"https:\/\/www.hrtjisvet.org\/hs\/wp-json\/wp\/v2\/users\/1"}],"replies":[{"embeddable":true,"href":"https:\/\/www.hrtjisvet.org\/hs\/wp-json\/wp\/v2\/comments?post=412"}],"version-history":[{"count":22,"href":"https:\/\/www.hrtjisvet.org\/hs\/wp-json\/wp\/v2\/pages\/412\/revisions"}],"predecessor-version":[{"id":24768,"href":"https:\/\/www.hrtjisvet.org\/hs\/wp-json\/wp\/v2\/pages\/412\/revisions\/24768"}],"wp:attachment":[{"href":"https:\/\/www.hrtjisvet.org\/hs\/wp-json\/wp\/v2\/media?parent=412"}],"curies":[{"name":"wp","href":"https:\/\/api.w.org\/{rel}","templated":true}]}}