{"id":277,"date":"2013-03-14T17:29:13","date_gmt":"2013-03-14T17:29:13","guid":{"rendered":"http:\/\/www.aperturia.si\/hss\/?page_id=277"},"modified":"2013-05-10T10:08:19","modified_gmt":"2013-05-10T08:08:19","slug":"angleski-hrt-greyhound","status":"publish","type":"page","link":"https:\/\/www.hrtjisvet.org\/hs\/angleski-hrt-greyhound\/","title":{"rendered":"Angle\u0161ki hrt &#8211; Greyhound"},"content":{"rendered":"<p><a href=\"https:\/\/www.hrtjisvet.org\/hs\/wp-content\/uploads\/2013\/03\/grey01.jpg\"><img loading=\"lazy\" decoding=\"async\" class=\"alignnone size-full wp-image-296\" alt=\"grey01\" src=\"https:\/\/www.hrtjisvet.org\/hs\/wp-content\/uploads\/2013\/03\/grey01.jpg\" width=\"955\" height=\"483\" srcset=\"https:\/\/www.hrtjisvet.org\/hs\/wp-content\/uploads\/2013\/03\/grey01.jpg 955w, https:\/\/www.hrtjisvet.org\/hs\/wp-content\/uploads\/2013\/03\/grey01-300x151.jpg 300w\" sizes=\"auto, (max-width: 955px) 100vw, 955px\" \/><\/a><\/p>\n<p>&nbsp;<\/p>\n<h3 style=\"text-align: center; margin-top: 25px\"><span class=\"lines\">opis pasme<\/span><\/h3>\n<p>&nbsp;<\/p>\n<p><strong>Domovina:\u00a0<\/strong>Velika Britanija<br \/>\n<strong>X. FCI skupina:<\/strong>\u00a0Greyhound<br \/>\n<strong>Psi &#8211; ple\u010dna vi\u0161ina:<\/strong>\u00a069 -76 cm<br \/>\n<strong>Psi\u010dke &#8211; ple\u010dna vi\u0161ina:<\/strong>\u00a064 &#8211; 71 cm<br \/>\n<strong>Te\u017ea psov:\u00a0<\/strong>30-38 kg<br \/>\n<strong>Te\u017ea psi\u010dk:<\/strong>\u00a026-29 kg<br \/>\n<strong>Glava:<\/strong>\u00a0ploska, \u010delno kolence je rahlo izra\u017eeno<br \/>\n<strong>O\u010di:\u00a0<\/strong>ovalna oblika<br \/>\n<strong>U\u0161esa:<\/strong>\u00a0so majhna, fina, vrtni\u010daste oblike in prile\u017eena glavi<br \/>\n<strong>Telo:\u00a0<\/strong>pravokotno, mo\u010dno, mi\u0161i\u010dasto in z ravno hrbtno linijo<br \/>\n<strong>Mi\u0161ice:<\/strong>\u00a0izrazite mi\u0161ice na zadnjih nogah<br \/>\n<strong>Rep:<\/strong>\u00a0dolg, mo\u010dan in no\u0161en nizko<br \/>\n<strong>Prsni ko\u0161:<\/strong>\u00a0je globok in se kon\u010da nad vi\u0161ino komolcev greyhounda<br \/>\n<strong>Dlaka:<\/strong>\u00a0fina, kratka in tesno prile\u017eena<br \/>\n<strong>Barva ko\u017eu\u0161\u010dka:<\/strong>\u00a0v ve\u010d barvah in barvnih kombinacijah<br \/>\n<strong>Ko\u017ea:\u00a0<\/strong>je izredno takna in brez podko\u017enega ma\u0161\u010devja<\/p>\n<p>&nbsp;<\/p>\n<p style=\"text-align: center;\"><strong><em>&#8220;Greyhound je pes superlativov. &#8220;Hiter, hitrej\u0161i od konja, nobena doma\u010da \u017eival se ne more kosati z njim. Lep, kot da bi u\u0161el s slikarjevega platna!&#8221;, je zapisal pesnik \u017ee v \u0161tirinajstem stoletju. Dodal je, da ima gobec kot \u0161\u010duka, glavo kot ka\u010da, vrat kot labod, hrbet kot gams, rebra kot jelen v gozdu, stegna kot zajec, \u0161ape kot ma\u010dka in kremplje kot lev.&#8221;<\/em><\/strong><\/p>\n<p style=\"text-align: center;\">Takega psa si je lahko privo\u0161\u010dil le plemi\u010d, navaden smrtnik ga je tedaj smel le gledati.<\/p>\n<p>&nbsp;<\/p>\n<h3 style=\"text-align: center; margin-top: 25px\"><span class=\"lines\">Splo\u0161ni videz<\/span><\/h3>\n<p>&nbsp;<\/p>\n<p><a href=\"https:\/\/www.hrtjisvet.org\/hs\/wp-content\/uploads\/2013\/03\/grey02.jpg\"><img loading=\"lazy\" decoding=\"async\" class=\"size-full wp-image-297 alignright\" alt=\"grey02\" src=\"https:\/\/www.hrtjisvet.org\/hs\/wp-content\/uploads\/2013\/03\/grey02.jpg\" width=\"470\" height=\"705\" srcset=\"https:\/\/www.hrtjisvet.org\/hs\/wp-content\/uploads\/2013\/03\/grey02.jpg 470w, https:\/\/www.hrtjisvet.org\/hs\/wp-content\/uploads\/2013\/03\/grey02-200x300.jpg 200w\" sizes=\"auto, (max-width: 470px) 100vw, 470px\" \/><\/a><div class=\"eight columns \">Morfolo\u0161ko sodi greyhound v graioidni tip psa. \u017de na podlagi vizualne podobe je jasno razvidno, da gre za hitrega psa. Veliki angle\u0161ki hrt je pes aerodinami\u010dne konstrukcije, velikih plju\u010d, s teku prilagojenimi mi\u0161icami in srcem, z upogljivo hrbtenico ter dvojnim &#8220;galopom&#8221;, pri katerem med tekom vse \u0161tiri noge ostanejo v zraku dvakrat med vsako sekvenco koraka.<\/p>\n<p>Tek greyhounda je nedvomno fascinanten. Obi\u010dajno psi v vi\u0161ino merijo med 71 in 76 cm ter tehtajo od 27 do 40 kg, medtem ko psi\u010dke merijo med 68 in 71 cm, njihova te\u017ea pa zna\u0161a od 27 do 34 kg. Greyhoundi so psi mo\u010dne, veli\u010dastne in proporcionalne konstrukcije, z veliko mi\u0161i\u010dno mo\u010djo in simetri\u010dno strukturo.<\/p>\n<p>Glava je dolga, ozka in ploska, z rahlo nakazanim \u010delnim kolencem. Vrat je dolg, \u010dvrst, precej mi\u0161i\u010dast in elegantno no\u0161en ter dobro vsajen med lopatice, gladek in brez odve\u010dne ma\u0161\u010dobe. \u010celjusti so mo\u010dne in ugriz \u0161karjast. O\u010di velikega angle\u0161kega hrta so ovalne oblike, inteligentne, ve\u010dinoma temnih barv. U\u0161esa so majhna, fina, vrtni\u010daste oblike in prile\u017eena glavi. Telo je pravokotno, mo\u010dno, mi\u0161i\u010dasto. Prsni ko\u0161 je globok. Kosti so mo\u010dne in \u010dvrste, mi\u0161ice jasno izra\u017eene pod ko\u017eo, ki je tanka, fina in elasti\u010dna. Rep je dolg, nasajen rahlo nizko, mo\u010dan in no\u0161en nizko, na koncu je rahlo ukrivljen.<\/p>\n<p>Noge so mo\u010dne in \u010dvrste, z izrazitimi mi\u0161icami. \u0160ape so \u010dvrste, kompaktne in ma\u010dje oblike. Gibanje je izdatno in prosto, z mo\u010dnim odrivom tako prednjih kot zadnjih nog. Dlaka je fina, kratka in tesno prile\u017eena, nezahtevna za vzdr\u017eevanje, dovoljene pa so mnoge barve: \u010drna, bela, rde\u010da, modra, srnje-rjava, jelenje-rjava, tigraste oz. marogaste kombinacije barv in barvne kombinacije. Tako telesna konstitucija kot njegovo gibanje ter obna\u0161anje ga ume\u0161\u010dajo med najbolj elegantne pse.<\/div><\/p>\n<p>&nbsp;<\/p>\n<h3 style=\"text-align: center; margin-top: 25px\"><span class=\"lines\">Zgodovina<\/span><\/h3>\n<p>&nbsp;<\/p>\n<p><div class=\"eight columns \">Tak pes je bil lahko le angle\u0161ki, nih\u010de drug na tem svetu, tedaj stisnjenem v ozke evropske okvire, si v tistih \u010dasih ni privo\u0161\u010dil takega psa. Opisal pa ga je vendarle Francoz, kraljevi spremljevalec in pesnik Gages de la Buigne. Svojega kralja Janeza II. Dobrega je spremljal, ko je bil ujetnik na Angle\u0161kem. Da bi ga razvedril, mu je napisal pesem o psih, ki so jih videli in ob\u010dudovali v svojem ujetni\u0161tvu. Kasneje so Buignovo pesem spreminjali po potrebi, gobec je v kasnej\u0161ih razli\u010dicah postal tudi vol\u010dji, vrat zmajev, hrbet pa tak kakor tram&#8230; Naj bo \u0161e tako angle\u0161ki, plemi\u0161ki in po britansko plemenit, veliki angle\u0161ki hrt oziroma greyhound prvotno nikakor ni bil doma v Angliji ali kje drugod na britanskem oto\u010dju &#8211; pripeljali so ga tja skoraj zagotovo iz Azije, z Bli\u017enjega Vzhoda, kjer so doma vsi hrti tega sveta. Njegovo ime je staro-saksonskega izvora, pomeni pa &#8220;lepi pes&#8221;.<br \/>\nSicer pasma spada med izjemno stare. To potrjuje relief na egip\u010danski grobnici, star skorajda pet tiso\u010d let. Iz bli\u017enjega vzhoda in Afrike se je prednik dana\u0161njega greyhounda namre\u010d raz\u0161iril v \u0160panijo ter preko Evrope do Velike Bitanije, na Kitajsko, v Perzijo ter drugam.<br \/>\nGreyhound (veliki angle\u0161ki hrt) je ve\u010dinoma edina pasma psa, ki jo omenja tudi Biblija. Korenine teh psov segajo dale\u010d v preteklost,<\/div><div class=\"eight columns \">nedvomno v vzhodni svet. Obstajata dve teoriji izvora velikih angle\u0161kih hrtov. Med poznacalci velja, da pasma izvira iz &#8220;Tesem&#8221;-a, starodavnega faraonskega psa, ki naj bi bil pripeljan tudi v Gr\u010dijo, od tam pa preko feni\u010danskih trgovcev vse do Anglije. Spet drugi trdijo, da podoba tega hrta datira v 12. in 13. stoletje, saj naj bi njegovega prednika ob vrnitvi z vzhoda s seboj pripeljali kri\u017earji.<br \/>\nTako kot mnogi drugi hrti, so bili tudi greyhoundi nemalokrat upodobljeni na freskah in slikarijah ter drugih umetni\u0161kih delih, \u0161e zlasti od 16. stoletja dalje. Med umetniki, ki so v svoja dela vklju\u010devali tudi greyhounde, sodijo: Bruegel stari, Jacob Jordaens, Jean-Baptiste Oudry in mnogi drugi. Na slikah in tapiserijah so (bili) ve\u010dkrat upodobljeni tudi tako imenovani &#8220;bretanski hrti&#8221;, izjemno podobni greyhoundom. Od 14. stoletja dalje so veliki angle\u0161ki hrti sodelovali na lovu za jeleni, damjaki, merjasci, kasneje pa so v vzreji velik poudarek namenjali doseganju velike hitroste in pogumu.<br \/>\nPravzaprav je greyhound, z zmo\u017enostjo doseganja hitrosti 64-70 km\/uro, najhitrej\u0161i pes na svetu ter za gepardom drugi najhitre\u0161i kopenski sesalec. Ravno zaradi svojih zmogljivosti je postal glavni protagonist v hitrostnih tekmah hrtov (v lovu na umetno vabo) na ovalnih stadionih, ki so se razvili v Angliji.<br \/>\n<\/div><\/p>\n<p>&nbsp;<\/p>\n<p>&nbsp;<\/p>\n<p><a href=\"https:\/\/www.hrtjisvet.org\/hs\/wp-content\/uploads\/2013\/03\/grey04.jpg\"><img loading=\"lazy\" decoding=\"async\" class=\"alignnone size-full wp-image-301\" alt=\"grey04\" src=\"https:\/\/www.hrtjisvet.org\/hs\/wp-content\/uploads\/2013\/03\/grey04.jpg\" width=\"955\" height=\"333\" srcset=\"https:\/\/www.hrtjisvet.org\/hs\/wp-content\/uploads\/2013\/03\/grey04.jpg 955w, https:\/\/www.hrtjisvet.org\/hs\/wp-content\/uploads\/2013\/03\/grey04-300x104.jpg 300w\" sizes=\"auto, (max-width: 955px) 100vw, 955px\" \/><\/a><\/p>\n<p>&nbsp;<\/p>\n<h3 style=\"text-align: center; margin-top: 25px\"><span class=\"lines\">Karakter in temperament <\/span><\/h3>\n<p>&nbsp;<\/p>\n<p><a href=\"https:\/\/www.hrtjisvet.org\/hs\/wp-content\/uploads\/2013\/03\/grey03.jpg\"><img loading=\"lazy\" decoding=\"async\" class=\"size-full wp-image-302 alignright\" alt=\"grey03\" src=\"https:\/\/www.hrtjisvet.org\/hs\/wp-content\/uploads\/2013\/03\/grey03.jpg\" width=\"470\" height=\"705\" srcset=\"https:\/\/www.hrtjisvet.org\/hs\/wp-content\/uploads\/2013\/03\/grey03.jpg 470w, https:\/\/www.hrtjisvet.org\/hs\/wp-content\/uploads\/2013\/03\/grey03-200x300.jpg 200w\" sizes=\"auto, (max-width: 470px) 100vw, 470px\" \/><\/a><div class=\"eight columns \">Za greyhounde je zelo zna\u010dilna prirojena popolna milina.<br \/>\nVeliki angle\u0161ki hrt je zelo inteligenten, ne\u017een, nekoliko zadr\u017ean in \u010dustveno uravnove\u0161en, a emocionalen pes. Hkrati je izrazito zvedav, eleganten, domi\u0161ljav, v\u010dasih aroganten in brezbri\u017een, a tudi zvest in introvertiran. Dru\u017einsko \u017eivljenje mu ustreza. Rad ugaja svojim lastnikom, morda je v\u010dasih skoraj &#8220;posesiven&#8221;. Zaradi svoje miroljubnosti je zelo primeren za \u017eivljenje v stanovanju v urbanem okolju, saj v njem kljub svoji velikosti zavzema le malo prostora. Po ve\u010dini se dobro razume tako z ostalimi psi kot tudi z otroki, do neznancev je ve\u010dinoma vedno zadr\u017ean, v\u010dasih nekoliko pla\u0161en. Niti slu\u010dajno ne spada med pse \u010duvaje. Njegova obramba je hiter tek, sicer pa ima visok prag tolerance. Greyhound zelo redko laja. Spada med najbolj zdrave pasme psov. Pozitivno je tudi dejstvo, da na\u010deloma ne sodi med agresivne pse. Sicer pa vedno postane senca svojih bli\u017enjih.<br \/>\nGreyhound, tako kot vsi hrti, obo\u017euje tek. To pa ne pomeni, da potrebuje veliko gibanja. Angle\u0161ki hrti so najhitrej\u0161i teka\u010di, a niso vzdr\u017eljivi &#8211; so teka\u010di na kratke proge, ki v nekaj sekundah oz. minutah dajo vse od sebe, nato pa hitro pomislijo na svojo posteljo. Greyhoundi so v splo\u0161nem psi, ustvarjeni za lenarjenje. Nekajkrat tedensko jim ustreza rekreacija, ob kateri se lahko dodobra utrudijo v svojih &#8220;\u0161printih&#8221;, sicer pa jim dnevno ustreza poluren sprehod in nekaj hitrih izhodov za opravljanje potrebe. Da jih ohranjamo pri dobrem zdravju, sre\u010di in disciplini, to zadostuje. Tipi\u010den pogled na (denimo posvojenega) greyhounda: pole\u017eavanje na zofi s trebuhom navzgor in z vsemi \u0161tirimi ta\u010dkami od sebe proti vi\u0161ku.<\/p>\n<p>Kot mnoge ostale pasme hrtov imajo tudi greyhoundi mo\u010dno izrazit lovski nagon, zato je potrebno biti pri soo\u010danju in v komunikaciji z malimi psi, ma\u010dkami in drugimi puhastimi drobnimi \u017eivalmi zelo previden. Zaradi izrazitega nagona po lovu je priporo\u010dljivo hrta v urbanem okolju vedno imeti pripetega na povodec.<\/div><\/p>\n<p>&nbsp;<\/p>\n<p><strong>Pes, ki je nekdaj igral predsvem vlogo lovskega psa na visoko divjad ter dru\u017eabnika, je danes pes spremljevalec, razstavni pes in tudi profesionalni tekmovalni teka\u010d. Povpre\u010dna \u017eivljenska doba greyhounda se\u017ee med 10 in 13 let.<\/strong><\/p>\n<p>Prirejeno po:<br \/>\n<a href=\"http:\/\/en.wikipedia.org\/wiki\/Greyhound\" target=\"_blank\">http:\/\/en.wikipedia.org\/wiki\/Greyhound<\/a><\/p>\n<p>&nbsp;<\/p>\n<a  href=\"https:\/\/www.hrtjisvet.org\/hs\/primerjava-galgo-greyhound\"><div class=\"button2\" style=\"background-color: #F70A69\">Primerjava Galgo &#8211; Greyhound<\/div><\/a>\n","protected":false},"excerpt":{"rendered":"<p>&nbsp; &nbsp; Domovina:\u00a0Velika Britanija X. FCI skupina:\u00a0Greyhound Psi &#8211; ple\u010dna vi\u0161ina:\u00a069 -76 cm Psi\u010dke &#8211; ple\u010dna vi\u0161ina:\u00a064 &#8211; 71 cm Te\u017ea psov:\u00a030-38 kg Te\u017ea psi\u010dk:\u00a026-29 kg Glava:\u00a0ploska, \u010delno kolence je rahlo izra\u017eeno O\u010di:\u00a0ovalna oblika U\u0161esa:\u00a0so majhna, fina, vrtni\u010daste oblike in prile\u017eena glavi Telo:\u00a0pravokotno, mo\u010dno, mi\u0161i\u010dasto in z ravno hrbtno linijo Mi\u0161ice:\u00a0izrazite mi\u0161ice na zadnjih nogah [&hellip;]<\/p>\n","protected":false},"author":1,"featured_media":0,"parent":0,"menu_order":0,"comment_status":"open","ping_status":"open","template":"page-full.php","meta":{"footnotes":""},"class_list":["post-277","page","type-page","status-publish","hentry"],"_links":{"self":[{"href":"https:\/\/www.hrtjisvet.org\/hs\/wp-json\/wp\/v2\/pages\/277","targetHints":{"allow":["GET"]}}],"collection":[{"href":"https:\/\/www.hrtjisvet.org\/hs\/wp-json\/wp\/v2\/pages"}],"about":[{"href":"https:\/\/www.hrtjisvet.org\/hs\/wp-json\/wp\/v2\/types\/page"}],"author":[{"embeddable":true,"href":"https:\/\/www.hrtjisvet.org\/hs\/wp-json\/wp\/v2\/users\/1"}],"replies":[{"embeddable":true,"href":"https:\/\/www.hrtjisvet.org\/hs\/wp-json\/wp\/v2\/comments?post=277"}],"version-history":[{"count":10,"href":"https:\/\/www.hrtjisvet.org\/hs\/wp-json\/wp\/v2\/pages\/277\/revisions"}],"predecessor-version":[{"id":1505,"href":"https:\/\/www.hrtjisvet.org\/hs\/wp-json\/wp\/v2\/pages\/277\/revisions\/1505"}],"wp:attachment":[{"href":"https:\/\/www.hrtjisvet.org\/hs\/wp-json\/wp\/v2\/media?parent=277"}],"curies":[{"name":"wp","href":"https:\/\/api.w.org\/{rel}","templated":true}]}}