{"id":27282,"date":"2026-05-14T07:54:23","date_gmt":"2026-05-14T05:54:23","guid":{"rendered":"https:\/\/www.hrtjisvet.org\/hs\/?page_id=27282"},"modified":"2026-05-14T07:54:23","modified_gmt":"2026-05-14T05:54:23","slug":"greyhoundica-miss","status":"publish","type":"page","link":"https:\/\/www.hrtjisvet.org\/hs\/greyhoundica-miss\/","title":{"rendered":"Greyhoundica Miss"},"content":{"rendered":"<p style=\"text-align: center;\"><strong>Pasma: greyhound <\/strong><br \/>\n<strong>Spol: samica<\/strong><br \/>\n<strong>Barva: \u010drna<\/strong>.<br \/>\n<strong>Datum rojstva: 1.9.2021<\/strong><\/p>\n<div style=\"text-align: center;\"><a  href=\"https:\/\/forms.gle\/fFCpjo1fBNHMqCPJA\"><div class=\"button2\" style=\"background-color: #F70A69\">IZPOLNITE INFORMATIVNI VPRA\u0160ALNIK ZA POSVOJITEV<\/div><\/a><\/div>\n<p>&nbsp;<\/p>\n<hr \/>\n<p><a href=\"https:\/\/www.hrtjisvet.org\/hs\/wp-content\/uploads\/2026\/05\/1000104491.jpg\"><img loading=\"lazy\" decoding=\"async\" width=\"225\" height=\"300\" class=\"alignright size-medium wp-image-27288\" src=\"https:\/\/www.hrtjisvet.org\/hs\/wp-content\/uploads\/2026\/05\/1000104491-225x300.jpg\" alt=\"\" srcset=\"https:\/\/www.hrtjisvet.org\/hs\/wp-content\/uploads\/2026\/05\/1000104491-225x300.jpg 225w, https:\/\/www.hrtjisvet.org\/hs\/wp-content\/uploads\/2026\/05\/1000104491-768x1024.jpg 768w, https:\/\/www.hrtjisvet.org\/hs\/wp-content\/uploads\/2026\/05\/1000104491-1152x1536.jpg 1152w, https:\/\/www.hrtjisvet.org\/hs\/wp-content\/uploads\/2026\/05\/1000104491.jpg 1500w\" sizes=\"auto, (max-width: 225px) 100vw, 225px\" \/><\/a>Miss, s tekmovalnim imenom Kelzomic Miss, je v zaveti\u0161\u010de pri\u0161la maja, med na\u0161im prostovoljnim delom tam. Ni veliko tekmovala, za seboj ima le 10 dirk, tako da je \u010disto pripravljena na to, da za\u010dne u\u017eiva v &#8216;penziji&#8217;.<br \/>\nJe prijazna, vesela in navihana greyhoundica, ki ima malce &#8216;\u0161efovskega&#8217; karakterja. Z drugimo greyhoundico, s katero je bila v boksu, se je lepo razumela. Prve dni je bila v zaveti\u0161\u010du nemirna, kar je razumljivo, se je pa lepo navajala na novo rutino. Na povodcu je na za\u010detku vlekla, vendar je bilo s vsakim sprehodom la\u017eje, bolj se je spro\u0161\u010dala in vohala okrog.<\/p>\n<p>Miss ima po ko\u017eu\u0161\u010dku nekaj drobnih sne\u017eink, ki te takoj o\u010darajo.<\/p>\n<p>Bi kdo sprejel to krasno greyhoundico v svoj dom?<\/p>\n<hr \/>\n\r\n\t\t<style type='text\/css'>\r\n\t\t\t#gallery-1 {\r\n\t\t\t\tmargin: auto;\r\n\t\t\t}\r\n\t\t\t#gallery-1 .gallery-item {\r\n\t\t\t\tfloat: left;\r\n\t\t\t\tmargin-top: 10px;\r\n\t\t\t\ttext-align: center;\r\n\t\t\t\twidth: 33%;\r\n\t\t\t}\r\n\t\t\t#gallery-1 img {\r\n\t\t\t\tborder: 2px solid #cfcfcf;\r\n\t\t\t}\r\n\t\t\t#gallery-1 .gallery-caption {\r\n\t\t\t\tmargin-left: 0;\r\n\t\t\t}\r\n\t\t<\/style>\r\n\t\t<!-- see gallery_shortcode() in wp-includes\/media.php -->\n\t\t<div id='gallery-1' class='gallery galleryid-27282 gallery-columns-3 gallery-size-medium gallery1'><script type=\"text\/javascript\">\r\n\/\/ <![CDATA[\r\n\tjQuery(document).ready(function () {\r\n\t\tjQuery(\".gallery1 a\").attr(\"rel\",\"gallery1\");\t\r\n\t\tjQuery('a[rel=\"gallery1\"]').colorbox({maxWidth:\"95%\", maxHeight:\"95%\",title: function(){ return jQuery(this).children().attr(\"alt\"); }, });\r\n\t});\r\n\/\/ ]]>\r\n<\/script>\n<dl class=\"gallery-item\">\n<dt class=\"gallery-icon\">\r\n<a href=\"https:\/\/www.hrtjisvet.org\/hs\/wp-content\/uploads\/2026\/05\/1000104495.jpg\" title=\"\" rel=\"gallery1\"><img loading=\"lazy\" decoding=\"async\" src=\"https:\/\/www.hrtjisvet.org\/hs\/wp-content\/uploads\/2026\/05\/1000104495-225x300.jpg\" width=\"225\" height=\"300\" alt=\"\" \/><\/a>\r\n<\/dt><\/dl><dl class=\"gallery-item\">\n<dt class=\"gallery-icon\">\r\n<a href=\"https:\/\/www.hrtjisvet.org\/hs\/wp-content\/uploads\/2026\/05\/1000104491.jpg\" title=\"\" rel=\"gallery1\"><img loading=\"lazy\" decoding=\"async\" src=\"https:\/\/www.hrtjisvet.org\/hs\/wp-content\/uploads\/2026\/05\/1000104491-225x300.jpg\" width=\"225\" height=\"300\" alt=\"\" \/><\/a>\r\n<\/dt><\/dl><dl class=\"gallery-item\">\n<dt class=\"gallery-icon\">\r\n<a href=\"https:\/\/www.hrtjisvet.org\/hs\/wp-content\/uploads\/2026\/05\/1000104350.jpg\" title=\"\" rel=\"gallery1\"><img loading=\"lazy\" decoding=\"async\" src=\"https:\/\/www.hrtjisvet.org\/hs\/wp-content\/uploads\/2026\/05\/1000104350-225x300.jpg\" width=\"225\" height=\"300\" alt=\"\" \/><\/a>\r\n<\/dt><\/dl><br style=\"clear: both\" \/><dl class=\"gallery-item\">\n<dt class=\"gallery-icon\">\r\n<a href=\"https:\/\/www.hrtjisvet.org\/hs\/wp-content\/uploads\/2026\/05\/1000104344.jpg\" title=\"\" rel=\"gallery1\"><img loading=\"lazy\" decoding=\"async\" src=\"https:\/\/www.hrtjisvet.org\/hs\/wp-content\/uploads\/2026\/05\/1000104344-225x300.jpg\" width=\"225\" height=\"300\" alt=\"\" \/><\/a>\r\n<\/dt><\/dl><dl class=\"gallery-item\">\n<dt class=\"gallery-icon\">\r\n<a href=\"https:\/\/www.hrtjisvet.org\/hs\/wp-content\/uploads\/2026\/05\/1000104347.jpg\" title=\"\" rel=\"gallery1\"><img loading=\"lazy\" decoding=\"async\" src=\"https:\/\/www.hrtjisvet.org\/hs\/wp-content\/uploads\/2026\/05\/1000104347-225x300.jpg\" width=\"225\" height=\"300\" alt=\"\" \/><\/a>\r\n<\/dt><\/dl><dl class=\"gallery-item\">\n<dt class=\"gallery-icon\">\r\n<a href=\"https:\/\/www.hrtjisvet.org\/hs\/wp-content\/uploads\/2026\/05\/WhatsApp-Image-2026-05-08-at-20.41.12.jpeg\" title=\"\" rel=\"gallery1\"><img loading=\"lazy\" decoding=\"async\" src=\"https:\/\/www.hrtjisvet.org\/hs\/wp-content\/uploads\/2026\/05\/WhatsApp-Image-2026-05-08-at-20.41.12-225x300.jpeg\" width=\"225\" height=\"300\" alt=\"\" \/><\/a>\r\n<\/dt><\/dl><br style=\"clear: both\" \/>\r\n\t\t<\/div>\n\n","protected":false},"excerpt":{"rendered":"<p>Pasma: greyhound Spol: samica Barva: \u010drna. Datum rojstva: 1.9.2021 &nbsp; Miss, s tekmovalnim imenom Kelzomic Miss, je v zaveti\u0161\u010de pri\u0161la maja, med na\u0161im prostovoljnim delom tam. Ni veliko tekmovala, za seboj ima le 10 dirk, tako da je \u010disto pripravljena na to, da za\u010dne u\u017eiva v &#8216;penziji&#8217;. Je prijazna, vesela in navihana greyhoundica, ki ima [&hellip;]<\/p>\n","protected":false},"author":6,"featured_media":0,"parent":0,"menu_order":0,"comment_status":"closed","ping_status":"closed","template":"page-full.php","meta":{"footnotes":""},"class_list":["post-27282","page","type-page","status-publish","hentry"],"_links":{"self":[{"href":"https:\/\/www.hrtjisvet.org\/hs\/wp-json\/wp\/v2\/pages\/27282","targetHints":{"allow":["GET"]}}],"collection":[{"href":"https:\/\/www.hrtjisvet.org\/hs\/wp-json\/wp\/v2\/pages"}],"about":[{"href":"https:\/\/www.hrtjisvet.org\/hs\/wp-json\/wp\/v2\/types\/page"}],"author":[{"embeddable":true,"href":"https:\/\/www.hrtjisvet.org\/hs\/wp-json\/wp\/v2\/users\/6"}],"replies":[{"embeddable":true,"href":"https:\/\/www.hrtjisvet.org\/hs\/wp-json\/wp\/v2\/comments?post=27282"}],"version-history":[{"count":1,"href":"https:\/\/www.hrtjisvet.org\/hs\/wp-json\/wp\/v2\/pages\/27282\/revisions"}],"predecessor-version":[{"id":27290,"href":"https:\/\/www.hrtjisvet.org\/hs\/wp-json\/wp\/v2\/pages\/27282\/revisions\/27290"}],"wp:attachment":[{"href":"https:\/\/www.hrtjisvet.org\/hs\/wp-json\/wp\/v2\/media?parent=27282"}],"curies":[{"name":"wp","href":"https:\/\/api.w.org\/{rel}","templated":true}]}}