{"id":27264,"date":"2026-05-12T06:30:12","date_gmt":"2026-05-12T04:30:12","guid":{"rendered":"https:\/\/www.hrtjisvet.org\/hs\/?page_id=27264"},"modified":"2026-05-12T06:30:12","modified_gmt":"2026-05-12T04:30:12","slug":"greyhoundica-annie","status":"publish","type":"page","link":"https:\/\/www.hrtjisvet.org\/hs\/greyhoundica-annie\/","title":{"rendered":"Greyhoundica Annie"},"content":{"rendered":"<p style=\"text-align: center;\"><strong>Pasma: greyhound <\/strong><br \/>\n<strong>Spol: samica<\/strong><br \/>\n<strong>Barva: \u010drna<\/strong>.<br \/>\n<strong>Datum rojstva: 8.5.2020<\/strong><\/p>\n<div style=\"text-align: center;\"><a  href=\"https:\/\/forms.gle\/fFCpjo1fBNHMqCPJA\"><div class=\"button2\" style=\"background-color: #F70A69\">IZPOLNITE INFORMATIVNI VPRA\u0160ALNIK ZA POSVOJITEV<\/div><\/a><\/div>\n<p>&nbsp;<\/p>\n<hr \/>\n<p><a href=\"https:\/\/www.hrtjisvet.org\/hs\/wp-content\/uploads\/2026\/05\/690614614_122181406976751142_6838147185268042535_n.jpg\"><img loading=\"lazy\" decoding=\"async\" width=\"225\" height=\"300\" class=\"alignright size-medium wp-image-27265\" src=\"https:\/\/www.hrtjisvet.org\/hs\/wp-content\/uploads\/2026\/05\/690614614_122181406976751142_6838147185268042535_n-225x300.jpg\" alt=\"\" srcset=\"https:\/\/www.hrtjisvet.org\/hs\/wp-content\/uploads\/2026\/05\/690614614_122181406976751142_6838147185268042535_n-225x300.jpg 225w, https:\/\/www.hrtjisvet.org\/hs\/wp-content\/uploads\/2026\/05\/690614614_122181406976751142_6838147185268042535_n-768x1024.jpg 768w, https:\/\/www.hrtjisvet.org\/hs\/wp-content\/uploads\/2026\/05\/690614614_122181406976751142_6838147185268042535_n-1152x1536.jpg 1152w, https:\/\/www.hrtjisvet.org\/hs\/wp-content\/uploads\/2026\/05\/690614614_122181406976751142_6838147185268042535_n.jpg 1536w\" sizes=\"auto, (max-width: 225px) 100vw, 225px\" \/><\/a>Annie, s tekmovalnim imenom Outback Annie, je pri\u0161la v zaveti\u0161\u010de med na\u0161im obiskom na Irskem. Za seboj ima dolgo teka\u0161ko kariero, \u0161tartala je na kar 48 dirkah. Po tem je imela \u0161e eno leglo, nato pa so jo oddali v zaveti\u0161\u010de.<br \/>\nJe krasna sami\u010dka, vesela in prijazna. \u017de od prvega dneva nas je veselo pritekla pozdravit, u\u017eivala v bo\u017eanju in dru\u017ebi. Na sprehodu je hodila lepo, z drugimi greyhoundi se je super razumela.<br \/>\nTrenutno ima nekaj kilogramov preve\u010d, tako da verjamemo, da se bo v novem domu tudi malce razigrala, saj je v najbolj\u0161ih letih &#8211; 8. maja, ravno med na\u0161im obiskom, je imela \u0161esti rojstni dan.<\/p>\n<p>Annie i\u0161\u010de \u010disto svoj kav\u010d!<\/p>\n<hr \/>\n\r\n\t\t<style type='text\/css'>\r\n\t\t\t#gallery-1 {\r\n\t\t\t\tmargin: auto;\r\n\t\t\t}\r\n\t\t\t#gallery-1 .gallery-item {\r\n\t\t\t\tfloat: left;\r\n\t\t\t\tmargin-top: 10px;\r\n\t\t\t\ttext-align: center;\r\n\t\t\t\twidth: 33%;\r\n\t\t\t}\r\n\t\t\t#gallery-1 img {\r\n\t\t\t\tborder: 2px solid #cfcfcf;\r\n\t\t\t}\r\n\t\t\t#gallery-1 .gallery-caption {\r\n\t\t\t\tmargin-left: 0;\r\n\t\t\t}\r\n\t\t<\/style>\r\n\t\t<!-- see gallery_shortcode() in wp-includes\/media.php -->\n\t\t<div id='gallery-1' class='gallery galleryid-27264 gallery-columns-3 gallery-size-medium gallery1'><script type=\"text\/javascript\">\r\n\/\/ <![CDATA[\r\n\tjQuery(document).ready(function () {\r\n\t\tjQuery(\".gallery1 a\").attr(\"rel\",\"gallery1\");\t\r\n\t\tjQuery('a[rel=\"gallery1\"]').colorbox({maxWidth:\"95%\", maxHeight:\"95%\",title: function(){ return jQuery(this).children().attr(\"alt\"); }, });\r\n\t});\r\n\/\/ ]]>\r\n<\/script>\n<dl class=\"gallery-item\">\n<dt class=\"gallery-icon\">\r\n<a href=\"https:\/\/www.hrtjisvet.org\/hs\/wp-content\/uploads\/2026\/05\/WhatsApp-Image-2026-05-09-at-12.37.45.jpeg\" title=\"\" rel=\"gallery1\"><img loading=\"lazy\" decoding=\"async\" src=\"https:\/\/www.hrtjisvet.org\/hs\/wp-content\/uploads\/2026\/05\/WhatsApp-Image-2026-05-09-at-12.37.45-225x300.jpeg\" width=\"225\" height=\"300\" alt=\"\" \/><\/a>\r\n<\/dt><\/dl><dl class=\"gallery-item\">\n<dt class=\"gallery-icon\">\r\n<a href=\"https:\/\/www.hrtjisvet.org\/hs\/wp-content\/uploads\/2026\/05\/WhatsApp-Image-2026-05-09-at-12.37.46.jpeg\" title=\"\" rel=\"gallery1\"><img loading=\"lazy\" decoding=\"async\" src=\"https:\/\/www.hrtjisvet.org\/hs\/wp-content\/uploads\/2026\/05\/WhatsApp-Image-2026-05-09-at-12.37.46-225x300.jpeg\" width=\"225\" height=\"300\" alt=\"\" \/><\/a>\r\n<\/dt><\/dl><dl class=\"gallery-item\">\n<dt class=\"gallery-icon\">\r\n<a href=\"https:\/\/www.hrtjisvet.org\/hs\/wp-content\/uploads\/2026\/05\/WhatsApp-Image-2026-05-09-at-12.37.29.jpeg\" title=\"\" rel=\"gallery1\"><img loading=\"lazy\" decoding=\"async\" src=\"https:\/\/www.hrtjisvet.org\/hs\/wp-content\/uploads\/2026\/05\/WhatsApp-Image-2026-05-09-at-12.37.29-225x300.jpeg\" width=\"225\" height=\"300\" alt=\"\" \/><\/a>\r\n<\/dt><\/dl><br style=\"clear: both\" \/><dl class=\"gallery-item\">\n<dt class=\"gallery-icon\">\r\n<a href=\"https:\/\/www.hrtjisvet.org\/hs\/wp-content\/uploads\/2026\/05\/WhatsApp-Image-2026-05-09-at-12.37.57.jpeg\" title=\"\" rel=\"gallery1\"><img loading=\"lazy\" decoding=\"async\" src=\"https:\/\/www.hrtjisvet.org\/hs\/wp-content\/uploads\/2026\/05\/WhatsApp-Image-2026-05-09-at-12.37.57-225x300.jpeg\" width=\"225\" height=\"300\" alt=\"\" \/><\/a>\r\n<\/dt><\/dl><dl class=\"gallery-item\">\n<dt class=\"gallery-icon\">\r\n<a href=\"https:\/\/www.hrtjisvet.org\/hs\/wp-content\/uploads\/2026\/05\/690614614_122181406976751142_6838147185268042535_n.jpg\" title=\"\" rel=\"gallery1\"><img loading=\"lazy\" decoding=\"async\" src=\"https:\/\/www.hrtjisvet.org\/hs\/wp-content\/uploads\/2026\/05\/690614614_122181406976751142_6838147185268042535_n-225x300.jpg\" width=\"225\" height=\"300\" alt=\"\" \/><\/a>\r\n<\/dt><\/dl>\r\n\t\t\t<br style='clear: both' \/>\r\n\t\t<\/div>\n\n","protected":false},"excerpt":{"rendered":"<p>Pasma: greyhound Spol: samica Barva: \u010drna. Datum rojstva: 8.5.2020 &nbsp; Annie, s tekmovalnim imenom Outback Annie, je pri\u0161la v zaveti\u0161\u010de med na\u0161im obiskom na Irskem. Za seboj ima dolgo teka\u0161ko kariero, \u0161tartala je na kar 48 dirkah. Po tem je imela \u0161e eno leglo, nato pa so jo oddali v zaveti\u0161\u010de. Je krasna sami\u010dka, vesela [&hellip;]<\/p>\n","protected":false},"author":6,"featured_media":0,"parent":0,"menu_order":0,"comment_status":"closed","ping_status":"closed","template":"page-full.php","meta":{"footnotes":""},"class_list":["post-27264","page","type-page","status-publish","hentry"],"_links":{"self":[{"href":"https:\/\/www.hrtjisvet.org\/hs\/wp-json\/wp\/v2\/pages\/27264","targetHints":{"allow":["GET"]}}],"collection":[{"href":"https:\/\/www.hrtjisvet.org\/hs\/wp-json\/wp\/v2\/pages"}],"about":[{"href":"https:\/\/www.hrtjisvet.org\/hs\/wp-json\/wp\/v2\/types\/page"}],"author":[{"embeddable":true,"href":"https:\/\/www.hrtjisvet.org\/hs\/wp-json\/wp\/v2\/users\/6"}],"replies":[{"embeddable":true,"href":"https:\/\/www.hrtjisvet.org\/hs\/wp-json\/wp\/v2\/comments?post=27264"}],"version-history":[{"count":1,"href":"https:\/\/www.hrtjisvet.org\/hs\/wp-json\/wp\/v2\/pages\/27264\/revisions"}],"predecessor-version":[{"id":27271,"href":"https:\/\/www.hrtjisvet.org\/hs\/wp-json\/wp\/v2\/pages\/27264\/revisions\/27271"}],"wp:attachment":[{"href":"https:\/\/www.hrtjisvet.org\/hs\/wp-json\/wp\/v2\/media?parent=27264"}],"curies":[{"name":"wp","href":"https:\/\/api.w.org\/{rel}","templated":true}]}}