{"id":27209,"date":"2026-04-24T07:48:06","date_gmt":"2026-04-24T05:48:06","guid":{"rendered":"https:\/\/www.hrtjisvet.org\/hs\/?page_id=27209"},"modified":"2026-04-24T07:48:06","modified_gmt":"2026-04-24T05:48:06","slug":"galga-roci","status":"publish","type":"page","link":"https:\/\/www.hrtjisvet.org\/hs\/galga-roci\/","title":{"rendered":"Galga Roci"},"content":{"rendered":"<p style=\"text-align: center;\"><strong>Pasma: galgo <\/strong><br \/>\n<strong>Spol: samica <\/strong><br \/>\n<strong>Barva: belo-\u010drna <\/strong><br \/>\n<strong>Datum rojstva: 12.6.2021<\/strong><\/p>\n<div style=\"text-align: center;\"><a  href=\"https:\/\/forms.gle\/fFCpjo1fBNHMqCPJA\"><div class=\"button2\" style=\"background-color: #F70A69\">IZPOLNITE INFORMATIVNI VPRA\u0160ALNIK ZA POSVOJITEV<\/div><\/a><\/div>\n<p>&nbsp;<\/p>\n<hr \/>\n<p><a href=\"https:\/\/www.hrtjisvet.org\/hs\/wp-content\/uploads\/2026\/04\/IMG-20260302-WA0035.jpg\"><img loading=\"lazy\" decoding=\"async\" width=\"225\" height=\"300\" class=\"alignright size-medium wp-image-27210\" src=\"https:\/\/www.hrtjisvet.org\/hs\/wp-content\/uploads\/2026\/04\/IMG-20260302-WA0035-225x300.jpg\" alt=\"\" srcset=\"https:\/\/www.hrtjisvet.org\/hs\/wp-content\/uploads\/2026\/04\/IMG-20260302-WA0035-225x300.jpg 225w, https:\/\/www.hrtjisvet.org\/hs\/wp-content\/uploads\/2026\/04\/IMG-20260302-WA0035-768x1024.jpg 768w, https:\/\/www.hrtjisvet.org\/hs\/wp-content\/uploads\/2026\/04\/IMG-20260302-WA0035-1152x1536.jpg 1152w, https:\/\/www.hrtjisvet.org\/hs\/wp-content\/uploads\/2026\/04\/IMG-20260302-WA0035.jpg 1500w\" sizes=\"auto, (max-width: 225px) 100vw, 225px\" \/><\/a>Roci je srednje velika galgina belo \u010drne barve, ki takoj pritegne pogled. Je zelo vesela, prijazna in ne\u017ena psi\u010dka, ki se ves \u010das smuka nekje okrog tebe in si nevsiljivo \u017eeli pozornosti. Nas je takoj o\u010darala.<br \/>\nLepo se razume z drugimi psi, pri testu z ma\u010dki je pokazala malce preve\u010d zanimanja, da bi si upali re\u010di, da pri navajanju ne bi bilo te\u017eav.<br \/>\nV zaveti\u0161\u010de je prispela v februarju, s transportom iz juga \u0160panije.<br \/>\nZelo simpati\u010dna galgina je \u010disto pripravljena na skok v nov dom.<\/p>\n<hr \/>\n\r\n\t\t<style type='text\/css'>\r\n\t\t\t#gallery-1 {\r\n\t\t\t\tmargin: auto;\r\n\t\t\t}\r\n\t\t\t#gallery-1 .gallery-item {\r\n\t\t\t\tfloat: left;\r\n\t\t\t\tmargin-top: 10px;\r\n\t\t\t\ttext-align: center;\r\n\t\t\t\twidth: 33%;\r\n\t\t\t}\r\n\t\t\t#gallery-1 img {\r\n\t\t\t\tborder: 2px solid #cfcfcf;\r\n\t\t\t}\r\n\t\t\t#gallery-1 .gallery-caption {\r\n\t\t\t\tmargin-left: 0;\r\n\t\t\t}\r\n\t\t<\/style>\r\n\t\t<!-- see gallery_shortcode() in wp-includes\/media.php -->\n\t\t<div id='gallery-1' class='gallery galleryid-27209 gallery-columns-3 gallery-size-medium gallery1'><script type=\"text\/javascript\">\r\n\/\/ <![CDATA[\r\n\tjQuery(document).ready(function () {\r\n\t\tjQuery(\".gallery1 a\").attr(\"rel\",\"gallery1\");\t\r\n\t\tjQuery('a[rel=\"gallery1\"]').colorbox({maxWidth:\"95%\", maxHeight:\"95%\",title: function(){ return jQuery(this).children().attr(\"alt\"); }, });\r\n\t});\r\n\/\/ ]]>\r\n<\/script>\n<dl class=\"gallery-item\">\n<dt class=\"gallery-icon\">\r\n<a href=\"https:\/\/www.hrtjisvet.org\/hs\/wp-content\/uploads\/2026\/04\/IMG-20260302-WA0036.jpg\" title=\"\" rel=\"gallery1\"><img loading=\"lazy\" decoding=\"async\" src=\"https:\/\/www.hrtjisvet.org\/hs\/wp-content\/uploads\/2026\/04\/IMG-20260302-WA0036-300x225.jpg\" width=\"300\" height=\"225\" alt=\"\" \/><\/a>\r\n<\/dt><\/dl><dl class=\"gallery-item\">\n<dt class=\"gallery-icon\">\r\n<a href=\"https:\/\/www.hrtjisvet.org\/hs\/wp-content\/uploads\/2026\/04\/IMG-20260302-WA0037.jpg\" title=\"\" rel=\"gallery1\"><img loading=\"lazy\" decoding=\"async\" src=\"https:\/\/www.hrtjisvet.org\/hs\/wp-content\/uploads\/2026\/04\/IMG-20260302-WA0037-300x225.jpg\" width=\"300\" height=\"225\" alt=\"\" \/><\/a>\r\n<\/dt><\/dl><dl class=\"gallery-item\">\n<dt class=\"gallery-icon\">\r\n<a href=\"https:\/\/www.hrtjisvet.org\/hs\/wp-content\/uploads\/2026\/04\/IMG-20260302-WA0035.jpg\" title=\"\" rel=\"gallery1\"><img loading=\"lazy\" decoding=\"async\" src=\"https:\/\/www.hrtjisvet.org\/hs\/wp-content\/uploads\/2026\/04\/IMG-20260302-WA0035-225x300.jpg\" width=\"225\" height=\"300\" alt=\"\" \/><\/a>\r\n<\/dt><\/dl><br style=\"clear: both\" \/>\r\n\t\t<\/div>\n\n","protected":false},"excerpt":{"rendered":"<p>Pasma: galgo Spol: samica Barva: belo-\u010drna Datum rojstva: 12.6.2021 &nbsp; Roci je srednje velika galgina belo \u010drne barve, ki takoj pritegne pogled. Je zelo vesela, prijazna in ne\u017ena psi\u010dka, ki se ves \u010das smuka nekje okrog tebe in si nevsiljivo \u017eeli pozornosti. Nas je takoj o\u010darala. Lepo se razume z drugimi psi, pri testu z [&hellip;]<\/p>\n","protected":false},"author":6,"featured_media":0,"parent":0,"menu_order":0,"comment_status":"closed","ping_status":"closed","template":"page-full.php","meta":{"footnotes":""},"class_list":["post-27209","page","type-page","status-publish","hentry"],"_links":{"self":[{"href":"https:\/\/www.hrtjisvet.org\/hs\/wp-json\/wp\/v2\/pages\/27209","targetHints":{"allow":["GET"]}}],"collection":[{"href":"https:\/\/www.hrtjisvet.org\/hs\/wp-json\/wp\/v2\/pages"}],"about":[{"href":"https:\/\/www.hrtjisvet.org\/hs\/wp-json\/wp\/v2\/types\/page"}],"author":[{"embeddable":true,"href":"https:\/\/www.hrtjisvet.org\/hs\/wp-json\/wp\/v2\/users\/6"}],"replies":[{"embeddable":true,"href":"https:\/\/www.hrtjisvet.org\/hs\/wp-json\/wp\/v2\/comments?post=27209"}],"version-history":[{"count":1,"href":"https:\/\/www.hrtjisvet.org\/hs\/wp-json\/wp\/v2\/pages\/27209\/revisions"}],"predecessor-version":[{"id":27213,"href":"https:\/\/www.hrtjisvet.org\/hs\/wp-json\/wp\/v2\/pages\/27209\/revisions\/27213"}],"wp:attachment":[{"href":"https:\/\/www.hrtjisvet.org\/hs\/wp-json\/wp\/v2\/media?parent=27209"}],"curies":[{"name":"wp","href":"https:\/\/api.w.org\/{rel}","templated":true}]}}