{"id":27187,"date":"2026-04-01T09:40:53","date_gmt":"2026-04-01T07:40:53","guid":{"rendered":"https:\/\/www.hrtjisvet.org\/hs\/?page_id=27187"},"modified":"2026-04-01T09:40:53","modified_gmt":"2026-04-01T07:40:53","slug":"galgo-ganimedes","status":"publish","type":"page","link":"https:\/\/www.hrtjisvet.org\/hs\/galgo-ganimedes\/","title":{"rendered":"Galgo Ganimedes"},"content":{"rendered":"<p style=\"text-align: center;\"><strong>Pasma: galgo <\/strong><br \/>\n<strong>Spol: samec <\/strong><br \/>\n<strong>Barva: rjava <\/strong><br \/>\n<strong>Datum rojstva: 1.12.2023<\/strong><\/p>\n<div style=\"text-align: center;\"><a  href=\"https:\/\/forms.gle\/fFCpjo1fBNHMqCPJA\"><div class=\"button2\" style=\"background-color: #F70A69\">IZPOLNITE INFORMATIVNI VPRA\u0160ALNIK ZA POSVOJITEV<\/div><\/a><\/div>\n<p>&nbsp;<\/p>\n<hr \/>\n<p><a href=\"https:\/\/www.hrtjisvet.org\/hs\/wp-content\/uploads\/2026\/04\/ga.jpeg\"><img loading=\"lazy\" decoding=\"async\" width=\"252\" height=\"300\" class=\"alignright size-medium wp-image-27192\" src=\"https:\/\/www.hrtjisvet.org\/hs\/wp-content\/uploads\/2026\/04\/ga-252x300.jpeg\" alt=\"\" srcset=\"https:\/\/www.hrtjisvet.org\/hs\/wp-content\/uploads\/2026\/04\/ga-252x300.jpeg 252w, https:\/\/www.hrtjisvet.org\/hs\/wp-content\/uploads\/2026\/04\/ga-859x1024.jpeg 859w, https:\/\/www.hrtjisvet.org\/hs\/wp-content\/uploads\/2026\/04\/ga-768x915.jpeg 768w, https:\/\/www.hrtjisvet.org\/hs\/wp-content\/uploads\/2026\/04\/ga.jpeg 1118w\" sizes=\"auto, (max-width: 252px) 100vw, 252px\" \/><\/a>Ganimedes je srednje velik galgo, tehta 25kg, lisi\u010dje barve. Je zelo, zelo vesel in prijazen sam\u010dek. Takoj prite\u010de do tebe, sko\u010di nate, se stisne k tebi in u\u017eiva v \u010dlove\u0161ki dru\u017ebi in bli\u017eini. Z drugimi psi se dobro razume.<br \/>\nJe res simpati\u010den sam\u010dek, ki takoj pritegne pozornost, ne samo s posebnim izgledom, ampak predvsem z neobremenjenim karakterjem.<br \/>\nTekom na\u0161ega obiska smo opravili tudi preizkus z ma\u010dki, na katerem se ni dobro obnesel \u2013 \u010disto preve\u010d so ga zanimale, zato zanj i\u0161\u010demo dom brez njih.<br \/>\nGanimedes je pravo sonce \u2013 svojim posvojiteljem bo res popestril \u017eivljenje!<\/p>\n<hr \/>\n\r\n\t\t<style type='text\/css'>\r\n\t\t\t#gallery-1 {\r\n\t\t\t\tmargin: auto;\r\n\t\t\t}\r\n\t\t\t#gallery-1 .gallery-item {\r\n\t\t\t\tfloat: left;\r\n\t\t\t\tmargin-top: 10px;\r\n\t\t\t\ttext-align: center;\r\n\t\t\t\twidth: 33%;\r\n\t\t\t}\r\n\t\t\t#gallery-1 img {\r\n\t\t\t\tborder: 2px solid #cfcfcf;\r\n\t\t\t}\r\n\t\t\t#gallery-1 .gallery-caption {\r\n\t\t\t\tmargin-left: 0;\r\n\t\t\t}\r\n\t\t<\/style>\r\n\t\t<!-- see gallery_shortcode() in wp-includes\/media.php -->\n\t\t<div id='gallery-1' class='gallery galleryid-27187 gallery-columns-3 gallery-size-medium gallery1'><script type=\"text\/javascript\">\r\n\/\/ <![CDATA[\r\n\tjQuery(document).ready(function () {\r\n\t\tjQuery(\".gallery1 a\").attr(\"rel\",\"gallery1\");\t\r\n\t\tjQuery('a[rel=\"gallery1\"]').colorbox({maxWidth:\"95%\", maxHeight:\"95%\",title: function(){ return jQuery(this).children().attr(\"alt\"); }, });\r\n\t});\r\n\/\/ ]]>\r\n<\/script>\n<dl class=\"gallery-item\">\n<dt class=\"gallery-icon\">\r\n<a href=\"https:\/\/www.hrtjisvet.org\/hs\/wp-content\/uploads\/2026\/04\/gan.jpeg\" title=\"\" rel=\"gallery1\"><img loading=\"lazy\" decoding=\"async\" src=\"https:\/\/www.hrtjisvet.org\/hs\/wp-content\/uploads\/2026\/04\/gan-300x300.jpeg\" width=\"300\" height=\"300\" alt=\"\" \/><\/a>\r\n<\/dt><\/dl><dl class=\"gallery-item\">\n<dt class=\"gallery-icon\">\r\n<a href=\"https:\/\/www.hrtjisvet.org\/hs\/wp-content\/uploads\/2026\/04\/ga.jpeg\" title=\"\" rel=\"gallery1\"><img loading=\"lazy\" decoding=\"async\" src=\"https:\/\/www.hrtjisvet.org\/hs\/wp-content\/uploads\/2026\/04\/ga-252x300.jpeg\" width=\"252\" height=\"300\" alt=\"\" \/><\/a>\r\n<\/dt><\/dl><dl class=\"gallery-item\">\n<dt class=\"gallery-icon\">\r\n<a href=\"https:\/\/www.hrtjisvet.org\/hs\/wp-content\/uploads\/2026\/04\/ganime.jpeg\" title=\"\" rel=\"gallery1\"><img loading=\"lazy\" decoding=\"async\" src=\"https:\/\/www.hrtjisvet.org\/hs\/wp-content\/uploads\/2026\/04\/ganime-246x300.jpeg\" width=\"246\" height=\"300\" alt=\"\" \/><\/a>\r\n<\/dt><\/dl><br style=\"clear: both\" \/><dl class=\"gallery-item\">\n<dt class=\"gallery-icon\">\r\n<a href=\"https:\/\/www.hrtjisvet.org\/hs\/wp-content\/uploads\/2026\/04\/g.jpeg\" title=\"\" rel=\"gallery1\"><img loading=\"lazy\" decoding=\"async\" src=\"https:\/\/www.hrtjisvet.org\/hs\/wp-content\/uploads\/2026\/04\/g-225x300.jpeg\" width=\"225\" height=\"300\" alt=\"\" \/><\/a>\r\n<\/dt><\/dl><dl class=\"gallery-item\">\n<dt class=\"gallery-icon\">\r\n<a href=\"https:\/\/www.hrtjisvet.org\/hs\/wp-content\/uploads\/2026\/04\/ganim.jpeg\" title=\"\" rel=\"gallery1\"><img loading=\"lazy\" decoding=\"async\" src=\"https:\/\/www.hrtjisvet.org\/hs\/wp-content\/uploads\/2026\/04\/ganim-297x300.jpeg\" width=\"297\" height=\"300\" alt=\"\" \/><\/a>\r\n<\/dt><\/dl><dl class=\"gallery-item\">\n<dt class=\"gallery-icon\">\r\n<a href=\"https:\/\/www.hrtjisvet.org\/hs\/wp-content\/uploads\/2026\/04\/WhatsApp-Image-2026-04-01-at-09.07.08.jpeg\" title=\"\" rel=\"gallery1\"><img loading=\"lazy\" decoding=\"async\" src=\"https:\/\/www.hrtjisvet.org\/hs\/wp-content\/uploads\/2026\/04\/WhatsApp-Image-2026-04-01-at-09.07.08-265x300.jpeg\" width=\"265\" height=\"300\" alt=\"\" \/><\/a>\r\n<\/dt><\/dl><br style=\"clear: both\" \/>\r\n\t\t<\/div>\n\n","protected":false},"excerpt":{"rendered":"<p>Pasma: galgo Spol: samec Barva: rjava Datum rojstva: 1.12.2023 &nbsp; Ganimedes je srednje velik galgo, tehta 25kg, lisi\u010dje barve. Je zelo, zelo vesel in prijazen sam\u010dek. Takoj prite\u010de do tebe, sko\u010di nate, se stisne k tebi in u\u017eiva v \u010dlove\u0161ki dru\u017ebi in bli\u017eini. Z drugimi psi se dobro razume. Je res simpati\u010den sam\u010dek, ki takoj [&hellip;]<\/p>\n","protected":false},"author":6,"featured_media":0,"parent":0,"menu_order":0,"comment_status":"closed","ping_status":"closed","template":"page-full.php","meta":{"footnotes":""},"class_list":["post-27187","page","type-page","status-publish","hentry"],"_links":{"self":[{"href":"https:\/\/www.hrtjisvet.org\/hs\/wp-json\/wp\/v2\/pages\/27187","targetHints":{"allow":["GET"]}}],"collection":[{"href":"https:\/\/www.hrtjisvet.org\/hs\/wp-json\/wp\/v2\/pages"}],"about":[{"href":"https:\/\/www.hrtjisvet.org\/hs\/wp-json\/wp\/v2\/types\/page"}],"author":[{"embeddable":true,"href":"https:\/\/www.hrtjisvet.org\/hs\/wp-json\/wp\/v2\/users\/6"}],"replies":[{"embeddable":true,"href":"https:\/\/www.hrtjisvet.org\/hs\/wp-json\/wp\/v2\/comments?post=27187"}],"version-history":[{"count":1,"href":"https:\/\/www.hrtjisvet.org\/hs\/wp-json\/wp\/v2\/pages\/27187\/revisions"}],"predecessor-version":[{"id":27194,"href":"https:\/\/www.hrtjisvet.org\/hs\/wp-json\/wp\/v2\/pages\/27187\/revisions\/27194"}],"wp:attachment":[{"href":"https:\/\/www.hrtjisvet.org\/hs\/wp-json\/wp\/v2\/media?parent=27187"}],"curies":[{"name":"wp","href":"https:\/\/api.w.org\/{rel}","templated":true}]}}