{"id":27163,"date":"2026-03-29T19:16:22","date_gmt":"2026-03-29T17:16:22","guid":{"rendered":"https:\/\/www.hrtjisvet.org\/hs\/?page_id=27163"},"modified":"2026-03-29T19:18:55","modified_gmt":"2026-03-29T17:18:55","slug":"galga-brusa","status":"publish","type":"page","link":"https:\/\/www.hrtjisvet.org\/hs\/galga-brusa\/","title":{"rendered":"Galga Brusa"},"content":{"rendered":"<p style=\"text-align: center;\"><strong>Pasma: galgo <\/strong><br \/>\n<strong>Spol: samica <\/strong><br \/>\n<strong>Barva: brindle<\/strong><br \/>\n<strong>Datum rojstva: 1.3.2019<\/strong><\/p>\n<div style=\"text-align: center;\"><a  href=\"https:\/\/forms.gle\/fFCpjo1fBNHMqCPJA\"><div class=\"button2\" style=\"background-color: #F70A69\">IZPOLNITE INFORMATIVNI VPRA\u0160ALNIK ZA POSVOJITEV<\/div><\/a><\/div>\n<p>&nbsp;<\/p>\n<hr \/>\n<p><a href=\"https:\/\/www.hrtjisvet.org\/hs\/wp-content\/uploads\/2026\/03\/WhatsApp-Image-2026-03-03-at-16.04.59.jpeg\"><img loading=\"lazy\" decoding=\"async\" width=\"225\" height=\"300\" class=\"alignright size-medium wp-image-27175\" src=\"https:\/\/www.hrtjisvet.org\/hs\/wp-content\/uploads\/2026\/03\/WhatsApp-Image-2026-03-03-at-16.04.59-225x300.jpeg\" alt=\"\" srcset=\"https:\/\/www.hrtjisvet.org\/hs\/wp-content\/uploads\/2026\/03\/WhatsApp-Image-2026-03-03-at-16.04.59-225x300.jpeg 225w, https:\/\/www.hrtjisvet.org\/hs\/wp-content\/uploads\/2026\/03\/WhatsApp-Image-2026-03-03-at-16.04.59-768x1024.jpeg 768w, https:\/\/www.hrtjisvet.org\/hs\/wp-content\/uploads\/2026\/03\/WhatsApp-Image-2026-03-03-at-16.04.59-1152x1536.jpeg 1152w, https:\/\/www.hrtjisvet.org\/hs\/wp-content\/uploads\/2026\/03\/WhatsApp-Image-2026-03-03-at-16.04.59.jpeg 1200w\" sizes=\"auto, (max-width: 225px) 100vw, 225px\" \/><\/a>Lavanda je srednje velika galgina brindle barve, z nekaj sivine po obrazu, ki tehta 23 kg. V zaveti\u0161\u010de je prispela v za\u010detku februarja, s transportom iz juga \u0160panije.<\/p>\n<p>Je vesela, skulirana prijazna in radovedna galgina, ki nas je vedno pri\u0161la pozdravit in bila nekje v bli\u017eini. Tekom obiska smo jo tudi nekajkrat peljali iz ograde, po zaveti\u0161\u010du je na povodcu hodila lepo.<\/p>\n<p>Krasi jo stabilen in umirjen karakter.<\/p>\n<p>Z drugimi psi se lepo razume, razen pri hranjenju ne, takrat je potrebno biti previden &#8211; ampak v ve\u010dini primerov je to odraz &#8216;borbe&#8217; za hrano v zaveti\u0161\u010du in v doma\u010dem okolju izzveni, potreba pa bo seveda previdnost na za\u010detku, \u010de bo bivala z drugim psom.<\/p>\n<p>Ve\u010d kot pripravljena na skok na svoj kav\u010d!<\/p>\n<hr \/>\n\r\n\t\t<style type='text\/css'>\r\n\t\t\t#gallery-1 {\r\n\t\t\t\tmargin: auto;\r\n\t\t\t}\r\n\t\t\t#gallery-1 .gallery-item {\r\n\t\t\t\tfloat: left;\r\n\t\t\t\tmargin-top: 10px;\r\n\t\t\t\ttext-align: center;\r\n\t\t\t\twidth: 33%;\r\n\t\t\t}\r\n\t\t\t#gallery-1 img {\r\n\t\t\t\tborder: 2px solid #cfcfcf;\r\n\t\t\t}\r\n\t\t\t#gallery-1 .gallery-caption {\r\n\t\t\t\tmargin-left: 0;\r\n\t\t\t}\r\n\t\t<\/style>\r\n\t\t<!-- see gallery_shortcode() in wp-includes\/media.php -->\n\t\t<div id='gallery-1' class='gallery galleryid-27163 gallery-columns-3 gallery-size-medium gallery1'><script type=\"text\/javascript\">\r\n\/\/ <![CDATA[\r\n\tjQuery(document).ready(function () {\r\n\t\tjQuery(\".gallery1 a\").attr(\"rel\",\"gallery1\");\t\r\n\t\tjQuery('a[rel=\"gallery1\"]').colorbox({maxWidth:\"95%\", maxHeight:\"95%\",title: function(){ return jQuery(this).children().attr(\"alt\"); }, });\r\n\t});\r\n\/\/ ]]>\r\n<\/script>\n<dl class=\"gallery-item\">\n<dt class=\"gallery-icon\">\r\n<a href=\"https:\/\/www.hrtjisvet.org\/hs\/wp-content\/uploads\/2026\/03\/WhatsApp-Image-2026-03-03-at-16.04.59.jpeg\" title=\"\" rel=\"gallery1\"><img loading=\"lazy\" decoding=\"async\" src=\"https:\/\/www.hrtjisvet.org\/hs\/wp-content\/uploads\/2026\/03\/WhatsApp-Image-2026-03-03-at-16.04.59-225x300.jpeg\" width=\"225\" height=\"300\" alt=\"\" \/><\/a>\r\n<\/dt><\/dl><dl class=\"gallery-item\">\n<dt class=\"gallery-icon\">\r\n<a href=\"https:\/\/www.hrtjisvet.org\/hs\/wp-content\/uploads\/2026\/03\/WhatsApp-Image-2026-03-03-at-16.05.001.jpeg\" title=\"\" rel=\"gallery1\"><img loading=\"lazy\" decoding=\"async\" src=\"https:\/\/www.hrtjisvet.org\/hs\/wp-content\/uploads\/2026\/03\/WhatsApp-Image-2026-03-03-at-16.05.001-225x300.jpeg\" width=\"225\" height=\"300\" alt=\"\" \/><\/a>\r\n<\/dt><\/dl><dl class=\"gallery-item\">\n<dt class=\"gallery-icon\">\r\n<a href=\"https:\/\/www.hrtjisvet.org\/hs\/wp-content\/uploads\/2026\/03\/WhatsApp-Image-2026-03-03-at-16.05.003.jpeg\" title=\"\" rel=\"gallery1\"><img loading=\"lazy\" decoding=\"async\" src=\"https:\/\/www.hrtjisvet.org\/hs\/wp-content\/uploads\/2026\/03\/WhatsApp-Image-2026-03-03-at-16.05.003-225x300.jpeg\" width=\"225\" height=\"300\" alt=\"\" \/><\/a>\r\n<\/dt><\/dl><br style=\"clear: both\" \/><dl class=\"gallery-item\">\n<dt class=\"gallery-icon\">\r\n<a href=\"https:\/\/www.hrtjisvet.org\/hs\/wp-content\/uploads\/2026\/03\/WhatsApp-Image-2026-03-03-at-16.05.0.jpeg\" title=\"\" rel=\"gallery1\"><img loading=\"lazy\" decoding=\"async\" src=\"https:\/\/www.hrtjisvet.org\/hs\/wp-content\/uploads\/2026\/03\/WhatsApp-Image-2026-03-03-at-16.05.0-225x300.jpeg\" width=\"225\" height=\"300\" alt=\"\" \/><\/a>\r\n<\/dt><\/dl><dl class=\"gallery-item\">\n<dt class=\"gallery-icon\">\r\n<a href=\"https:\/\/www.hrtjisvet.org\/hs\/wp-content\/uploads\/2026\/03\/WhatsApp-Image-2026-03-03-at-16.05.002.jpeg\" title=\"\" rel=\"gallery1\"><img loading=\"lazy\" decoding=\"async\" src=\"https:\/\/www.hrtjisvet.org\/hs\/wp-content\/uploads\/2026\/03\/WhatsApp-Image-2026-03-03-at-16.05.002-225x300.jpeg\" width=\"225\" height=\"300\" alt=\"\" \/><\/a>\r\n<\/dt><\/dl>\r\n\t\t\t<br style='clear: both' \/>\r\n\t\t<\/div>\n\n","protected":false},"excerpt":{"rendered":"<p>Pasma: galgo Spol: samica Barva: brindle Datum rojstva: 1.3.2019 &nbsp; Lavanda je srednje velika galgina brindle barve, z nekaj sivine po obrazu, ki tehta 23 kg. V zaveti\u0161\u010de je prispela v za\u010detku februarja, s transportom iz juga \u0160panije. Je vesela, skulirana prijazna in radovedna galgina, ki nas je vedno pri\u0161la pozdravit in bila nekje v [&hellip;]<\/p>\n","protected":false},"author":6,"featured_media":0,"parent":0,"menu_order":0,"comment_status":"closed","ping_status":"closed","template":"page-full.php","meta":{"footnotes":""},"class_list":["post-27163","page","type-page","status-publish","hentry"],"_links":{"self":[{"href":"https:\/\/www.hrtjisvet.org\/hs\/wp-json\/wp\/v2\/pages\/27163","targetHints":{"allow":["GET"]}}],"collection":[{"href":"https:\/\/www.hrtjisvet.org\/hs\/wp-json\/wp\/v2\/pages"}],"about":[{"href":"https:\/\/www.hrtjisvet.org\/hs\/wp-json\/wp\/v2\/types\/page"}],"author":[{"embeddable":true,"href":"https:\/\/www.hrtjisvet.org\/hs\/wp-json\/wp\/v2\/users\/6"}],"replies":[{"embeddable":true,"href":"https:\/\/www.hrtjisvet.org\/hs\/wp-json\/wp\/v2\/comments?post=27163"}],"version-history":[{"count":3,"href":"https:\/\/www.hrtjisvet.org\/hs\/wp-json\/wp\/v2\/pages\/27163\/revisions"}],"predecessor-version":[{"id":27176,"href":"https:\/\/www.hrtjisvet.org\/hs\/wp-json\/wp\/v2\/pages\/27163\/revisions\/27176"}],"wp:attachment":[{"href":"https:\/\/www.hrtjisvet.org\/hs\/wp-json\/wp\/v2\/media?parent=27163"}],"curies":[{"name":"wp","href":"https:\/\/api.w.org\/{rel}","templated":true}]}}