{"id":27146,"date":"2026-03-29T19:09:16","date_gmt":"2026-03-29T17:09:16","guid":{"rendered":"https:\/\/www.hrtjisvet.org\/hs\/?page_id=27146"},"modified":"2026-03-29T19:09:16","modified_gmt":"2026-03-29T17:09:16","slug":"greyhound-surgeon","status":"publish","type":"page","link":"https:\/\/www.hrtjisvet.org\/hs\/greyhound-surgeon\/","title":{"rendered":"Greyhound Surgeon"},"content":{"rendered":"<p style=\"text-align: center;\"><strong>Pasma: greyhound <\/strong><br \/>\n<strong>Spol: samec<\/strong><br \/>\n<strong>Barva: belo \u010drna<\/strong>.<br \/>\n<strong>Datum rojstva: 5.2.2023<\/strong><\/p>\n<div style=\"text-align: center;\"><a  href=\"https:\/\/forms.gle\/fFCpjo1fBNHMqCPJA\"><div class=\"button2\" style=\"background-color: #F70A69\">IZPOLNITE INFORMATIVNI VPRA\u0160ALNIK ZA POSVOJITEV<\/div><\/a><\/div>\n<p>&nbsp;<\/p>\n<hr \/>\n<p><a href=\"https:\/\/www.hrtjisvet.org\/hs\/wp-content\/uploads\/2026\/03\/0d8506ce-69aa-47cb-beee-d93d26568e5f.jpg\"><img loading=\"lazy\" decoding=\"async\" width=\"225\" height=\"300\" class=\"alignright size-medium wp-image-27151\" src=\"https:\/\/www.hrtjisvet.org\/hs\/wp-content\/uploads\/2026\/03\/0d8506ce-69aa-47cb-beee-d93d26568e5f-225x300.jpg\" alt=\"\" srcset=\"https:\/\/www.hrtjisvet.org\/hs\/wp-content\/uploads\/2026\/03\/0d8506ce-69aa-47cb-beee-d93d26568e5f-225x300.jpg 225w, https:\/\/www.hrtjisvet.org\/hs\/wp-content\/uploads\/2026\/03\/0d8506ce-69aa-47cb-beee-d93d26568e5f-768x1024.jpg 768w, https:\/\/www.hrtjisvet.org\/hs\/wp-content\/uploads\/2026\/03\/0d8506ce-69aa-47cb-beee-d93d26568e5f-1152x1536.jpg 1152w, https:\/\/www.hrtjisvet.org\/hs\/wp-content\/uploads\/2026\/03\/0d8506ce-69aa-47cb-beee-d93d26568e5f.jpg 1536w\" sizes=\"auto, (max-width: 225px) 100vw, 225px\" \/><\/a>Surgeon je prekrasen velik greyhound belo \u010drne barve.<br \/>\nJe res krasen, tako karakterno kot vizualno. Njegova zna\u010dilnost je rep, ki je vedno visoko v zraku kot bi lovil signal. Po dvori\u0161\u010du ne te\u010de, temve\u010d umirjeno raziskuje. Ko je vse raziskano, pride po po\u010dohce. S svojo \u017eivahno cimro se dobro razume. Lepotec bo svoji dru\u017eini v ponos.<\/p>\n<p>Je ne\u017een, nevsiljiv in umirjen sam\u010dek, ki je \u010disto pripravljen na skok v svoj dom.<br \/>\nKarakterno je \u010disto neobremenjen, zato je primeren za posvojitelje za\u010detnike.<\/p>\n<hr \/>\n\r\n\t\t<style type='text\/css'>\r\n\t\t\t#gallery-1 {\r\n\t\t\t\tmargin: auto;\r\n\t\t\t}\r\n\t\t\t#gallery-1 .gallery-item {\r\n\t\t\t\tfloat: left;\r\n\t\t\t\tmargin-top: 10px;\r\n\t\t\t\ttext-align: center;\r\n\t\t\t\twidth: 33%;\r\n\t\t\t}\r\n\t\t\t#gallery-1 img {\r\n\t\t\t\tborder: 2px solid #cfcfcf;\r\n\t\t\t}\r\n\t\t\t#gallery-1 .gallery-caption {\r\n\t\t\t\tmargin-left: 0;\r\n\t\t\t}\r\n\t\t<\/style>\r\n\t\t<!-- see gallery_shortcode() in wp-includes\/media.php -->\n\t\t<div id='gallery-1' class='gallery galleryid-27146 gallery-columns-3 gallery-size-medium gallery1'><script type=\"text\/javascript\">\r\n\/\/ <![CDATA[\r\n\tjQuery(document).ready(function () {\r\n\t\tjQuery(\".gallery1 a\").attr(\"rel\",\"gallery1\");\t\r\n\t\tjQuery('a[rel=\"gallery1\"]').colorbox({maxWidth:\"95%\", maxHeight:\"95%\",title: function(){ return jQuery(this).children().attr(\"alt\"); }, });\r\n\t});\r\n\/\/ ]]>\r\n<\/script>\n<dl class=\"gallery-item\">\n<dt class=\"gallery-icon\">\r\n<a href=\"https:\/\/www.hrtjisvet.org\/hs\/wp-content\/uploads\/2026\/03\/51b85749-34d0-4e0c-bcc7-62021c0872b6.jpg\" title=\"\" rel=\"gallery1\"><img loading=\"lazy\" decoding=\"async\" src=\"https:\/\/www.hrtjisvet.org\/hs\/wp-content\/uploads\/2026\/03\/51b85749-34d0-4e0c-bcc7-62021c0872b6-225x300.jpg\" width=\"225\" height=\"300\" alt=\"\" \/><\/a>\r\n<\/dt><\/dl><dl class=\"gallery-item\">\n<dt class=\"gallery-icon\">\r\n<a href=\"https:\/\/www.hrtjisvet.org\/hs\/wp-content\/uploads\/2026\/03\/0d8506ce-69aa-47cb-beee-d93d26568e5f.jpg\" title=\"\" rel=\"gallery1\"><img loading=\"lazy\" decoding=\"async\" src=\"https:\/\/www.hrtjisvet.org\/hs\/wp-content\/uploads\/2026\/03\/0d8506ce-69aa-47cb-beee-d93d26568e5f-225x300.jpg\" width=\"225\" height=\"300\" alt=\"\" \/><\/a>\r\n<\/dt><\/dl><dl class=\"gallery-item\">\n<dt class=\"gallery-icon\">\r\n<a href=\"https:\/\/www.hrtjisvet.org\/hs\/wp-content\/uploads\/2026\/03\/2586ed8a-79df-41cf-8bb2-6e82d33e2718.jpg\" title=\"\" rel=\"gallery1\"><img loading=\"lazy\" decoding=\"async\" src=\"https:\/\/www.hrtjisvet.org\/hs\/wp-content\/uploads\/2026\/03\/2586ed8a-79df-41cf-8bb2-6e82d33e2718-300x225.jpg\" width=\"300\" height=\"225\" alt=\"\" \/><\/a>\r\n<\/dt><\/dl><br style=\"clear: both\" \/><dl class=\"gallery-item\">\n<dt class=\"gallery-icon\">\r\n<a href=\"https:\/\/www.hrtjisvet.org\/hs\/wp-content\/uploads\/2026\/03\/a57c61d6-4340-4f6a-a5cd-db7f0e1fc385.jpg\" title=\"\" rel=\"gallery1\"><img loading=\"lazy\" decoding=\"async\" src=\"https:\/\/www.hrtjisvet.org\/hs\/wp-content\/uploads\/2026\/03\/a57c61d6-4340-4f6a-a5cd-db7f0e1fc385-225x300.jpg\" width=\"225\" height=\"300\" alt=\"\" \/><\/a>\r\n<\/dt><\/dl><dl class=\"gallery-item\">\n<dt class=\"gallery-icon\">\r\n<a href=\"https:\/\/www.hrtjisvet.org\/hs\/wp-content\/uploads\/2026\/03\/bd7ba8c2-ddd9-4deb-a180-1982b2c19fdd.jpg\" title=\"\" rel=\"gallery1\"><img loading=\"lazy\" decoding=\"async\" src=\"https:\/\/www.hrtjisvet.org\/hs\/wp-content\/uploads\/2026\/03\/bd7ba8c2-ddd9-4deb-a180-1982b2c19fdd-300x225.jpg\" width=\"300\" height=\"225\" alt=\"\" \/><\/a>\r\n<\/dt><\/dl><dl class=\"gallery-item\">\n<dt class=\"gallery-icon\">\r\n<a href=\"https:\/\/www.hrtjisvet.org\/hs\/wp-content\/uploads\/2026\/03\/ee9ea9ed-407b-4e20-bbef-a41854be9c64.jpg\" title=\"\" rel=\"gallery1\"><img loading=\"lazy\" decoding=\"async\" src=\"https:\/\/www.hrtjisvet.org\/hs\/wp-content\/uploads\/2026\/03\/ee9ea9ed-407b-4e20-bbef-a41854be9c64-300x292.jpg\" width=\"300\" height=\"292\" alt=\"\" \/><\/a>\r\n<\/dt><\/dl><br style=\"clear: both\" \/>\r\n\t\t<\/div>\n\n","protected":false},"excerpt":{"rendered":"<p>Pasma: greyhound Spol: samec Barva: belo \u010drna. Datum rojstva: 5.2.2023 &nbsp; Surgeon je prekrasen velik greyhound belo \u010drne barve. Je res krasen, tako karakterno kot vizualno. Njegova zna\u010dilnost je rep, ki je vedno visoko v zraku kot bi lovil signal. Po dvori\u0161\u010du ne te\u010de, temve\u010d umirjeno raziskuje. Ko je vse raziskano, pride po po\u010dohce. S [&hellip;]<\/p>\n","protected":false},"author":6,"featured_media":0,"parent":0,"menu_order":0,"comment_status":"closed","ping_status":"closed","template":"page-full.php","meta":{"footnotes":""},"class_list":["post-27146","page","type-page","status-publish","hentry"],"_links":{"self":[{"href":"https:\/\/www.hrtjisvet.org\/hs\/wp-json\/wp\/v2\/pages\/27146","targetHints":{"allow":["GET"]}}],"collection":[{"href":"https:\/\/www.hrtjisvet.org\/hs\/wp-json\/wp\/v2\/pages"}],"about":[{"href":"https:\/\/www.hrtjisvet.org\/hs\/wp-json\/wp\/v2\/types\/page"}],"author":[{"embeddable":true,"href":"https:\/\/www.hrtjisvet.org\/hs\/wp-json\/wp\/v2\/users\/6"}],"replies":[{"embeddable":true,"href":"https:\/\/www.hrtjisvet.org\/hs\/wp-json\/wp\/v2\/comments?post=27146"}],"version-history":[{"count":1,"href":"https:\/\/www.hrtjisvet.org\/hs\/wp-json\/wp\/v2\/pages\/27146\/revisions"}],"predecessor-version":[{"id":27153,"href":"https:\/\/www.hrtjisvet.org\/hs\/wp-json\/wp\/v2\/pages\/27146\/revisions\/27153"}],"wp:attachment":[{"href":"https:\/\/www.hrtjisvet.org\/hs\/wp-json\/wp\/v2\/media?parent=27146"}],"curies":[{"name":"wp","href":"https:\/\/api.w.org\/{rel}","templated":true}]}}