{"id":27094,"date":"2026-03-10T08:01:58","date_gmt":"2026-03-10T07:01:58","guid":{"rendered":"https:\/\/www.hrtjisvet.org\/hs\/?page_id=27094"},"modified":"2026-03-10T08:01:58","modified_gmt":"2026-03-10T07:01:58","slug":"galgo-mix-tok","status":"publish","type":"page","link":"https:\/\/www.hrtjisvet.org\/hs\/galgo-mix-tok\/","title":{"rendered":"Galgo mix Tok"},"content":{"rendered":"<p style=\"text-align: center;\"><strong>Pasma: galgo mix <\/strong><br \/>\n<strong>Spol: samec <\/strong><br \/>\n<strong>Barva: rjava<\/strong><br \/>\n<strong>Datum rojstva: 8.8.2024<\/strong><\/p>\n<div style=\"text-align: center;\"><a  href=\"https:\/\/forms.gle\/fFCpjo1fBNHMqCPJA\"><div class=\"button2\" style=\"background-color: #F70A69\">IZPOLNITE INFORMATIVNI VPRA\u0160ALNIK ZA POSVOJITEV<\/div><\/a><\/div>\n<p>&nbsp;<\/p>\n<hr \/>\n<p><a href=\"https:\/\/www.hrtjisvet.org\/hs\/wp-content\/uploads\/2026\/03\/1000089421.jpg\"><img loading=\"lazy\" decoding=\"async\" width=\"219\" height=\"300\" class=\"alignright size-medium wp-image-27095\" src=\"https:\/\/www.hrtjisvet.org\/hs\/wp-content\/uploads\/2026\/03\/1000089421-219x300.jpg\" alt=\"\" srcset=\"https:\/\/www.hrtjisvet.org\/hs\/wp-content\/uploads\/2026\/03\/1000089421-219x300.jpg 219w, https:\/\/www.hrtjisvet.org\/hs\/wp-content\/uploads\/2026\/03\/1000089421-749x1024.jpg 749w, https:\/\/www.hrtjisvet.org\/hs\/wp-content\/uploads\/2026\/03\/1000089421-768x1050.jpg 768w, https:\/\/www.hrtjisvet.org\/hs\/wp-content\/uploads\/2026\/03\/1000089421-1124x1536.jpg 1124w, https:\/\/www.hrtjisvet.org\/hs\/wp-content\/uploads\/2026\/03\/1000089421.jpg 1498w\" sizes=\"auto, (max-width: 219px) 100vw, 219px\" \/><\/a>Tok je bil v zaveti\u0161\u010de sprejet skupaj z bratom Tikom v starosti treh tednov. Prve tedne je pre\u017eivel pri prostovoljki Cobie, ki je imela nekaj galgov in ma\u010dk za dru\u017ebo, posvojil pa ju je galgo Asher. Tok je bolj zadr\u017ean od svojega bratca, ko vidi \u010dloveka, kako se pribli\u017euje ogradi, na to vedno opozori z laje\u017eem.<\/p>\n<p>Ko pride\u0161 v ogrado, se \u010dloveku umika, a vseeno radovedno opazuje. S hrano bi ga lahko privabil k sebi, ne pusti pa se dotaknit.<br \/>\nSicer je s svojimi cimri igriv in spro\u0161\u010den. Verjetno bi rabil zelo potrpe\u017eljivo navajanje na \u010dloveka, dru\u017eba stabilnega psa bi gotovo pripomogla k temu, da bi postal bolj samozavesten in zaupljiv.<\/p>\n<p>Tok je od rane mladosti v zaveti\u0161\u010du, kjer je bil dele\u017een tak\u0161ne socializacije kot je tukaj izvedljiva. Zanj i\u0161\u010demo mirno okolje, zelo potrpe\u017eljive posvojitelje, ki se zavedajo, da Tok ne bo nikoli pes, ki bi bil sre\u010den v ve\u010djih dru\u017ebah ljudi, v gne\u010di. Tok ni pes za pohajanje po mestu, ampak za raziskovanje mirnih poti po gozdu, po naravi.<\/p>\n<p>Zaslu\u017ei si prilo\u017enost!<\/p>\n<hr \/>\n\r\n\t\t<style type='text\/css'>\r\n\t\t\t#gallery-1 {\r\n\t\t\t\tmargin: auto;\r\n\t\t\t}\r\n\t\t\t#gallery-1 .gallery-item {\r\n\t\t\t\tfloat: left;\r\n\t\t\t\tmargin-top: 10px;\r\n\t\t\t\ttext-align: center;\r\n\t\t\t\twidth: 33%;\r\n\t\t\t}\r\n\t\t\t#gallery-1 img {\r\n\t\t\t\tborder: 2px solid #cfcfcf;\r\n\t\t\t}\r\n\t\t\t#gallery-1 .gallery-caption {\r\n\t\t\t\tmargin-left: 0;\r\n\t\t\t}\r\n\t\t<\/style>\r\n\t\t<!-- see gallery_shortcode() in wp-includes\/media.php -->\n\t\t<div id='gallery-1' class='gallery galleryid-27094 gallery-columns-3 gallery-size-medium gallery1'><script type=\"text\/javascript\">\r\n\/\/ <![CDATA[\r\n\tjQuery(document).ready(function () {\r\n\t\tjQuery(\".gallery1 a\").attr(\"rel\",\"gallery1\");\t\r\n\t\tjQuery('a[rel=\"gallery1\"]').colorbox({maxWidth:\"95%\", maxHeight:\"95%\",title: function(){ return jQuery(this).children().attr(\"alt\"); }, });\r\n\t});\r\n\/\/ ]]>\r\n<\/script>\n<dl class=\"gallery-item\">\n<dt class=\"gallery-icon\">\r\n<a href=\"https:\/\/www.hrtjisvet.org\/hs\/wp-content\/uploads\/2026\/03\/1000089422.jpg\" title=\"\" rel=\"gallery1\"><img loading=\"lazy\" decoding=\"async\" src=\"https:\/\/www.hrtjisvet.org\/hs\/wp-content\/uploads\/2026\/03\/1000089422-219x300.jpg\" width=\"219\" height=\"300\" alt=\"\" \/><\/a>\r\n<\/dt><\/dl><dl class=\"gallery-item\">\n<dt class=\"gallery-icon\">\r\n<a href=\"https:\/\/www.hrtjisvet.org\/hs\/wp-content\/uploads\/2026\/03\/1000089421.jpg\" title=\"\" rel=\"gallery1\"><img loading=\"lazy\" decoding=\"async\" src=\"https:\/\/www.hrtjisvet.org\/hs\/wp-content\/uploads\/2026\/03\/1000089421-219x300.jpg\" width=\"219\" height=\"300\" alt=\"\" \/><\/a>\r\n<\/dt><\/dl>\r\n\t\t\t<br style='clear: both' \/>\r\n\t\t<\/div>\n\n","protected":false},"excerpt":{"rendered":"<p>Pasma: galgo mix Spol: samec Barva: rjava Datum rojstva: 8.8.2024 &nbsp; Tok je bil v zaveti\u0161\u010de sprejet skupaj z bratom Tikom v starosti treh tednov. Prve tedne je pre\u017eivel pri prostovoljki Cobie, ki je imela nekaj galgov in ma\u010dk za dru\u017ebo, posvojil pa ju je galgo Asher. Tok je bolj zadr\u017ean od svojega bratca, ko [&hellip;]<\/p>\n","protected":false},"author":6,"featured_media":0,"parent":0,"menu_order":0,"comment_status":"closed","ping_status":"closed","template":"page-full.php","meta":{"footnotes":""},"class_list":["post-27094","page","type-page","status-publish","hentry"],"_links":{"self":[{"href":"https:\/\/www.hrtjisvet.org\/hs\/wp-json\/wp\/v2\/pages\/27094","targetHints":{"allow":["GET"]}}],"collection":[{"href":"https:\/\/www.hrtjisvet.org\/hs\/wp-json\/wp\/v2\/pages"}],"about":[{"href":"https:\/\/www.hrtjisvet.org\/hs\/wp-json\/wp\/v2\/types\/page"}],"author":[{"embeddable":true,"href":"https:\/\/www.hrtjisvet.org\/hs\/wp-json\/wp\/v2\/users\/6"}],"replies":[{"embeddable":true,"href":"https:\/\/www.hrtjisvet.org\/hs\/wp-json\/wp\/v2\/comments?post=27094"}],"version-history":[{"count":1,"href":"https:\/\/www.hrtjisvet.org\/hs\/wp-json\/wp\/v2\/pages\/27094\/revisions"}],"predecessor-version":[{"id":27097,"href":"https:\/\/www.hrtjisvet.org\/hs\/wp-json\/wp\/v2\/pages\/27094\/revisions\/27097"}],"wp:attachment":[{"href":"https:\/\/www.hrtjisvet.org\/hs\/wp-json\/wp\/v2\/media?parent=27094"}],"curies":[{"name":"wp","href":"https:\/\/api.w.org\/{rel}","templated":true}]}}