{"id":27083,"date":"2026-03-09T07:52:53","date_gmt":"2026-03-09T06:52:53","guid":{"rendered":"https:\/\/www.hrtjisvet.org\/hs\/?page_id=27083"},"modified":"2026-03-09T07:56:42","modified_gmt":"2026-03-09T06:56:42","slug":"galga-sofi","status":"publish","type":"page","link":"https:\/\/www.hrtjisvet.org\/hs\/galga-sofi\/","title":{"rendered":"Galga Sofi"},"content":{"rendered":"<p style=\"text-align: center;\"><strong>Pasma: galgo <\/strong><br \/>\n<strong>Spol: samica <\/strong><br \/>\n<strong>Barva: \u010drna<\/strong><br \/>\n<strong>941000026351950<strong><\/p>\n<div style=\"text-align: center;\"><a  href=\"https:\/\/forms.gle\/fFCpjo1fBNHMqCPJA\"><div class=\"button2\" style=\"background-color: #F70A69\">IZPOLNITE INFORMATIVNI VPRA\u0160ALNIK ZA POSVOJITEV<\/div><\/a><\/div>\n<p>&nbsp;<\/p>\n<hr \/>\n<p><a href=\"https:\/\/www.hrtjisvet.org\/hs\/wp-content\/uploads\/2026\/03\/Sofi-1.jpg\"><img loading=\"lazy\" decoding=\"async\" width=\"225\" height=\"300\" class=\"alignright size-medium wp-image-27087\" src=\"https:\/\/www.hrtjisvet.org\/hs\/wp-content\/uploads\/2026\/03\/Sofi-1-225x300.jpg\" alt=\"\" srcset=\"https:\/\/www.hrtjisvet.org\/hs\/wp-content\/uploads\/2026\/03\/Sofi-1-225x300.jpg 225w, https:\/\/www.hrtjisvet.org\/hs\/wp-content\/uploads\/2026\/03\/Sofi-1-768x1024.jpg 768w, https:\/\/www.hrtjisvet.org\/hs\/wp-content\/uploads\/2026\/03\/Sofi-1-1152x1536.jpg 1152w, https:\/\/www.hrtjisvet.org\/hs\/wp-content\/uploads\/2026\/03\/Sofi-1.jpg 1536w\" sizes=\"auto, (max-width: 225px) 100vw, 225px\" \/><\/a>Sofi je manj\u0161a galgina \u010drne barve s sivo masko, tehta 19 kg. Ob prvem sre\u010danju v zaveti\u0161\u010du (in \u0161e nekaj naslednjih) v njeni ogradi se nas je zelo bala, ves \u010das je le\u017eala v svoji postelji in je, \u010de smo se ji preve\u010d pribli\u017eali, na nas ren\u010dala in \u0161avsala proti nam. Pa vendar smo se ji morali pribli\u017eati, saj je bila na vrsti za sterilizacijo. Ko smo ji dali povodec okrog vratu, je ren\u010dala in to po\u010dela \u0161e ves naslednji dan, ko smo se pribli\u017eali njeni hospitalni kletki. Ampak je bilo potrebno iti ven, na sprehod \u2013 in \u017ee drugi dan je sama vstala, da smo jo peljali ven. Tretji dan smo ji \u017ee nadeli ovratnico in se z njo brez strahu sprehajali zunaj, ona pa se je, ko smo se ustavili, stisnila k nam. Ko smo jo zadnji dan obiska morali peljati nazaj v njeno ogrado, je sko\u010dila v naro\u010dje, mi pa smo jokali. Videli smo, kako malo je potrebno, da res pla\u0161en pes zaupa \u010dloveku.<br \/>\nZa Sofi i\u0161\u010demo mirnega posvojitelja, ki ji bo dal \u010das in jo ne\u017eno vodil skozi vsakdan. Resni\u010dno si zaslu\u017ei, da njen repek spet maha, ko zagleda svojega \u010dloveka.<\/p>\n<hr \/>\n\r\n\t\t<style type='text\/css'>\r\n\t\t\t#gallery-1 {\r\n\t\t\t\tmargin: auto;\r\n\t\t\t}\r\n\t\t\t#gallery-1 .gallery-item {\r\n\t\t\t\tfloat: left;\r\n\t\t\t\tmargin-top: 10px;\r\n\t\t\t\ttext-align: center;\r\n\t\t\t\twidth: 33%;\r\n\t\t\t}\r\n\t\t\t#gallery-1 img {\r\n\t\t\t\tborder: 2px solid #cfcfcf;\r\n\t\t\t}\r\n\t\t\t#gallery-1 .gallery-caption {\r\n\t\t\t\tmargin-left: 0;\r\n\t\t\t}\r\n\t\t<\/style>\r\n\t\t<!-- see gallery_shortcode() in wp-includes\/media.php -->\n\t\t<div id='gallery-1' class='gallery galleryid-27083 gallery-columns-3 gallery-size-medium gallery1'><script type=\"text\/javascript\">\r\n\/\/ <![CDATA[\r\n\tjQuery(document).ready(function () {\r\n\t\tjQuery(\".gallery1 a\").attr(\"rel\",\"gallery1\");\t\r\n\t\tjQuery('a[rel=\"gallery1\"]').colorbox({maxWidth:\"95%\", maxHeight:\"95%\",title: function(){ return jQuery(this).children().attr(\"alt\"); }, });\r\n\t});\r\n\/\/ ]]>\r\n<\/script>\n<dl class=\"gallery-item\">\n<dt class=\"gallery-icon\">\r\n<a href=\"https:\/\/www.hrtjisvet.org\/hs\/wp-content\/uploads\/2026\/03\/Sofi-.jpeg\" title=\"\" rel=\"gallery1\"><img loading=\"lazy\" decoding=\"async\" src=\"https:\/\/www.hrtjisvet.org\/hs\/wp-content\/uploads\/2026\/03\/Sofi--225x300.jpeg\" width=\"225\" height=\"300\" alt=\"\" \/><\/a>\r\n<\/dt><\/dl><dl class=\"gallery-item\">\n<dt class=\"gallery-icon\">\r\n<a href=\"https:\/\/www.hrtjisvet.org\/hs\/wp-content\/uploads\/2026\/03\/Sofi-1.jpg\" title=\"\" rel=\"gallery1\"><img loading=\"lazy\" decoding=\"async\" src=\"https:\/\/www.hrtjisvet.org\/hs\/wp-content\/uploads\/2026\/03\/Sofi-1-225x300.jpg\" width=\"225\" height=\"300\" alt=\"\" \/><\/a>\r\n<\/dt><\/dl><dl class=\"gallery-item\">\n<dt class=\"gallery-icon\">\r\n<a href=\"https:\/\/www.hrtjisvet.org\/hs\/wp-content\/uploads\/2026\/03\/Sofi-4.jpeg\" title=\"\" rel=\"gallery1\"><img loading=\"lazy\" decoding=\"async\" src=\"https:\/\/www.hrtjisvet.org\/hs\/wp-content\/uploads\/2026\/03\/Sofi-4-300x225.jpeg\" width=\"300\" height=\"225\" alt=\"\" \/><\/a>\r\n<\/dt><\/dl><br style=\"clear: both\" \/><dl class=\"gallery-item\">\n<dt class=\"gallery-icon\">\r\n<a href=\"https:\/\/www.hrtjisvet.org\/hs\/wp-content\/uploads\/2026\/03\/Sofi-2.jpg\" title=\"\" rel=\"gallery1\"><img loading=\"lazy\" decoding=\"async\" src=\"https:\/\/www.hrtjisvet.org\/hs\/wp-content\/uploads\/2026\/03\/Sofi-2-225x300.jpg\" width=\"225\" height=\"300\" alt=\"\" \/><\/a>\r\n<\/dt><\/dl><dl class=\"gallery-item\">\n<dt class=\"gallery-icon\">\r\n<a href=\"https:\/\/www.hrtjisvet.org\/hs\/wp-content\/uploads\/2026\/03\/Sofi.jpg\" title=\"\" rel=\"gallery1\"><img loading=\"lazy\" decoding=\"async\" src=\"https:\/\/www.hrtjisvet.org\/hs\/wp-content\/uploads\/2026\/03\/Sofi-300x225.jpg\" width=\"300\" height=\"225\" alt=\"\" \/><\/a>\r\n<\/dt><\/dl>\r\n\t\t\t<br style='clear: both' \/>\r\n\t\t<\/div>\n\n","protected":false},"excerpt":{"rendered":"<p>Pasma: galgo Spol: samica Barva: \u010drna 941000026351950 &nbsp; Sofi je manj\u0161a galgina \u010drne barve s sivo masko, tehta 19 kg. Ob prvem sre\u010danju v zaveti\u0161\u010du (in \u0161e nekaj naslednjih) v njeni ogradi se nas je zelo bala, ves \u010das je le\u017eala v svoji postelji in je, \u010de smo se ji preve\u010d pribli\u017eali, na nas ren\u010dala [&hellip;]<\/p>\n","protected":false},"author":6,"featured_media":0,"parent":0,"menu_order":0,"comment_status":"closed","ping_status":"closed","template":"page-full.php","meta":{"footnotes":""},"class_list":["post-27083","page","type-page","status-publish","hentry"],"_links":{"self":[{"href":"https:\/\/www.hrtjisvet.org\/hs\/wp-json\/wp\/v2\/pages\/27083","targetHints":{"allow":["GET"]}}],"collection":[{"href":"https:\/\/www.hrtjisvet.org\/hs\/wp-json\/wp\/v2\/pages"}],"about":[{"href":"https:\/\/www.hrtjisvet.org\/hs\/wp-json\/wp\/v2\/types\/page"}],"author":[{"embeddable":true,"href":"https:\/\/www.hrtjisvet.org\/hs\/wp-json\/wp\/v2\/users\/6"}],"replies":[{"embeddable":true,"href":"https:\/\/www.hrtjisvet.org\/hs\/wp-json\/wp\/v2\/comments?post=27083"}],"version-history":[{"count":3,"href":"https:\/\/www.hrtjisvet.org\/hs\/wp-json\/wp\/v2\/pages\/27083\/revisions"}],"predecessor-version":[{"id":27093,"href":"https:\/\/www.hrtjisvet.org\/hs\/wp-json\/wp\/v2\/pages\/27083\/revisions\/27093"}],"wp:attachment":[{"href":"https:\/\/www.hrtjisvet.org\/hs\/wp-json\/wp\/v2\/media?parent=27083"}],"curies":[{"name":"wp","href":"https:\/\/api.w.org\/{rel}","templated":true}]}}