{"id":27053,"date":"2026-03-04T10:16:18","date_gmt":"2026-03-04T09:16:18","guid":{"rendered":"https:\/\/www.hrtjisvet.org\/hs\/?page_id=27053"},"modified":"2026-03-04T10:16:18","modified_gmt":"2026-03-04T09:16:18","slug":"galga-ottawa","status":"publish","type":"page","link":"https:\/\/www.hrtjisvet.org\/hs\/galga-ottawa\/","title":{"rendered":"Galga Ottawa"},"content":{"rendered":"<p style=\"text-align: center;\"><strong>Pasma: galgo <\/strong><br \/>\n<strong>Spol: samica <\/strong><br \/>\n<strong>Barva: \u010drna <\/strong><br \/>\n<strong>Datum rojstva: 6.6.2016 <\/strong><\/p>\n<div style=\"text-align: center;\"><a  href=\"https:\/\/forms.gle\/fFCpjo1fBNHMqCPJA\"><div class=\"button2\" style=\"background-color: #F70A69\">IZPOLNITE INFORMATIVNI VPRA\u0160ALNIK ZA POSVOJITEV<\/div><\/a><\/div>\n<p>&nbsp;<\/p>\n<hr \/>\n<p><a href=\"https:\/\/www.hrtjisvet.org\/hs\/wp-content\/uploads\/2026\/03\/639689574_122171278724751142_6474839405578627211_n.jpg\"><img loading=\"lazy\" decoding=\"async\" width=\"225\" height=\"300\" class=\"alignright size-medium wp-image-27060\" src=\"https:\/\/www.hrtjisvet.org\/hs\/wp-content\/uploads\/2026\/03\/639689574_122171278724751142_6474839405578627211_n-225x300.jpg\" alt=\"\" srcset=\"https:\/\/www.hrtjisvet.org\/hs\/wp-content\/uploads\/2026\/03\/639689574_122171278724751142_6474839405578627211_n-225x300.jpg 225w, https:\/\/www.hrtjisvet.org\/hs\/wp-content\/uploads\/2026\/03\/639689574_122171278724751142_6474839405578627211_n-768x1024.jpg 768w, https:\/\/www.hrtjisvet.org\/hs\/wp-content\/uploads\/2026\/03\/639689574_122171278724751142_6474839405578627211_n-1152x1536.jpg 1152w, https:\/\/www.hrtjisvet.org\/hs\/wp-content\/uploads\/2026\/03\/639689574_122171278724751142_6474839405578627211_n.jpg 1536w\" sizes=\"auto, (max-width: 225px) 100vw, 225px\" \/><\/a>Ottawa je srednje velika galgina \u010drne barve s sivo masko. Starosti primerno je zelo umirjena in ne\u017ena galgina, popolnoma nevsiljiva. Ko smo pri\u0161li v ogrado, je po\u010dasi pristopila do nas in po\u010dakala, da smo se ji posvetili. Je prijazna, nekonfliktna z drugimi psi, res simpati\u010dna s svojo sivo obrazno masko.<br \/>\nNa sprehodu po zaveti\u0161\u010du je hodila lepo, ni pa prestala preizkusa z ma\u010dki, zato zanjo i\u0161\u010dem dom brez njih.<br \/>\nOb sterilizaciji smo opazili, da ima kar nekaj zob polomljenih, tako da si \u017eelimo, da res \u010dim prej odide iz zaveti\u0161\u010da in se bo poskrbelo za zobni poseg. Zaslu\u017ei si to!<\/p>\n<hr \/>\n\r\n\t\t<style type='text\/css'>\r\n\t\t\t#gallery-1 {\r\n\t\t\t\tmargin: auto;\r\n\t\t\t}\r\n\t\t\t#gallery-1 .gallery-item {\r\n\t\t\t\tfloat: left;\r\n\t\t\t\tmargin-top: 10px;\r\n\t\t\t\ttext-align: center;\r\n\t\t\t\twidth: 33%;\r\n\t\t\t}\r\n\t\t\t#gallery-1 img {\r\n\t\t\t\tborder: 2px solid #cfcfcf;\r\n\t\t\t}\r\n\t\t\t#gallery-1 .gallery-caption {\r\n\t\t\t\tmargin-left: 0;\r\n\t\t\t}\r\n\t\t<\/style>\r\n\t\t<!-- see gallery_shortcode() in wp-includes\/media.php -->\n\t\t<div id='gallery-1' class='gallery galleryid-27053 gallery-columns-3 gallery-size-medium gallery1'><script type=\"text\/javascript\">\r\n\/\/ <![CDATA[\r\n\tjQuery(document).ready(function () {\r\n\t\tjQuery(\".gallery1 a\").attr(\"rel\",\"gallery1\");\t\r\n\t\tjQuery('a[rel=\"gallery1\"]').colorbox({maxWidth:\"95%\", maxHeight:\"95%\",title: function(){ return jQuery(this).children().attr(\"alt\"); }, });\r\n\t});\r\n\/\/ ]]>\r\n<\/script>\n<dl class=\"gallery-item\">\n<dt class=\"gallery-icon\">\r\n<a href=\"https:\/\/www.hrtjisvet.org\/hs\/wp-content\/uploads\/2026\/03\/WhatsApp-Image-2026-02-18-at-21.53.47.jpeg\" title=\"\" rel=\"gallery1\"><img loading=\"lazy\" decoding=\"async\" src=\"https:\/\/www.hrtjisvet.org\/hs\/wp-content\/uploads\/2026\/03\/WhatsApp-Image-2026-02-18-at-21.53.47-225x300.jpeg\" width=\"225\" height=\"300\" alt=\"\" \/><\/a>\r\n<\/dt><\/dl><dl class=\"gallery-item\">\n<dt class=\"gallery-icon\">\r\n<a href=\"https:\/\/www.hrtjisvet.org\/hs\/wp-content\/uploads\/2026\/03\/WhatsApp-Image-2026-03-04-at-08.59.55.jpeg\" title=\"\" rel=\"gallery1\"><img loading=\"lazy\" decoding=\"async\" src=\"https:\/\/www.hrtjisvet.org\/hs\/wp-content\/uploads\/2026\/03\/WhatsApp-Image-2026-03-04-at-08.59.55-225x300.jpeg\" width=\"225\" height=\"300\" alt=\"\" \/><\/a>\r\n<\/dt><\/dl><dl class=\"gallery-item\">\n<dt class=\"gallery-icon\">\r\n<a href=\"https:\/\/www.hrtjisvet.org\/hs\/wp-content\/uploads\/2026\/03\/639689574_122171278724751142_6474839405578627211_n.jpg\" title=\"\" rel=\"gallery1\"><img loading=\"lazy\" decoding=\"async\" src=\"https:\/\/www.hrtjisvet.org\/hs\/wp-content\/uploads\/2026\/03\/639689574_122171278724751142_6474839405578627211_n-225x300.jpg\" width=\"225\" height=\"300\" alt=\"\" \/><\/a>\r\n<\/dt><\/dl><br style=\"clear: both\" \/><dl class=\"gallery-item\">\n<dt class=\"gallery-icon\">\r\n<a href=\"https:\/\/www.hrtjisvet.org\/hs\/wp-content\/uploads\/2026\/03\/WhatsApp-Image-2026-03-04-at-08.59.10.jpeg\" title=\"\" rel=\"gallery1\"><img loading=\"lazy\" decoding=\"async\" src=\"https:\/\/www.hrtjisvet.org\/hs\/wp-content\/uploads\/2026\/03\/WhatsApp-Image-2026-03-04-at-08.59.10-225x300.jpeg\" width=\"225\" height=\"300\" alt=\"\" \/><\/a>\r\n<\/dt><\/dl><dl class=\"gallery-item\">\n<dt class=\"gallery-icon\">\r\n<a href=\"https:\/\/www.hrtjisvet.org\/hs\/wp-content\/uploads\/2026\/03\/641358964_122171347478751142_5049709846563910152_n.jpg\" title=\"\" rel=\"gallery1\"><img loading=\"lazy\" decoding=\"async\" src=\"https:\/\/www.hrtjisvet.org\/hs\/wp-content\/uploads\/2026\/03\/641358964_122171347478751142_5049709846563910152_n-225x300.jpg\" width=\"225\" height=\"300\" alt=\"\" \/><\/a>\r\n<\/dt><\/dl><dl class=\"gallery-item\">\n<dt class=\"gallery-icon\">\r\n<a href=\"https:\/\/www.hrtjisvet.org\/hs\/wp-content\/uploads\/2026\/03\/WhatsApp-Image-2026-03-04-at-08.59.56.jpeg\" title=\"\" rel=\"gallery1\"><img loading=\"lazy\" decoding=\"async\" src=\"https:\/\/www.hrtjisvet.org\/hs\/wp-content\/uploads\/2026\/03\/WhatsApp-Image-2026-03-04-at-08.59.56-225x300.jpeg\" width=\"225\" height=\"300\" alt=\"\" \/><\/a>\r\n<\/dt><\/dl><br style=\"clear: both\" \/><dl class=\"gallery-item\">\n<dt class=\"gallery-icon\">\r\n<a href=\"https:\/\/www.hrtjisvet.org\/hs\/wp-content\/uploads\/2026\/03\/WhatsApp-Image-2026-03-04-at-08.59.58.jpeg\" title=\"\" rel=\"gallery1\"><img loading=\"lazy\" decoding=\"async\" src=\"https:\/\/www.hrtjisvet.org\/hs\/wp-content\/uploads\/2026\/03\/WhatsApp-Image-2026-03-04-at-08.59.58-225x300.jpeg\" width=\"225\" height=\"300\" alt=\"\" \/><\/a>\r\n<\/dt><\/dl><dl class=\"gallery-item\">\n<dt class=\"gallery-icon\">\r\n<a href=\"https:\/\/www.hrtjisvet.org\/hs\/wp-content\/uploads\/2026\/03\/WhatsApp-Image-2026-03-04-at-08.59.71.jpeg\" title=\"\" rel=\"gallery1\"><img loading=\"lazy\" decoding=\"async\" src=\"https:\/\/www.hrtjisvet.org\/hs\/wp-content\/uploads\/2026\/03\/WhatsApp-Image-2026-03-04-at-08.59.71-225x300.jpeg\" width=\"225\" height=\"300\" alt=\"\" \/><\/a>\r\n<\/dt><\/dl><dl class=\"gallery-item\">\n<dt class=\"gallery-icon\">\r\n<a href=\"https:\/\/www.hrtjisvet.org\/hs\/wp-content\/uploads\/2026\/03\/WhatsApp-Image-2026-03-04-at-08.59.59.jpeg\" title=\"\" rel=\"gallery1\"><img loading=\"lazy\" decoding=\"async\" src=\"https:\/\/www.hrtjisvet.org\/hs\/wp-content\/uploads\/2026\/03\/WhatsApp-Image-2026-03-04-at-08.59.59-225x300.jpeg\" width=\"225\" height=\"300\" alt=\"\" \/><\/a>\r\n<\/dt><\/dl><br style=\"clear: both\" \/>\r\n\t\t<\/div>\n\n","protected":false},"excerpt":{"rendered":"<p>Pasma: galgo Spol: samica Barva: \u010drna Datum rojstva: 6.6.2016 &nbsp; Ottawa je srednje velika galgina \u010drne barve s sivo masko. Starosti primerno je zelo umirjena in ne\u017ena galgina, popolnoma nevsiljiva. Ko smo pri\u0161li v ogrado, je po\u010dasi pristopila do nas in po\u010dakala, da smo se ji posvetili. Je prijazna, nekonfliktna z drugimi psi, res simpati\u010dna [&hellip;]<\/p>\n","protected":false},"author":6,"featured_media":0,"parent":0,"menu_order":0,"comment_status":"closed","ping_status":"closed","template":"page-full.php","meta":{"footnotes":""},"class_list":["post-27053","page","type-page","status-publish","hentry"],"_links":{"self":[{"href":"https:\/\/www.hrtjisvet.org\/hs\/wp-json\/wp\/v2\/pages\/27053","targetHints":{"allow":["GET"]}}],"collection":[{"href":"https:\/\/www.hrtjisvet.org\/hs\/wp-json\/wp\/v2\/pages"}],"about":[{"href":"https:\/\/www.hrtjisvet.org\/hs\/wp-json\/wp\/v2\/types\/page"}],"author":[{"embeddable":true,"href":"https:\/\/www.hrtjisvet.org\/hs\/wp-json\/wp\/v2\/users\/6"}],"replies":[{"embeddable":true,"href":"https:\/\/www.hrtjisvet.org\/hs\/wp-json\/wp\/v2\/comments?post=27053"}],"version-history":[{"count":1,"href":"https:\/\/www.hrtjisvet.org\/hs\/wp-json\/wp\/v2\/pages\/27053\/revisions"}],"predecessor-version":[{"id":27063,"href":"https:\/\/www.hrtjisvet.org\/hs\/wp-json\/wp\/v2\/pages\/27053\/revisions\/27063"}],"wp:attachment":[{"href":"https:\/\/www.hrtjisvet.org\/hs\/wp-json\/wp\/v2\/media?parent=27053"}],"curies":[{"name":"wp","href":"https:\/\/api.w.org\/{rel}","templated":true}]}}