{"id":26698,"date":"2025-12-28T09:59:06","date_gmt":"2025-12-28T08:59:06","guid":{"rendered":"https:\/\/www.hrtjisvet.org\/hs\/?page_id=26698"},"modified":"2025-12-28T09:59:06","modified_gmt":"2025-12-28T08:59:06","slug":"greyhound-vernon","status":"publish","type":"page","link":"https:\/\/www.hrtjisvet.org\/hs\/greyhound-vernon\/","title":{"rendered":"Greyhound Vernon"},"content":{"rendered":"<p style=\"text-align: center;\"><strong>Pasma: greyhound <\/strong><br \/>\n<strong>Spol: samec<\/strong><br \/>\n<strong>Barva: \u010drna<\/strong>.<br \/>\n<strong>Datum rojstva: 3.8.2016<\/strong><\/p>\n<div style=\"text-align: center;\"><a  href=\"https:\/\/forms.gle\/fFCpjo1fBNHMqCPJA\"><div class=\"button2\" style=\"background-color: #F70A69\">IZPOLNITE INFORMATIVNI VPRA\u0160ALNIK ZA POSVOJITEV<\/div><\/a><\/div>\n<p>&nbsp;<\/p>\n<hr \/>\n<p><a href=\"https:\/\/www.hrtjisvet.org\/hs\/wp-content\/uploads\/2025\/12\/605538317_1306935881478662_469086777049987138_n.jpg\"><img loading=\"lazy\" decoding=\"async\" width=\"240\" height=\"300\" class=\"alignright size-medium wp-image-26702\" src=\"https:\/\/www.hrtjisvet.org\/hs\/wp-content\/uploads\/2025\/12\/605538317_1306935881478662_469086777049987138_n-240x300.jpg\" alt=\"\" srcset=\"https:\/\/www.hrtjisvet.org\/hs\/wp-content\/uploads\/2025\/12\/605538317_1306935881478662_469086777049987138_n-240x300.jpg 240w, https:\/\/www.hrtjisvet.org\/hs\/wp-content\/uploads\/2025\/12\/605538317_1306935881478662_469086777049987138_n-819x1024.jpg 819w, https:\/\/www.hrtjisvet.org\/hs\/wp-content\/uploads\/2025\/12\/605538317_1306935881478662_469086777049987138_n-768x960.jpg 768w, https:\/\/www.hrtjisvet.org\/hs\/wp-content\/uploads\/2025\/12\/605538317_1306935881478662_469086777049987138_n.jpg 962w\" sizes=\"auto, (max-width: 240px) 100vw, 240px\" \/><\/a>Vernon, s tekmovalnim imenom Active Turbo, je bil julija 2025 najden na ulici v zelo slabem stanju. Bil je shiran, z ranami na blazinicah, oku\u017een z vsemi mo\u017enimi zajedavci (garje, bolhe, klopi, gliste). Na\u0161e prostovoljke so ga spoznale na obisku v zaveti\u0161\u010du in vsem se je usedel v srce.<br \/>\nPo mesecih veterinarske oskrbe, nege ter ljubezni, je Vernon okreval. Je res prijazen in prijeten sam\u010dek, igriv in navihan, kljub svojim 9 letom starosti. Obo\u017euje hrano in \u017eivljenje nasploh. Lepo se razume z drugimi psi, ljudi obo\u017euje, rad se odpravi na sprehod.<br \/>\nVernon i\u0161\u010de najbolj\u0161i mo\u017een dom. To si sedaj resni\u010dno zaslu\u017ei!<\/p>\n<hr \/>\n\r\n\t\t<style type='text\/css'>\r\n\t\t\t#gallery-1 {\r\n\t\t\t\tmargin: auto;\r\n\t\t\t}\r\n\t\t\t#gallery-1 .gallery-item {\r\n\t\t\t\tfloat: left;\r\n\t\t\t\tmargin-top: 10px;\r\n\t\t\t\ttext-align: center;\r\n\t\t\t\twidth: 33%;\r\n\t\t\t}\r\n\t\t\t#gallery-1 img {\r\n\t\t\t\tborder: 2px solid #cfcfcf;\r\n\t\t\t}\r\n\t\t\t#gallery-1 .gallery-caption {\r\n\t\t\t\tmargin-left: 0;\r\n\t\t\t}\r\n\t\t<\/style>\r\n\t\t<!-- see gallery_shortcode() in wp-includes\/media.php -->\n\t\t<div id='gallery-1' class='gallery galleryid-26698 gallery-columns-3 gallery-size-medium gallery1'><script type=\"text\/javascript\">\r\n\/\/ <![CDATA[\r\n\tjQuery(document).ready(function () {\r\n\t\tjQuery(\".gallery1 a\").attr(\"rel\",\"gallery1\");\t\r\n\t\tjQuery('a[rel=\"gallery1\"]').colorbox({maxWidth:\"95%\", maxHeight:\"95%\",title: function(){ return jQuery(this).children().attr(\"alt\"); }, });\r\n\t});\r\n\/\/ ]]>\r\n<\/script>\n<dl class=\"gallery-item\">\n<dt class=\"gallery-icon\">\r\n<a href=\"https:\/\/www.hrtjisvet.org\/hs\/wp-content\/uploads\/2025\/12\/605538317_1306935881478662_469086777049987138_n.jpg\" title=\"\" rel=\"gallery1\"><img loading=\"lazy\" decoding=\"async\" src=\"https:\/\/www.hrtjisvet.org\/hs\/wp-content\/uploads\/2025\/12\/605538317_1306935881478662_469086777049987138_n-240x300.jpg\" width=\"240\" height=\"300\" alt=\"\" \/><\/a>\r\n<\/dt><\/dl><dl class=\"gallery-item\">\n<dt class=\"gallery-icon\">\r\n<a href=\"https:\/\/www.hrtjisvet.org\/hs\/wp-content\/uploads\/2025\/12\/Vernon.jpg\" title=\"\" rel=\"gallery1\"><img loading=\"lazy\" decoding=\"async\" src=\"https:\/\/www.hrtjisvet.org\/hs\/wp-content\/uploads\/2025\/12\/Vernon-225x300.jpg\" width=\"225\" height=\"300\" alt=\"\" \/><\/a>\r\n<\/dt><\/dl><dl class=\"gallery-item\">\n<dt class=\"gallery-icon\">\r\n<a href=\"https:\/\/www.hrtjisvet.org\/hs\/wp-content\/uploads\/2025\/12\/606008112_1306935911478659_5229297757377714435_n.jpg\" title=\"\" rel=\"gallery1\"><img loading=\"lazy\" decoding=\"async\" src=\"https:\/\/www.hrtjisvet.org\/hs\/wp-content\/uploads\/2025\/12\/606008112_1306935911478659_5229297757377714435_n-240x300.jpg\" width=\"240\" height=\"300\" alt=\"\" \/><\/a>\r\n<\/dt><\/dl><br style=\"clear: both\" \/><dl class=\"gallery-item\">\n<dt class=\"gallery-icon\">\r\n<a href=\"https:\/\/www.hrtjisvet.org\/hs\/wp-content\/uploads\/2025\/12\/605632495_1306935878145329_5147026697702466769_n.jpg\" title=\"\" rel=\"gallery1\"><img loading=\"lazy\" decoding=\"async\" src=\"https:\/\/www.hrtjisvet.org\/hs\/wp-content\/uploads\/2025\/12\/605632495_1306935878145329_5147026697702466769_n-240x300.jpg\" width=\"240\" height=\"300\" alt=\"\" \/><\/a>\r\n<\/dt><\/dl>\r\n\t\t\t<br style='clear: both' \/>\r\n\t\t<\/div>\n\n","protected":false},"excerpt":{"rendered":"<p>Pasma: greyhound Spol: samec Barva: \u010drna. Datum rojstva: 3.8.2016 &nbsp; Vernon, s tekmovalnim imenom Active Turbo, je bil julija 2025 najden na ulici v zelo slabem stanju. Bil je shiran, z ranami na blazinicah, oku\u017een z vsemi mo\u017enimi zajedavci (garje, bolhe, klopi, gliste). Na\u0161e prostovoljke so ga spoznale na obisku v zaveti\u0161\u010du in vsem se [&hellip;]<\/p>\n","protected":false},"author":6,"featured_media":0,"parent":0,"menu_order":0,"comment_status":"closed","ping_status":"closed","template":"page-full.php","meta":{"footnotes":""},"class_list":["post-26698","page","type-page","status-publish","hentry"],"_links":{"self":[{"href":"https:\/\/www.hrtjisvet.org\/hs\/wp-json\/wp\/v2\/pages\/26698","targetHints":{"allow":["GET"]}}],"collection":[{"href":"https:\/\/www.hrtjisvet.org\/hs\/wp-json\/wp\/v2\/pages"}],"about":[{"href":"https:\/\/www.hrtjisvet.org\/hs\/wp-json\/wp\/v2\/types\/page"}],"author":[{"embeddable":true,"href":"https:\/\/www.hrtjisvet.org\/hs\/wp-json\/wp\/v2\/users\/6"}],"replies":[{"embeddable":true,"href":"https:\/\/www.hrtjisvet.org\/hs\/wp-json\/wp\/v2\/comments?post=26698"}],"version-history":[{"count":1,"href":"https:\/\/www.hrtjisvet.org\/hs\/wp-json\/wp\/v2\/pages\/26698\/revisions"}],"predecessor-version":[{"id":26703,"href":"https:\/\/www.hrtjisvet.org\/hs\/wp-json\/wp\/v2\/pages\/26698\/revisions\/26703"}],"wp:attachment":[{"href":"https:\/\/www.hrtjisvet.org\/hs\/wp-json\/wp\/v2\/media?parent=26698"}],"curies":[{"name":"wp","href":"https:\/\/api.w.org\/{rel}","templated":true}]}}