{"id":26578,"date":"2025-10-21T07:37:28","date_gmt":"2025-10-21T05:37:28","guid":{"rendered":"https:\/\/www.hrtjisvet.org\/hs\/?page_id=26578"},"modified":"2025-10-21T07:37:38","modified_gmt":"2025-10-21T05:37:38","slug":"greyhound-bigsy","status":"publish","type":"page","link":"https:\/\/www.hrtjisvet.org\/hs\/greyhound-bigsy\/","title":{"rendered":"Greyhound Bigsy"},"content":{"rendered":"<p style=\"text-align: center;\"><strong>Pasma: greyhound <\/strong><br \/>\n<strong>Spol: samec<\/strong><br \/>\n<strong>Barva: \u010drna<\/strong>.<br \/>\n<strong>Datum rojstva: 23.07.2022<\/strong><\/p>\n<div style=\"text-align: center;\"><a  href=\"https:\/\/forms.gle\/fFCpjo1fBNHMqCPJA\"><div class=\"button2\" style=\"background-color: #F70A69\">IZPOLNITE INFORMATIVNI VPRA\u0160ALNIK ZA POSVOJITEV<\/div><\/a><\/div>\n<p>&nbsp;<\/p>\n<hr \/>\n<p><a href=\"https:\/\/www.hrtjisvet.org\/hs\/wp-content\/uploads\/2025\/10\/568144478_1252353400270244_8984802100929340781_n.jpg\"><img loading=\"lazy\" decoding=\"async\" width=\"240\" height=\"300\" class=\"alignright size-medium wp-image-26583\" src=\"https:\/\/www.hrtjisvet.org\/hs\/wp-content\/uploads\/2025\/10\/568144478_1252353400270244_8984802100929340781_n-240x300.jpg\" alt=\"\" srcset=\"https:\/\/www.hrtjisvet.org\/hs\/wp-content\/uploads\/2025\/10\/568144478_1252353400270244_8984802100929340781_n-240x300.jpg 240w, https:\/\/www.hrtjisvet.org\/hs\/wp-content\/uploads\/2025\/10\/568144478_1252353400270244_8984802100929340781_n-819x1024.jpg 819w, https:\/\/www.hrtjisvet.org\/hs\/wp-content\/uploads\/2025\/10\/568144478_1252353400270244_8984802100929340781_n-768x961.jpg 768w, https:\/\/www.hrtjisvet.org\/hs\/wp-content\/uploads\/2025\/10\/568144478_1252353400270244_8984802100929340781_n.jpg 989w\" sizes=\"auto, (max-width: 240px) 100vw, 240px\" \/><\/a>Bigsy, s tekmovalnim imenom Bigsys Choice, je pri\u0161el v zaveti\u0161\u010de v za\u010detku septembra. Pripeljal ga je lastnik z \u017eeljo, da mu najdejo lep dom.<br \/>\nBigsy je mlad sam\u010dek, ve\u010dji (ple\u010dna vi\u0161ina je 70cm) in krasne \u010drno bele barve. Je zelo vesel greyhound, vedno se te zelo razveseli, od same sre\u010de kar \u0161klepeta z zobmi \u2013 to je tipi\u010dna lastnost greyhoundov, ki so pozitivno vznemirjeni. Je ne\u017een, umirjen in stabilen. Lepo se razume z drugimi greyhoundi, manj\u0161ih psov \u0161e ni spoznal.<br \/>\nBigsy je pes, ki bo v nov dom prinesel veliko veselja in dobre energije. Bo krasen sopotnik na sprehodih po naravi, za igro in pole\u017eavanje na kav\u010du.<\/p>\n<p>Kje je kdo za tega lepotca?<\/p>\n<hr \/>\n\r\n\t\t<style type='text\/css'>\r\n\t\t\t#gallery-1 {\r\n\t\t\t\tmargin: auto;\r\n\t\t\t}\r\n\t\t\t#gallery-1 .gallery-item {\r\n\t\t\t\tfloat: left;\r\n\t\t\t\tmargin-top: 10px;\r\n\t\t\t\ttext-align: center;\r\n\t\t\t\twidth: 33%;\r\n\t\t\t}\r\n\t\t\t#gallery-1 img {\r\n\t\t\t\tborder: 2px solid #cfcfcf;\r\n\t\t\t}\r\n\t\t\t#gallery-1 .gallery-caption {\r\n\t\t\t\tmargin-left: 0;\r\n\t\t\t}\r\n\t\t<\/style>\r\n\t\t<!-- see gallery_shortcode() in wp-includes\/media.php -->\n\t\t<div id='gallery-1' class='gallery galleryid-26578 gallery-columns-3 gallery-size-medium gallery1'><script type=\"text\/javascript\">\r\n\/\/ <![CDATA[\r\n\tjQuery(document).ready(function () {\r\n\t\tjQuery(\".gallery1 a\").attr(\"rel\",\"gallery1\");\t\r\n\t\tjQuery('a[rel=\"gallery1\"]').colorbox({maxWidth:\"95%\", maxHeight:\"95%\",title: function(){ return jQuery(this).children().attr(\"alt\"); }, });\r\n\t});\r\n\/\/ ]]>\r\n<\/script>\n<dl class=\"gallery-item\">\n<dt class=\"gallery-icon\">\r\n<a href=\"https:\/\/www.hrtjisvet.org\/hs\/wp-content\/uploads\/2025\/10\/568910450_1252353323603585_3340805164518603173_n.jpg\" title=\"\" rel=\"gallery1\"><img loading=\"lazy\" decoding=\"async\" src=\"https:\/\/www.hrtjisvet.org\/hs\/wp-content\/uploads\/2025\/10\/568910450_1252353323603585_3340805164518603173_n-240x300.jpg\" width=\"240\" height=\"300\" alt=\"\" \/><\/a>\r\n<\/dt><\/dl><dl class=\"gallery-item\">\n<dt class=\"gallery-icon\">\r\n<a href=\"https:\/\/www.hrtjisvet.org\/hs\/wp-content\/uploads\/2025\/10\/568663031_1252353326936918_7515378752535886333_n.jpg\" title=\"\" rel=\"gallery1\"><img loading=\"lazy\" decoding=\"async\" src=\"https:\/\/www.hrtjisvet.org\/hs\/wp-content\/uploads\/2025\/10\/568663031_1252353326936918_7515378752535886333_n-240x300.jpg\" width=\"240\" height=\"300\" alt=\"\" \/><\/a>\r\n<\/dt><\/dl><dl class=\"gallery-item\">\n<dt class=\"gallery-icon\">\r\n<a href=\"https:\/\/www.hrtjisvet.org\/hs\/wp-content\/uploads\/2025\/10\/568144478_1252353400270244_8984802100929340781_n.jpg\" title=\"\" rel=\"gallery1\"><img loading=\"lazy\" decoding=\"async\" src=\"https:\/\/www.hrtjisvet.org\/hs\/wp-content\/uploads\/2025\/10\/568144478_1252353400270244_8984802100929340781_n-240x300.jpg\" width=\"240\" height=\"300\" alt=\"\" \/><\/a>\r\n<\/dt><\/dl><br style=\"clear: both\" \/><dl class=\"gallery-item\">\n<dt class=\"gallery-icon\">\r\n<a href=\"https:\/\/www.hrtjisvet.org\/hs\/wp-content\/uploads\/2025\/10\/568130836_1252353470270237_8222248111277022870_n.jpg\" title=\"\" rel=\"gallery1\"><img loading=\"lazy\" decoding=\"async\" src=\"https:\/\/www.hrtjisvet.org\/hs\/wp-content\/uploads\/2025\/10\/568130836_1252353470270237_8222248111277022870_n-240x300.jpg\" width=\"240\" height=\"300\" alt=\"\" \/><\/a>\r\n<\/dt><\/dl><dl class=\"gallery-item\">\n<dt class=\"gallery-icon\">\r\n<a href=\"https:\/\/www.hrtjisvet.org\/hs\/wp-content\/uploads\/2025\/10\/567955347_1252353380270246_2773789510085911020_n.jpg\" title=\"\" rel=\"gallery1\"><img loading=\"lazy\" decoding=\"async\" src=\"https:\/\/www.hrtjisvet.org\/hs\/wp-content\/uploads\/2025\/10\/567955347_1252353380270246_2773789510085911020_n-240x300.jpg\" width=\"240\" height=\"300\" alt=\"\" \/><\/a>\r\n<\/dt><\/dl><dl class=\"gallery-item\">\n<dt class=\"gallery-icon\">\r\n<a href=\"https:\/\/www.hrtjisvet.org\/hs\/wp-content\/uploads\/2025\/10\/567689154_1252353413603576_2184776935360405171_n.jpg\" title=\"\" rel=\"gallery1\"><img loading=\"lazy\" decoding=\"async\" src=\"https:\/\/www.hrtjisvet.org\/hs\/wp-content\/uploads\/2025\/10\/567689154_1252353413603576_2184776935360405171_n-240x300.jpg\" width=\"240\" height=\"300\" alt=\"\" \/><\/a>\r\n<\/dt><\/dl><br style=\"clear: both\" \/><dl class=\"gallery-item\">\n<dt class=\"gallery-icon\">\r\n<a href=\"https:\/\/www.hrtjisvet.org\/hs\/wp-content\/uploads\/2025\/10\/566348949_1252353320270252_5005587430386599064_n.jpg\" title=\"\" rel=\"gallery1\"><img loading=\"lazy\" decoding=\"async\" src=\"https:\/\/www.hrtjisvet.org\/hs\/wp-content\/uploads\/2025\/10\/566348949_1252353320270252_5005587430386599064_n-240x300.jpg\" width=\"240\" height=\"300\" alt=\"\" \/><\/a>\r\n<\/dt><\/dl>\r\n\t\t\t<br style='clear: both' \/>\r\n\t\t<\/div>\n\n","protected":false},"excerpt":{"rendered":"<p>Pasma: greyhound Spol: samec Barva: \u010drna. Datum rojstva: 23.07.2022 &nbsp; Bigsy, s tekmovalnim imenom Bigsys Choice, je pri\u0161el v zaveti\u0161\u010de v za\u010detku septembra. Pripeljal ga je lastnik z \u017eeljo, da mu najdejo lep dom. Bigsy je mlad sam\u010dek, ve\u010dji (ple\u010dna vi\u0161ina je 70cm) in krasne \u010drno bele barve. Je zelo vesel greyhound, vedno se te [&hellip;]<\/p>\n","protected":false},"author":6,"featured_media":0,"parent":0,"menu_order":0,"comment_status":"closed","ping_status":"closed","template":"page-full.php","meta":{"footnotes":""},"class_list":["post-26578","page","type-page","status-publish","hentry"],"_links":{"self":[{"href":"https:\/\/www.hrtjisvet.org\/hs\/wp-json\/wp\/v2\/pages\/26578","targetHints":{"allow":["GET"]}}],"collection":[{"href":"https:\/\/www.hrtjisvet.org\/hs\/wp-json\/wp\/v2\/pages"}],"about":[{"href":"https:\/\/www.hrtjisvet.org\/hs\/wp-json\/wp\/v2\/types\/page"}],"author":[{"embeddable":true,"href":"https:\/\/www.hrtjisvet.org\/hs\/wp-json\/wp\/v2\/users\/6"}],"replies":[{"embeddable":true,"href":"https:\/\/www.hrtjisvet.org\/hs\/wp-json\/wp\/v2\/comments?post=26578"}],"version-history":[{"count":2,"href":"https:\/\/www.hrtjisvet.org\/hs\/wp-json\/wp\/v2\/pages\/26578\/revisions"}],"predecessor-version":[{"id":26587,"href":"https:\/\/www.hrtjisvet.org\/hs\/wp-json\/wp\/v2\/pages\/26578\/revisions\/26587"}],"wp:attachment":[{"href":"https:\/\/www.hrtjisvet.org\/hs\/wp-json\/wp\/v2\/media?parent=26578"}],"curies":[{"name":"wp","href":"https:\/\/api.w.org\/{rel}","templated":true}]}}