{"id":26402,"date":"2025-08-14T07:39:49","date_gmt":"2025-08-14T05:39:49","guid":{"rendered":"https:\/\/www.hrtjisvet.org\/hs\/?page_id=26402"},"modified":"2025-08-14T07:39:49","modified_gmt":"2025-08-14T05:39:49","slug":"lurcher-marvin","status":"publish","type":"page","link":"https:\/\/www.hrtjisvet.org\/hs\/lurcher-marvin\/","title":{"rendered":"Lurcher Marvin"},"content":{"rendered":"<p style=\"text-align: center;\"><strong>Pasma: lurcher <\/strong><br \/>\n<strong>Spol: samec <\/strong><br \/>\n<strong>Barva: rjavo-bela<\/strong><br \/>\n<strong>Datum rojstva: 11.2.2023<\/strong><\/p>\n<div style=\"text-align: center;\"><a  href=\"https:\/\/forms.gle\/fFCpjo1fBNHMqCPJA\"><div class=\"button2\" style=\"background-color: #F70A69\">IZPOLNITE INFORMATIVNI VPRA\u0160ALNIK ZA POSVOJITEV<\/div><\/a><\/div>\n<p>&nbsp;<\/p>\n<hr \/>\n<p><a href=\"https:\/\/www.hrtjisvet.org\/hs\/wp-content\/uploads\/2025\/08\/1000007020-scaled.jpg\"><img loading=\"lazy\" decoding=\"async\" class=\"alignright wp-image-26409 size-medium\" src=\"https:\/\/www.hrtjisvet.org\/hs\/wp-content\/uploads\/2025\/08\/1000007020-225x300.jpg\" alt=\"\" width=\"225\" height=\"300\" srcset=\"https:\/\/www.hrtjisvet.org\/hs\/wp-content\/uploads\/2025\/08\/1000007020-225x300.jpg 225w, https:\/\/www.hrtjisvet.org\/hs\/wp-content\/uploads\/2025\/08\/1000007020-768x1024.jpg 768w, https:\/\/www.hrtjisvet.org\/hs\/wp-content\/uploads\/2025\/08\/1000007020-1152x1536.jpg 1152w, https:\/\/www.hrtjisvet.org\/hs\/wp-content\/uploads\/2025\/08\/1000007020-1536x2048.jpg 1536w, https:\/\/www.hrtjisvet.org\/hs\/wp-content\/uploads\/2025\/08\/1000007020-scaled.jpg 1920w\" sizes=\"auto, (max-width: 225px) 100vw, 225px\" \/><\/a>Marvin je manj\u0161i lurcher, bele in rjave barve. V zaveti\u0161\u010du je bival v hi\u0161i s \u0161tirimi sami\u010dkami. Je carkljiv, umirjen sam\u010dek. Zelo rad je v dru\u017ebi ljudi. Ko smo ga peljali na sprehod, je zelo lepo hodil na povodcu.<\/p>\n<p>Njegova preteklost sicer ni znana, menimo pa, da njegovo \u017eivljenje sigurno ni bilo lahko. Ob prisotnosti drugega psa je potrebno \u0161e posebej paziti, \u010de je prisotna hrana. Tudi kuhinjske police naj bodo vedno pospravljene \u2013 Marvin ima namre\u010d talent za iskanje pribolj\u0161kov (pasjih in \u010dlove\u0161kih)! =)<\/p>\n<p>Naredili smo tudi test na ma\u010dko, ki ga ni uspe\u0161no prestal, zato dom kjer biva ma\u010dka zanj ni primeren.<br \/>\nDobro se razume z manj\u0161imi psi. V hi\u0161i je prebival s Consiergom, malim terierjem, s katerim je lepo sobival.<\/p>\n<hr \/>\n\r\n\t\t<style type='text\/css'>\r\n\t\t\t#gallery-1 {\r\n\t\t\t\tmargin: auto;\r\n\t\t\t}\r\n\t\t\t#gallery-1 .gallery-item {\r\n\t\t\t\tfloat: left;\r\n\t\t\t\tmargin-top: 10px;\r\n\t\t\t\ttext-align: center;\r\n\t\t\t\twidth: 33%;\r\n\t\t\t}\r\n\t\t\t#gallery-1 img {\r\n\t\t\t\tborder: 2px solid #cfcfcf;\r\n\t\t\t}\r\n\t\t\t#gallery-1 .gallery-caption {\r\n\t\t\t\tmargin-left: 0;\r\n\t\t\t}\r\n\t\t<\/style>\r\n\t\t<!-- see gallery_shortcode() in wp-includes\/media.php -->\n\t\t<div id='gallery-1' class='gallery galleryid-26402 gallery-columns-3 gallery-size-medium gallery1'><script type=\"text\/javascript\">\r\n\/\/ <![CDATA[\r\n\tjQuery(document).ready(function () {\r\n\t\tjQuery(\".gallery1 a\").attr(\"rel\",\"gallery1\");\t\r\n\t\tjQuery('a[rel=\"gallery1\"]').colorbox({maxWidth:\"95%\", maxHeight:\"95%\",title: function(){ return jQuery(this).children().attr(\"alt\"); }, });\r\n\t});\r\n\/\/ ]]>\r\n<\/script>\n<dl class=\"gallery-item\">\n<dt class=\"gallery-icon\">\r\n<a href=\"https:\/\/www.hrtjisvet.org\/hs\/wp-content\/uploads\/2025\/08\/1000007026-scaled.jpg\" title=\"\" rel=\"gallery1\"><img loading=\"lazy\" decoding=\"async\" src=\"https:\/\/www.hrtjisvet.org\/hs\/wp-content\/uploads\/2025\/08\/1000007026-300x225.jpg\" width=\"300\" height=\"225\" alt=\"\" \/><\/a>\r\n<\/dt><\/dl><dl class=\"gallery-item\">\n<dt class=\"gallery-icon\">\r\n<a href=\"https:\/\/www.hrtjisvet.org\/hs\/wp-content\/uploads\/2025\/08\/1000007025-scaled.jpg\" title=\"\" rel=\"gallery1\"><img loading=\"lazy\" decoding=\"async\" src=\"https:\/\/www.hrtjisvet.org\/hs\/wp-content\/uploads\/2025\/08\/1000007025-300x225.jpg\" width=\"300\" height=\"225\" alt=\"\" \/><\/a>\r\n<\/dt><\/dl><dl class=\"gallery-item\">\n<dt class=\"gallery-icon\">\r\n<a href=\"https:\/\/www.hrtjisvet.org\/hs\/wp-content\/uploads\/2025\/08\/1000007024-scaled.jpg\" title=\"\" rel=\"gallery1\"><img loading=\"lazy\" decoding=\"async\" src=\"https:\/\/www.hrtjisvet.org\/hs\/wp-content\/uploads\/2025\/08\/1000007024-300x225.jpg\" width=\"300\" height=\"225\" alt=\"\" \/><\/a>\r\n<\/dt><\/dl><br style=\"clear: both\" \/><dl class=\"gallery-item\">\n<dt class=\"gallery-icon\">\r\n<a href=\"https:\/\/www.hrtjisvet.org\/hs\/wp-content\/uploads\/2025\/08\/1000007020-scaled.jpg\" title=\"\" rel=\"gallery1\"><img loading=\"lazy\" decoding=\"async\" src=\"https:\/\/www.hrtjisvet.org\/hs\/wp-content\/uploads\/2025\/08\/1000007020-225x300.jpg\" width=\"225\" height=\"300\" alt=\"\" \/><\/a>\r\n<\/dt><\/dl><dl class=\"gallery-item\">\n<dt class=\"gallery-icon\">\r\n<a href=\"https:\/\/www.hrtjisvet.org\/hs\/wp-content\/uploads\/2025\/08\/1000007019-scaled.jpg\" title=\"\" rel=\"gallery1\"><img loading=\"lazy\" decoding=\"async\" src=\"https:\/\/www.hrtjisvet.org\/hs\/wp-content\/uploads\/2025\/08\/1000007019-225x300.jpg\" width=\"225\" height=\"300\" alt=\"\" \/><\/a>\r\n<\/dt><\/dl><dl class=\"gallery-item\">\n<dt class=\"gallery-icon\">\r\n<a href=\"https:\/\/www.hrtjisvet.org\/hs\/wp-content\/uploads\/2025\/08\/1000007018-scaled.jpg\" title=\"\" rel=\"gallery1\"><img loading=\"lazy\" decoding=\"async\" src=\"https:\/\/www.hrtjisvet.org\/hs\/wp-content\/uploads\/2025\/08\/1000007018-225x300.jpg\" width=\"225\" height=\"300\" alt=\"\" \/><\/a>\r\n<\/dt><\/dl><br style=\"clear: both\" \/><dl class=\"gallery-item\">\n<dt class=\"gallery-icon\">\r\n<a href=\"https:\/\/www.hrtjisvet.org\/hs\/wp-content\/uploads\/2025\/08\/1000007017-scaled.jpg\" title=\"\" rel=\"gallery1\"><img loading=\"lazy\" decoding=\"async\" src=\"https:\/\/www.hrtjisvet.org\/hs\/wp-content\/uploads\/2025\/08\/1000007017-225x300.jpg\" width=\"225\" height=\"300\" alt=\"\" \/><\/a>\r\n<\/dt><\/dl><dl class=\"gallery-item\">\n<dt class=\"gallery-icon\">\r\n<a href=\"https:\/\/www.hrtjisvet.org\/hs\/wp-content\/uploads\/2025\/08\/1000007013-scaled.jpg\" title=\"\" rel=\"gallery1\"><img loading=\"lazy\" decoding=\"async\" src=\"https:\/\/www.hrtjisvet.org\/hs\/wp-content\/uploads\/2025\/08\/1000007013-225x300.jpg\" width=\"225\" height=\"300\" alt=\"\" \/><\/a>\r\n<\/dt><\/dl><dl class=\"gallery-item\">\n<dt class=\"gallery-icon\">\r\n<a href=\"https:\/\/www.hrtjisvet.org\/hs\/wp-content\/uploads\/2025\/08\/1000006476-scaled.jpg\" title=\"\" rel=\"gallery1\"><img loading=\"lazy\" decoding=\"async\" src=\"https:\/\/www.hrtjisvet.org\/hs\/wp-content\/uploads\/2025\/08\/1000006476-225x300.jpg\" width=\"225\" height=\"300\" alt=\"\" \/><\/a>\r\n<\/dt><\/dl><br style=\"clear: both\" \/>\r\n\t\t<\/div>\n\n","protected":false},"excerpt":{"rendered":"<p>Pasma: lurcher Spol: samec Barva: rjavo-bela Datum rojstva: 11.2.2023 &nbsp; Marvin je manj\u0161i lurcher, bele in rjave barve. V zaveti\u0161\u010du je bival v hi\u0161i s \u0161tirimi sami\u010dkami. Je carkljiv, umirjen sam\u010dek. Zelo rad je v dru\u017ebi ljudi. Ko smo ga peljali na sprehod, je zelo lepo hodil na povodcu. Njegova preteklost sicer ni znana, menimo [&hellip;]<\/p>\n","protected":false},"author":6,"featured_media":0,"parent":0,"menu_order":0,"comment_status":"closed","ping_status":"closed","template":"page-full.php","meta":{"footnotes":""},"class_list":["post-26402","page","type-page","status-publish","hentry"],"_links":{"self":[{"href":"https:\/\/www.hrtjisvet.org\/hs\/wp-json\/wp\/v2\/pages\/26402","targetHints":{"allow":["GET"]}}],"collection":[{"href":"https:\/\/www.hrtjisvet.org\/hs\/wp-json\/wp\/v2\/pages"}],"about":[{"href":"https:\/\/www.hrtjisvet.org\/hs\/wp-json\/wp\/v2\/types\/page"}],"author":[{"embeddable":true,"href":"https:\/\/www.hrtjisvet.org\/hs\/wp-json\/wp\/v2\/users\/6"}],"replies":[{"embeddable":true,"href":"https:\/\/www.hrtjisvet.org\/hs\/wp-json\/wp\/v2\/comments?post=26402"}],"version-history":[{"count":1,"href":"https:\/\/www.hrtjisvet.org\/hs\/wp-json\/wp\/v2\/pages\/26402\/revisions"}],"predecessor-version":[{"id":26413,"href":"https:\/\/www.hrtjisvet.org\/hs\/wp-json\/wp\/v2\/pages\/26402\/revisions\/26413"}],"wp:attachment":[{"href":"https:\/\/www.hrtjisvet.org\/hs\/wp-json\/wp\/v2\/media?parent=26402"}],"curies":[{"name":"wp","href":"https:\/\/api.w.org\/{rel}","templated":true}]}}