{"id":25221,"date":"2025-02-12T09:28:15","date_gmt":"2025-02-12T08:28:15","guid":{"rendered":"https:\/\/www.hrtjisvet.org\/hs\/?page_id=25221"},"modified":"2025-02-12T09:28:15","modified_gmt":"2025-02-12T08:28:15","slug":"hrtje-nalepke","status":"publish","type":"page","link":"https:\/\/www.hrtjisvet.org\/hs\/hrtje-nalepke\/","title":{"rendered":"Hrtje nalepke"},"content":{"rendered":"<div class=\"x11i5rnm xat24cr x1mh8g0r x1vvkbs xtlvy1s x126k92a\">\n<div dir=\"auto\"><\/div>\n<div dir=\"auto\">Tukaj so! Navihane, posre\u010dene, simpati\u010dne, tipi\u010dno hrtje nalepke za avto.\u00a0<span class=\"html-span xexx8yu x4uap5 x18d9i69 xkhd6sd x1hl2dhg x16tdsg8 x1vvkbs x3nfvp2 x1j61x8r x1fcty0u xdj266r xat24cr xgzva0m xhhsvwb xxymvpz xlup9mm x1kky2od\"><img loading=\"lazy\" decoding=\"async\" class=\"xz74otr\" src=\"https:\/\/static.xx.fbcdn.net\/images\/emoji.php\/v9\/t4c\/1\/16\/1f642.png\" alt=\"\ud83d\ude42\" width=\"16\" height=\"16\" \/><\/span><br class=\"html-br\" \/><br class=\"html-br\" \/>Trije razli\u010dni motivi z ilustracijami na\u0161ega posvojitelja Igorja so na voljo v zameno za donacijo. Z njimi boste tudi mimoido\u010dim na obraz narisali nasmeh, ko jih bodo opazili in kdo ve, mogo\u010de jih skozi okno pogleda radoveden hrtji smr\u010dek.\u00a0<span class=\"html-span xexx8yu x4uap5 x18d9i69 xkhd6sd x1hl2dhg x16tdsg8 x1vvkbs x3nfvp2 x1j61x8r x1fcty0u xdj266r xat24cr xgzva0m xhhsvwb xxymvpz xlup9mm x1kky2od\"><img loading=\"lazy\" decoding=\"async\" class=\"xz74otr\" src=\"https:\/\/static.xx.fbcdn.net\/images\/emoji.php\/v9\/t4c\/1\/16\/1f642.png\" alt=\"\ud83d\ude42\" width=\"16\" height=\"16\" \/><\/span><\/div>\n<\/div>\n<div dir=\"auto\"><\/div>\n<div dir=\"auto\">Velikost nalepk je 10 x 11 cm.<\/div>\n<div class=\"x11i5rnm xat24cr x1mh8g0r x1vvkbs xtlvy1s x126k92a\">\n<div dir=\"auto\"><\/div>\n<div dir=\"auto\"><\/div>\n<p><a href=\"https:\/\/www.hrtjisvet.org\/hs\/wp-content\/uploads\/2025\/02\/nalepke1.jpg\"><img loading=\"lazy\" decoding=\"async\" class=\"aligncenter wp-image-25222 size-large\" src=\"https:\/\/www.hrtjisvet.org\/hs\/wp-content\/uploads\/2025\/02\/nalepke1-1024x358.jpg\" alt=\"\" width=\"960\" height=\"336\" srcset=\"https:\/\/www.hrtjisvet.org\/hs\/wp-content\/uploads\/2025\/02\/nalepke1-1024x358.jpg 1024w, https:\/\/www.hrtjisvet.org\/hs\/wp-content\/uploads\/2025\/02\/nalepke1-300x105.jpg 300w, https:\/\/www.hrtjisvet.org\/hs\/wp-content\/uploads\/2025\/02\/nalepke1-768x269.jpg 768w, https:\/\/www.hrtjisvet.org\/hs\/wp-content\/uploads\/2025\/02\/nalepke1-1536x538.jpg 1536w, https:\/\/www.hrtjisvet.org\/hs\/wp-content\/uploads\/2025\/02\/nalepke1-2048x717.jpg 2048w\" sizes=\"auto, (max-width: 960px) 100vw, 960px\" \/><\/a><\/p>\n<div class=\"x11i5rnm xat24cr x1mh8g0r x1vvkbs xtlvy1s x126k92a\">\n<div dir=\"auto\"><\/div>\n<div dir=\"auto\"><\/div>\n<div dir=\"auto\">Cena nalepke je <strong>5 EUR<\/strong>.<\/div>\n<div dir=\"auto\"><\/div>\n<\/div>\n<div class=\"x11i5rnm xat24cr x1mh8g0r x1vvkbs xtlvy1s x126k92a\">\n<div dir=\"auto\"><\/div>\n<\/div>\n<div class=\"x11i5rnm xat24cr x1mh8g0r x1vvkbs xtlvy1s x126k92a\">\n<div dir=\"auto\">Za informacije o razpolo\u017eljivih motivih in naro\u010dila nam pi\u0161ite na <strong>narocila@hrtjisvet.org<\/strong>.<\/div>\n<\/div>\n<div dir=\"auto\"><\/div>\n<div class=\"x11i5rnm xat24cr x1mh8g0r x1vvkbs xtlvy1s x126k92a\">\n<div dir=\"auto\">Dru\u0161tvo Hrtji svet<\/div>\n<div dir=\"auto\"><a class=\"x1i10hfl xjbqb8w x6umtig x1b1mbwd xaqea5y xav7gou x9f619 x1ypdohk xt0psk2 xe8uvvx xdj266r x11i5rnm xat24cr x1mh8g0r xexx8yu x4uap5 x18d9i69 xkhd6sd x16tdsg8 x1hl2dhg xggy1nq x1a2a7pz xt0b8zv x1fey0fg\" tabindex=\"0\" role=\"link\" href=\"https:\/\/l.facebook.com\/l.php?u=http%3A%2F%2Fwww.hrtjisvet.org%2F%3Ffbclid%3DIwAR1OJ24w_5gEpX1xRaq-SeF8-maaVMr1HJ-PSM3KtT7URiWC_-tiA9MfHc4&amp;h=AT3KViYRQyoM3VgrUHcktEVJKk_hWie787jkd6eXXMaVsmUp8XIMOJbMHl2rIUzPsMrHR-6qL4PYynnzcCPPpgjxTnTPgNppDpNtQBKcwVmbQXz_IRJlKpvkBhukjGRf39zD&amp;__tn__=-UK-R&amp;c[0]=AT1k6u7vC-VaX_jrFe3g3mZqqOhu5WXVOwboqkxngfJAi5kNMQmwne5HaKQOTi7DSsyhcTTtVJUlMZNL7gZInfw_znBAvfkOPh5iV40FLoREdjWOGg-hQGQverdWjZbjmwMuje_e36lEEMpikKOWP0l6jLsUOWC02LlErFcF7S6B4omyxPXDMRwpQLQm5wR4E6CZ9A4lm067\" target=\"_blank\" rel=\"nofollow noopener noreferrer\">www.hrtjisvet.org<\/a><\/div>\n<div dir=\"auto\">info@hrtjisvet.org<\/div>\n<\/div>\n<\/div>\n","protected":false},"excerpt":{"rendered":"<p>Tukaj so! Navihane, posre\u010dene, simpati\u010dne, tipi\u010dno hrtje nalepke za avto.\u00a0Trije razli\u010dni motivi z ilustracijami na\u0161ega posvojitelja Igorja so na voljo v zameno za donacijo. Z njimi boste tudi mimoido\u010dim na obraz narisali nasmeh, ko jih bodo opazili in kdo ve, mogo\u010de jih skozi okno pogleda radoveden hrtji smr\u010dek.\u00a0 Velikost nalepk je 10 x 11 cm. [&hellip;]<\/p>\n","protected":false},"author":6,"featured_media":0,"parent":0,"menu_order":0,"comment_status":"closed","ping_status":"closed","template":"page-full.php","meta":{"footnotes":""},"class_list":["post-25221","page","type-page","status-publish","hentry"],"_links":{"self":[{"href":"https:\/\/www.hrtjisvet.org\/hs\/wp-json\/wp\/v2\/pages\/25221","targetHints":{"allow":["GET"]}}],"collection":[{"href":"https:\/\/www.hrtjisvet.org\/hs\/wp-json\/wp\/v2\/pages"}],"about":[{"href":"https:\/\/www.hrtjisvet.org\/hs\/wp-json\/wp\/v2\/types\/page"}],"author":[{"embeddable":true,"href":"https:\/\/www.hrtjisvet.org\/hs\/wp-json\/wp\/v2\/users\/6"}],"replies":[{"embeddable":true,"href":"https:\/\/www.hrtjisvet.org\/hs\/wp-json\/wp\/v2\/comments?post=25221"}],"version-history":[{"count":1,"href":"https:\/\/www.hrtjisvet.org\/hs\/wp-json\/wp\/v2\/pages\/25221\/revisions"}],"predecessor-version":[{"id":25223,"href":"https:\/\/www.hrtjisvet.org\/hs\/wp-json\/wp\/v2\/pages\/25221\/revisions\/25223"}],"wp:attachment":[{"href":"https:\/\/www.hrtjisvet.org\/hs\/wp-json\/wp\/v2\/media?parent=25221"}],"curies":[{"name":"wp","href":"https:\/\/api.w.org\/{rel}","templated":true}]}}