{"id":25191,"date":"2025-02-11T14:34:59","date_gmt":"2025-02-11T13:34:59","guid":{"rendered":"https:\/\/www.hrtjisvet.org\/hs\/?page_id=25191"},"modified":"2025-02-11T14:34:59","modified_gmt":"2025-02-11T13:34:59","slug":"knjiga-greyhound-glossary-2","status":"publish","type":"page","link":"https:\/\/www.hrtjisvet.org\/hs\/knjiga-greyhound-glossary-2\/","title":{"rendered":"Knjiga Greyhound Glossary 2"},"content":{"rendered":"<div class=\"xdj266r x11i5rnm xat24cr x1mh8g0r x1vvkbs x126k92a\">\n<div dir=\"auto\">Se tudi vi sre\u010dujete s to te\u017eavo? Ima va\u0161 posvojenec ve\u010d ovratnic kot vi parov \u010devljev?\u00a0<span class=\"html-span xexx8yu x4uap5 x18d9i69 xkhd6sd x1hl2dhg x16tdsg8 x1vvkbs x3nfvp2 x1j61x8r x1fcty0u xdj266r xat24cr xgzva0m xhhsvwb xxymvpz xlup9mm x1kky2od\"><img loading=\"lazy\" decoding=\"async\" class=\"xz74otr\" src=\"https:\/\/static.xx.fbcdn.net\/images\/emoji.php\/v9\/t51\/1\/16\/1f603.png\" alt=\"\ud83d\ude03\" width=\"16\" height=\"16\" \/><\/span><\/div>\n<div dir=\"auto\"><\/div>\n<\/div>\n<div class=\"x11i5rnm xat24cr x1mh8g0r x1vvkbs xtlvy1s x126k92a\">\n<div dir=\"auto\">Knjigo Greyhound Glossary 2, avtorja Richarda Skipwortha, lahko naro\u010dite pri nas.<\/div>\n<\/div>\n<div class=\"x11i5rnm xat24cr x1mh8g0r x1vvkbs xtlvy1s x126k92a\">\n<div dir=\"auto\">\n<p><a href=\"https:\/\/www.hrtjisvet.org\/hs\/wp-content\/uploads\/2025\/02\/Knjigfa.jpg\"><img loading=\"lazy\" decoding=\"async\" width=\"1024\" height=\"768\" class=\"aligncenter size-large wp-image-25192\" src=\"https:\/\/www.hrtjisvet.org\/hs\/wp-content\/uploads\/2025\/02\/Knjigfa-1024x768.jpg\" alt=\"\" srcset=\"https:\/\/www.hrtjisvet.org\/hs\/wp-content\/uploads\/2025\/02\/Knjigfa-1024x768.jpg 1024w, https:\/\/www.hrtjisvet.org\/hs\/wp-content\/uploads\/2025\/02\/Knjigfa-300x225.jpg 300w, https:\/\/www.hrtjisvet.org\/hs\/wp-content\/uploads\/2025\/02\/Knjigfa-768x576.jpg 768w, https:\/\/www.hrtjisvet.org\/hs\/wp-content\/uploads\/2025\/02\/Knjigfa-1536x1152.jpg 1536w, https:\/\/www.hrtjisvet.org\/hs\/wp-content\/uploads\/2025\/02\/Knjigfa.jpg 2048w\" sizes=\"auto, (max-width: 1024px) 100vw, 1024px\" \/><\/a><\/p>\n<\/div>\n<\/div>\n<div dir=\"auto\"><\/div>\n<div class=\"x11i5rnm xat24cr x1mh8g0r x1vvkbs xtlvy1s x126k92a\">\n<div dir=\"auto\"><\/div>\n<div dir=\"auto\"><\/div>\n<div dir=\"auto\"><\/div>\n<div dir=\"auto\">Cena knjige je <strong>23 EUR .<\/strong><\/div>\n<\/div>\n<div class=\"x11i5rnm xat24cr x1mh8g0r x1vvkbs xtlvy1s x126k92a\">\n<div dir=\"auto\">Naro\u010dite jo lahko na <strong>narocila@hrtjisvet.org<\/strong>.<\/div>\n<\/div>\n<div dir=\"auto\"><\/div>\n<div class=\"x11i5rnm xat24cr x1mh8g0r x1vvkbs xtlvy1s x126k92a\">\n<div dir=\"auto\">Dru\u0161tvo Hrtji svet<\/div>\n<div dir=\"auto\"><a class=\"x1i10hfl xjbqb8w x6umtig x1b1mbwd xaqea5y xav7gou x9f619 x1ypdohk xt0psk2 xe8uvvx xdj266r x11i5rnm xat24cr x1mh8g0r xexx8yu x4uap5 x18d9i69 xkhd6sd x16tdsg8 x1hl2dhg xggy1nq x1a2a7pz xt0b8zv x1fey0fg\" tabindex=\"0\" role=\"link\" href=\"https:\/\/l.facebook.com\/l.php?u=http%3A%2F%2Fwww.hrtjisvet.org%2F%3Ffbclid%3DIwAR1w1AQPkh95RjCb5x0XJvWcX3dYb09PPPIXUwUx7omfxUXoR4ZFdPbgtsA&amp;h=AT1HPUXJEdASlpUfcSvldfcLy0DMq7IR0UU9I85U4pa3OxVm95K99CkQ9GuuI3GIDQ33Qr3Ia63ifQTAt3J0rdPnEGDgrGPaxQEBihRKSPZNhOgJAjzRe7O1RUKp_xqt8P-E&amp;__tn__=-UK-R&amp;c[0]=AT29MwTyEIlk6cD9DwEVIpnkesfnK7NaO5hTBJmCBvPe5jcdKlVFn-i6LeguFkBOrnzczzKoD9kjDVGoPPoeZkGWlOg1bRqWGNapcZ43vvGBvDPK-gXSTozujqxQuT3swtE-gRWaFVFWIRSgml4pRHfJWCW3MakmKlnOBaTRyTR7ko9XphyWeKgQK6ru92onsxY0BKBmEhwQ\" target=\"_blank\" rel=\"nofollow noopener noreferrer\">www.hrtjisvet.org<\/a><\/div>\n<div dir=\"auto\">info@hrtjisvet.org<\/div>\n<\/div>\n","protected":false},"excerpt":{"rendered":"<p>Se tudi vi sre\u010dujete s to te\u017eavo? Ima va\u0161 posvojenec ve\u010d ovratnic kot vi parov \u010devljev?\u00a0 Knjigo Greyhound Glossary 2, avtorja Richarda Skipwortha, lahko naro\u010dite pri nas. Cena knjige je 23 EUR . Naro\u010dite jo lahko na narocila@hrtjisvet.org. Dru\u0161tvo Hrtji svet www.hrtjisvet.org info@hrtjisvet.org<\/p>\n","protected":false},"author":6,"featured_media":0,"parent":0,"menu_order":0,"comment_status":"closed","ping_status":"closed","template":"page-full.php","meta":{"footnotes":""},"class_list":["post-25191","page","type-page","status-publish","hentry"],"_links":{"self":[{"href":"https:\/\/www.hrtjisvet.org\/hs\/wp-json\/wp\/v2\/pages\/25191","targetHints":{"allow":["GET"]}}],"collection":[{"href":"https:\/\/www.hrtjisvet.org\/hs\/wp-json\/wp\/v2\/pages"}],"about":[{"href":"https:\/\/www.hrtjisvet.org\/hs\/wp-json\/wp\/v2\/types\/page"}],"author":[{"embeddable":true,"href":"https:\/\/www.hrtjisvet.org\/hs\/wp-json\/wp\/v2\/users\/6"}],"replies":[{"embeddable":true,"href":"https:\/\/www.hrtjisvet.org\/hs\/wp-json\/wp\/v2\/comments?post=25191"}],"version-history":[{"count":1,"href":"https:\/\/www.hrtjisvet.org\/hs\/wp-json\/wp\/v2\/pages\/25191\/revisions"}],"predecessor-version":[{"id":25193,"href":"https:\/\/www.hrtjisvet.org\/hs\/wp-json\/wp\/v2\/pages\/25191\/revisions\/25193"}],"wp:attachment":[{"href":"https:\/\/www.hrtjisvet.org\/hs\/wp-json\/wp\/v2\/media?parent=25191"}],"curies":[{"name":"wp","href":"https:\/\/api.w.org\/{rel}","templated":true}]}}