{"id":25162,"date":"2025-02-11T13:56:34","date_gmt":"2025-02-11T12:56:34","guid":{"rendered":"https:\/\/www.hrtjisvet.org\/hs\/?page_id=25162"},"modified":"2025-02-11T13:56:34","modified_gmt":"2025-02-11T12:56:34","slug":"bidoni","status":"publish","type":"page","link":"https:\/\/www.hrtjisvet.org\/hs\/bidoni\/","title":{"rendered":"Bidoni"},"content":{"rendered":"<div class=\"x11i5rnm xat24cr x1mh8g0r x1vvkbs xtlvy1s x126k92a\">\n<div dir=\"auto\"><\/div>\n<div dir=\"auto\">Ker vemo, da imamo kvalitetno pitno vodo in ker smo proti potro\u0161nji plasti\u010dne embala\u017ee, \u010de ni res potrebna &#8230; \ud83d\ude42 Vam predstavljamo tudi na\u0161e <strong>bidone<\/strong> &#8211; z motivom hrtka, seveda. \u2764 Na voljo so v razli\u010dnih barvah &#8211; \u010drni, sivi, rumeni, modri, rde\u010di.<\/div>\n<div dir=\"auto\"><\/div>\n<div dir=\"auto\"><\/div>\n<div dir=\"auto\"><a href=\"https:\/\/www.hrtjisvet.org\/hs\/wp-content\/uploads\/2025\/02\/Bidoni.jpg\"><img loading=\"lazy\" decoding=\"async\" class=\"aligncenter wp-image-25149 size-full\" src=\"https:\/\/www.hrtjisvet.org\/hs\/wp-content\/uploads\/2025\/02\/Bidoni.jpg\" alt=\"\" width=\"940\" height=\"788\" \/><\/a><\/div>\n<div class=\"x11i5rnm xat24cr x1mh8g0r x1vvkbs xtlvy1s x126k92a\">\n<div dir=\"auto\"><\/div>\n<div dir=\"auto\"><\/div>\n<div dir=\"auto\">Cena bidona je <strong>7 EUR<\/strong>.<\/div>\n<div dir=\"auto\"><\/div>\n<\/div>\n<div class=\"x11i5rnm xat24cr x1mh8g0r x1vvkbs xtlvy1s x126k92a\">\n<div dir=\"auto\"><\/div>\n<\/div>\n<div class=\"x11i5rnm xat24cr x1mh8g0r x1vvkbs xtlvy1s x126k92a\">\n<div dir=\"auto\">Za informacije o razpolo\u017eljivih barvah in nario\u010dila nam pi\u0161ite na <strong>narocila@hrtjisvet.org<\/strong>.<\/div>\n<\/div>\n<div dir=\"auto\"><\/div>\n<div class=\"x11i5rnm xat24cr x1mh8g0r x1vvkbs xtlvy1s x126k92a\">\n<div dir=\"auto\">Dru\u0161tvo Hrtji svet<\/div>\n<div dir=\"auto\"><a class=\"x1i10hfl xjbqb8w x6umtig x1b1mbwd xaqea5y xav7gou x9f619 x1ypdohk xt0psk2 xe8uvvx xdj266r x11i5rnm xat24cr x1mh8g0r xexx8yu x4uap5 x18d9i69 xkhd6sd x16tdsg8 x1hl2dhg xggy1nq x1a2a7pz xt0b8zv x1fey0fg\" tabindex=\"0\" role=\"link\" href=\"https:\/\/l.facebook.com\/l.php?u=http%3A%2F%2Fwww.hrtjisvet.org%2F%3Ffbclid%3DIwAR1OJ24w_5gEpX1xRaq-SeF8-maaVMr1HJ-PSM3KtT7URiWC_-tiA9MfHc4&amp;h=AT3KViYRQyoM3VgrUHcktEVJKk_hWie787jkd6eXXMaVsmUp8XIMOJbMHl2rIUzPsMrHR-6qL4PYynnzcCPPpgjxTnTPgNppDpNtQBKcwVmbQXz_IRJlKpvkBhukjGRf39zD&amp;__tn__=-UK-R&amp;c[0]=AT1k6u7vC-VaX_jrFe3g3mZqqOhu5WXVOwboqkxngfJAi5kNMQmwne5HaKQOTi7DSsyhcTTtVJUlMZNL7gZInfw_znBAvfkOPh5iV40FLoREdjWOGg-hQGQverdWjZbjmwMuje_e36lEEMpikKOWP0l6jLsUOWC02LlErFcF7S6B4omyxPXDMRwpQLQm5wR4E6CZ9A4lm067\" target=\"_blank\" rel=\"nofollow noopener noreferrer\">www.hrtjisvet.org<\/a><\/div>\n<div dir=\"auto\">info@hrtjisvet.org<\/div>\n<\/div>\n<\/div>\n","protected":false},"excerpt":{"rendered":"<p>Ker vemo, da imamo kvalitetno pitno vodo in ker smo proti potro\u0161nji plasti\u010dne embala\u017ee, \u010de ni res potrebna &#8230; \ud83d\ude42 Vam predstavljamo tudi na\u0161e bidone &#8211; z motivom hrtka, seveda. \u2764 Na voljo so v razli\u010dnih barvah &#8211; \u010drni, sivi, rumeni, modri, rde\u010di. Cena bidona je 7 EUR. Za informacije o razpolo\u017eljivih barvah in nario\u010dila [&hellip;]<\/p>\n","protected":false},"author":6,"featured_media":0,"parent":0,"menu_order":0,"comment_status":"closed","ping_status":"closed","template":"page-full.php","meta":{"footnotes":""},"class_list":["post-25162","page","type-page","status-publish","hentry"],"_links":{"self":[{"href":"https:\/\/www.hrtjisvet.org\/hs\/wp-json\/wp\/v2\/pages\/25162","targetHints":{"allow":["GET"]}}],"collection":[{"href":"https:\/\/www.hrtjisvet.org\/hs\/wp-json\/wp\/v2\/pages"}],"about":[{"href":"https:\/\/www.hrtjisvet.org\/hs\/wp-json\/wp\/v2\/types\/page"}],"author":[{"embeddable":true,"href":"https:\/\/www.hrtjisvet.org\/hs\/wp-json\/wp\/v2\/users\/6"}],"replies":[{"embeddable":true,"href":"https:\/\/www.hrtjisvet.org\/hs\/wp-json\/wp\/v2\/comments?post=25162"}],"version-history":[{"count":1,"href":"https:\/\/www.hrtjisvet.org\/hs\/wp-json\/wp\/v2\/pages\/25162\/revisions"}],"predecessor-version":[{"id":25170,"href":"https:\/\/www.hrtjisvet.org\/hs\/wp-json\/wp\/v2\/pages\/25162\/revisions\/25170"}],"wp:attachment":[{"href":"https:\/\/www.hrtjisvet.org\/hs\/wp-json\/wp\/v2\/media?parent=25162"}],"curies":[{"name":"wp","href":"https:\/\/api.w.org\/{rel}","templated":true}]}}