{"id":25147,"date":"2025-02-10T11:50:54","date_gmt":"2025-02-10T10:50:54","guid":{"rendered":"https:\/\/www.hrtjisvet.org\/hs\/?page_id=25147"},"modified":"2025-02-10T11:50:54","modified_gmt":"2025-02-10T10:50:54","slug":"deznik","status":"publish","type":"page","link":"https:\/\/www.hrtjisvet.org\/hs\/deznik\/","title":{"rendered":"De\u017enik"},"content":{"rendered":"<div class=\"x11i5rnm xat24cr x1mh8g0r x1vvkbs xtlvy1s x126k92a\">\n<div dir=\"auto\"><\/div>\n<div dir=\"auto\">Kvaliteten, velik <strong>de\u017enik<\/strong> \u010drne barve z modrim ogrodjem in hrtkom na zunanji strani. Ima protivetrno za\u0161\u010dito, odpira se avtomatsko.<\/div>\n<div dir=\"auto\"><\/div>\n<div dir=\"auto\"><\/div>\n<div dir=\"auto\"><a href=\"https:\/\/www.hrtjisvet.org\/hs\/wp-content\/uploads\/2025\/02\/brez-cene_koncna-1.png\"><img loading=\"lazy\" decoding=\"async\" class=\"aligncenter wp-image-25149 size-full\" src=\"https:\/\/www.hrtjisvet.org\/hs\/wp-content\/uploads\/2025\/02\/brez-cene_koncna-1.png\" alt=\"\" width=\"940\" height=\"788\" srcset=\"https:\/\/www.hrtjisvet.org\/hs\/wp-content\/uploads\/2025\/02\/brez-cene_koncna-1.png 940w, https:\/\/www.hrtjisvet.org\/hs\/wp-content\/uploads\/2025\/02\/brez-cene_koncna-1-300x251.png 300w, https:\/\/www.hrtjisvet.org\/hs\/wp-content\/uploads\/2025\/02\/brez-cene_koncna-1-768x644.png 768w\" sizes=\"auto, (max-width: 940px) 100vw, 940px\" \/><\/a><\/div>\n<div class=\"x11i5rnm xat24cr x1mh8g0r x1vvkbs xtlvy1s x126k92a\">\n<div dir=\"auto\"><\/div>\n<div dir=\"auto\"><\/div>\n<div dir=\"auto\">Cena de\u017enika je <strong>18 EUR<\/strong>.<\/div>\n<div dir=\"auto\"><\/div>\n<\/div>\n<div class=\"x11i5rnm xat24cr x1mh8g0r x1vvkbs xtlvy1s x126k92a\">\n<div dir=\"auto\"><\/div>\n<\/div>\n<div class=\"x11i5rnm xat24cr x1mh8g0r x1vvkbs xtlvy1s x126k92a\">\n<div dir=\"auto\">Naro\u010dite ga lahko na <strong>narocila@hrtjisvet.org<\/strong>.<\/div>\n<\/div>\n<div dir=\"auto\"><\/div>\n<div class=\"x11i5rnm xat24cr x1mh8g0r x1vvkbs xtlvy1s x126k92a\">\n<div dir=\"auto\">Dru\u0161tvo Hrtji svet<\/div>\n<div dir=\"auto\"><a class=\"x1i10hfl xjbqb8w x6umtig x1b1mbwd xaqea5y xav7gou x9f619 x1ypdohk xt0psk2 xe8uvvx xdj266r x11i5rnm xat24cr x1mh8g0r xexx8yu x4uap5 x18d9i69 xkhd6sd x16tdsg8 x1hl2dhg xggy1nq x1a2a7pz xt0b8zv x1fey0fg\" tabindex=\"0\" role=\"link\" href=\"https:\/\/l.facebook.com\/l.php?u=http%3A%2F%2Fwww.hrtjisvet.org%2F%3Ffbclid%3DIwAR1OJ24w_5gEpX1xRaq-SeF8-maaVMr1HJ-PSM3KtT7URiWC_-tiA9MfHc4&amp;h=AT3KViYRQyoM3VgrUHcktEVJKk_hWie787jkd6eXXMaVsmUp8XIMOJbMHl2rIUzPsMrHR-6qL4PYynnzcCPPpgjxTnTPgNppDpNtQBKcwVmbQXz_IRJlKpvkBhukjGRf39zD&amp;__tn__=-UK-R&amp;c[0]=AT1k6u7vC-VaX_jrFe3g3mZqqOhu5WXVOwboqkxngfJAi5kNMQmwne5HaKQOTi7DSsyhcTTtVJUlMZNL7gZInfw_znBAvfkOPh5iV40FLoREdjWOGg-hQGQverdWjZbjmwMuje_e36lEEMpikKOWP0l6jLsUOWC02LlErFcF7S6B4omyxPXDMRwpQLQm5wR4E6CZ9A4lm067\" target=\"_blank\" rel=\"nofollow noopener noreferrer\">www.hrtjisvet.org<\/a><\/div>\n<div dir=\"auto\">info@hrtjisvet.org<\/div>\n<\/div>\n<\/div>\n","protected":false},"excerpt":{"rendered":"<p>Kvaliteten, velik de\u017enik \u010drne barve z modrim ogrodjem in hrtkom na zunanji strani. Ima protivetrno za\u0161\u010dito, odpira se avtomatsko. Cena de\u017enika je 18 EUR. Naro\u010dite ga lahko na narocila@hrtjisvet.org. Dru\u0161tvo Hrtji svet www.hrtjisvet.org info@hrtjisvet.org<\/p>\n","protected":false},"author":6,"featured_media":0,"parent":0,"menu_order":0,"comment_status":"closed","ping_status":"closed","template":"page-full.php","meta":{"footnotes":""},"class_list":["post-25147","page","type-page","status-publish","hentry"],"_links":{"self":[{"href":"https:\/\/www.hrtjisvet.org\/hs\/wp-json\/wp\/v2\/pages\/25147","targetHints":{"allow":["GET"]}}],"collection":[{"href":"https:\/\/www.hrtjisvet.org\/hs\/wp-json\/wp\/v2\/pages"}],"about":[{"href":"https:\/\/www.hrtjisvet.org\/hs\/wp-json\/wp\/v2\/types\/page"}],"author":[{"embeddable":true,"href":"https:\/\/www.hrtjisvet.org\/hs\/wp-json\/wp\/v2\/users\/6"}],"replies":[{"embeddable":true,"href":"https:\/\/www.hrtjisvet.org\/hs\/wp-json\/wp\/v2\/comments?post=25147"}],"version-history":[{"count":2,"href":"https:\/\/www.hrtjisvet.org\/hs\/wp-json\/wp\/v2\/pages\/25147\/revisions"}],"predecessor-version":[{"id":25150,"href":"https:\/\/www.hrtjisvet.org\/hs\/wp-json\/wp\/v2\/pages\/25147\/revisions\/25150"}],"wp:attachment":[{"href":"https:\/\/www.hrtjisvet.org\/hs\/wp-json\/wp\/v2\/media?parent=25147"}],"curies":[{"name":"wp","href":"https:\/\/api.w.org\/{rel}","templated":true}]}}