{"id":24459,"date":"2024-09-20T10:47:30","date_gmt":"2024-09-20T08:47:30","guid":{"rendered":"https:\/\/www.hrtjisvet.org\/hs\/?page_id=24459"},"modified":"2025-06-16T10:38:38","modified_gmt":"2025-06-16T08:38:38","slug":"galgo-mix-jupiter","status":"publish","type":"page","link":"https:\/\/www.hrtjisvet.org\/hs\/galgo-mix-jupiter\/","title":{"rendered":"Galgo mix Jupiter"},"content":{"rendered":"<p style=\"text-align: center;\"><strong>Pasma: galgo mix <\/strong><br \/>\n<strong>Spol: samec <\/strong><br \/>\n<strong>Barva: \u010drna<\/strong><br \/>\n<strong>Datum rojstva: 2020 <\/strong><br \/>\n<strong>941000027065835<\/strong><\/p>\n<div style=\"text-align: center;\"><a  href=\"https:\/\/forms.gle\/fFCpjo1fBNHMqCPJA\"><div class=\"button2\" style=\"background-color: #F70A69\">IZPOLNITE INFORMATIVNI VPRA\u0160ALNIK ZA POSVOJITEV<\/div><\/a><\/div>\n<p>&nbsp;<\/p>\n<hr \/>\n<p><a href=\"https:\/\/www.hrtjisvet.org\/hs\/wp-content\/uploads\/2024\/09\/Copy-of-IMG_8772.jpg\"><img loading=\"lazy\" decoding=\"async\" width=\"225\" height=\"300\" class=\"alignright size-medium wp-image-24461\" src=\"https:\/\/www.hrtjisvet.org\/hs\/wp-content\/uploads\/2024\/09\/Copy-of-IMG_8772-225x300.jpg\" alt=\"\" srcset=\"https:\/\/www.hrtjisvet.org\/hs\/wp-content\/uploads\/2024\/09\/Copy-of-IMG_8772-225x300.jpg 225w, https:\/\/www.hrtjisvet.org\/hs\/wp-content\/uploads\/2024\/09\/Copy-of-IMG_8772.jpg 600w\" sizes=\"auto, (max-width: 225px) 100vw, 225px\" \/><\/a>Jupiter je en res posre\u010den galgo mix s \u010drno gostej\u0161o dlako in belo liso na prsih. Je srednje velik, vesel, igriv, \u017eivahen in zelo radoveden. Trenutno \u0161e malce nezaupljiv do ljudi, zato ob prihodu v ogrado dela priklon\u010dke in prikupno poskakuje, saj bi se ti rad pribli\u017eal, a ni \u010disto prepri\u010dan, \u010de je to varno.<br \/>\nVerjamemo, da se bo ob svojem \u010dloveku hitro sprostil, mu zaupal in pokazal svojo \u017eivahno in igrivo naravo.<br \/>\nVidimo ga kot bolj aktivnega psa, ki bo u\u017eival v raznih aktivnostih in delu z nosom, hkrati pa se bo znal tudi umiriti.<br \/>\nNas je \u010disto o\u010daral s svojo pojavo, tebe tudi? \ud83d\ude42<\/p>\n<p>Video Jupiterja:<\/p>\n<p><a href=\"https:\/\/www.facebook.com\/hrtjisvetslovenije\/videos\/998781742061862\" target=\"_blank\" rel=\"noopener\">https:\/\/www.facebook.com\/hrtjisvetslovenije\/videos\/998781742061862<\/a><\/p>\n<hr \/>\n\r\n\t\t<style type='text\/css'>\r\n\t\t\t#gallery-1 {\r\n\t\t\t\tmargin: auto;\r\n\t\t\t}\r\n\t\t\t#gallery-1 .gallery-item {\r\n\t\t\t\tfloat: left;\r\n\t\t\t\tmargin-top: 10px;\r\n\t\t\t\ttext-align: center;\r\n\t\t\t\twidth: 33%;\r\n\t\t\t}\r\n\t\t\t#gallery-1 img {\r\n\t\t\t\tborder: 2px solid #cfcfcf;\r\n\t\t\t}\r\n\t\t\t#gallery-1 .gallery-caption {\r\n\t\t\t\tmargin-left: 0;\r\n\t\t\t}\r\n\t\t<\/style>\r\n\t\t<!-- see gallery_shortcode() in wp-includes\/media.php -->\n\t\t<div id='gallery-1' class='gallery galleryid-24459 gallery-columns-3 gallery-size-medium gallery1'><script type=\"text\/javascript\">\r\n\/\/ <![CDATA[\r\n\tjQuery(document).ready(function () {\r\n\t\tjQuery(\".gallery1 a\").attr(\"rel\",\"gallery1\");\t\r\n\t\tjQuery('a[rel=\"gallery1\"]').colorbox({maxWidth:\"95%\", maxHeight:\"95%\",title: function(){ return jQuery(this).children().attr(\"alt\"); }, });\r\n\t});\r\n\/\/ ]]>\r\n<\/script>\n<dl class=\"gallery-item\">\n<dt class=\"gallery-icon\">\r\n<a href=\"https:\/\/www.hrtjisvet.org\/hs\/wp-content\/uploads\/2024\/09\/IMG_8767.jpg\" title=\"\" rel=\"gallery1\"><img loading=\"lazy\" decoding=\"async\" src=\"https:\/\/www.hrtjisvet.org\/hs\/wp-content\/uploads\/2024\/09\/IMG_8767-225x300.jpg\" width=\"225\" height=\"300\" alt=\"\" \/><\/a>\r\n<\/dt><\/dl><dl class=\"gallery-item\">\n<dt class=\"gallery-icon\">\r\n<a href=\"https:\/\/www.hrtjisvet.org\/hs\/wp-content\/uploads\/2024\/09\/IMG_2558.jpg\" title=\"\" rel=\"gallery1\"><img loading=\"lazy\" decoding=\"async\" src=\"https:\/\/www.hrtjisvet.org\/hs\/wp-content\/uploads\/2024\/09\/IMG_2558-225x300.jpg\" width=\"225\" height=\"300\" alt=\"\" \/><\/a>\r\n<\/dt><\/dl><dl class=\"gallery-item\">\n<dt class=\"gallery-icon\">\r\n<a href=\"https:\/\/www.hrtjisvet.org\/hs\/wp-content\/uploads\/2024\/09\/IMG_8766.jpg\" title=\"\" rel=\"gallery1\"><img loading=\"lazy\" decoding=\"async\" src=\"https:\/\/www.hrtjisvet.org\/hs\/wp-content\/uploads\/2024\/09\/IMG_8766-225x300.jpg\" width=\"225\" height=\"300\" alt=\"\" \/><\/a>\r\n<\/dt><\/dl><br style=\"clear: both\" \/><dl class=\"gallery-item\">\n<dt class=\"gallery-icon\">\r\n<a href=\"https:\/\/www.hrtjisvet.org\/hs\/wp-content\/uploads\/2024\/09\/Copy-of-IMG_8772.jpg\" title=\"\" rel=\"gallery1\"><img loading=\"lazy\" decoding=\"async\" src=\"https:\/\/www.hrtjisvet.org\/hs\/wp-content\/uploads\/2024\/09\/Copy-of-IMG_8772-225x300.jpg\" width=\"225\" height=\"300\" alt=\"\" \/><\/a>\r\n<\/dt><\/dl><dl class=\"gallery-item\">\n<dt class=\"gallery-icon\">\r\n<a href=\"https:\/\/www.hrtjisvet.org\/hs\/wp-content\/uploads\/2024\/09\/Copy-of-IMG_8769.jpg\" title=\"\" rel=\"gallery1\"><img loading=\"lazy\" decoding=\"async\" src=\"https:\/\/www.hrtjisvet.org\/hs\/wp-content\/uploads\/2024\/09\/Copy-of-IMG_8769-225x300.jpg\" width=\"225\" height=\"300\" alt=\"\" \/><\/a>\r\n<\/dt><\/dl>\r\n\t\t\t<br style='clear: both' \/>\r\n\t\t<\/div>\n\n","protected":false},"excerpt":{"rendered":"<p>Pasma: galgo mix Spol: samec Barva: \u010drna Datum rojstva: 2020 941000027065835 &nbsp; Jupiter je en res posre\u010den galgo mix s \u010drno gostej\u0161o dlako in belo liso na prsih. Je srednje velik, vesel, igriv, \u017eivahen in zelo radoveden. Trenutno \u0161e malce nezaupljiv do ljudi, zato ob prihodu v ogrado dela priklon\u010dke in prikupno poskakuje, saj bi [&hellip;]<\/p>\n","protected":false},"author":6,"featured_media":0,"parent":0,"menu_order":0,"comment_status":"closed","ping_status":"closed","template":"page-full.php","meta":{"footnotes":""},"class_list":["post-24459","page","type-page","status-publish","hentry"],"_links":{"self":[{"href":"https:\/\/www.hrtjisvet.org\/hs\/wp-json\/wp\/v2\/pages\/24459","targetHints":{"allow":["GET"]}}],"collection":[{"href":"https:\/\/www.hrtjisvet.org\/hs\/wp-json\/wp\/v2\/pages"}],"about":[{"href":"https:\/\/www.hrtjisvet.org\/hs\/wp-json\/wp\/v2\/types\/page"}],"author":[{"embeddable":true,"href":"https:\/\/www.hrtjisvet.org\/hs\/wp-json\/wp\/v2\/users\/6"}],"replies":[{"embeddable":true,"href":"https:\/\/www.hrtjisvet.org\/hs\/wp-json\/wp\/v2\/comments?post=24459"}],"version-history":[{"count":5,"href":"https:\/\/www.hrtjisvet.org\/hs\/wp-json\/wp\/v2\/pages\/24459\/revisions"}],"predecessor-version":[{"id":26040,"href":"https:\/\/www.hrtjisvet.org\/hs\/wp-json\/wp\/v2\/pages\/24459\/revisions\/26040"}],"wp:attachment":[{"href":"https:\/\/www.hrtjisvet.org\/hs\/wp-json\/wp\/v2\/media?parent=24459"}],"curies":[{"name":"wp","href":"https:\/\/api.w.org\/{rel}","templated":true}]}}