{"id":23339,"date":"2024-06-05T08:04:56","date_gmt":"2024-06-05T06:04:56","guid":{"rendered":"http:\/\/www.hrtjisvet.org\/hs\/?page_id=23339"},"modified":"2025-07-14T08:56:22","modified_gmt":"2025-07-14T06:56:22","slug":"galgo-reno","status":"publish","type":"page","link":"https:\/\/www.hrtjisvet.org\/hs\/galgo-reno\/","title":{"rendered":"Galgo Reno"},"content":{"rendered":"<p style=\"text-align: center;\"><strong>Pasma: galgo <\/strong><br \/>\n<strong>Spol: samec<\/strong><br \/>\n<strong>Barva: rjava <\/strong><br \/>\n<strong>Datum rojstva: 2020 <\/strong><br \/>\n<strong>941010001049342 <\/strong><\/p>\n<div style=\"text-align: center;\"><a  href=\"https:\/\/forms.gle\/fFCpjo1fBNHMqCPJA\"><div class=\"button2\" style=\"background-color: #F70A69\">IZPOLNITE INFORMATIVNI VPRA\u0160ALNIK ZA POSVOJITEV<\/div><\/a><\/div>\n<p>&nbsp;<\/p>\n<hr \/>\n<p><a href=\"https:\/\/www.hrtjisvet.org\/hs\/wp-content\/uploads\/2024\/06\/Reno.jpg\"><img loading=\"lazy\" decoding=\"async\" width=\"225\" height=\"300\" class=\"alignright size-medium wp-image-23343\" src=\"https:\/\/www.hrtjisvet.org\/hs\/wp-content\/uploads\/2024\/06\/Reno-225x300.jpg\" alt=\"\" srcset=\"https:\/\/www.hrtjisvet.org\/hs\/wp-content\/uploads\/2024\/06\/Reno-225x300.jpg 225w, https:\/\/www.hrtjisvet.org\/hs\/wp-content\/uploads\/2024\/06\/Reno.jpg 600w\" sizes=\"auto, (max-width: 225px) 100vw, 225px\" \/><\/a>Reno je srednje velik galgo, ki s pojavo in z lisi\u010djo barvo takoj opozori nase. Po celem vrhu hrbta se pona\u0161a z nekoliko dalj\u0161o resasto dlako, ki izpade kot nekak\u0161na griva. Od vratu do trebu\u0161\u010dka ima svetlej\u0161o belkasto dlako, prav tako ima samo konice prstov obarvane belo. \u017de od dale\u010d je na nas lajal, ob vstopu v ogrado pa je dr\u017eal svojo distanco in od dale\u010d opozarjal na to, da mu na\u0161a bli\u017eina zaenkrat \u0161e ni v\u0161e\u010d, saj nam ne zaupa. Vseskozi nas je imel na o\u010deh in preverjal kaj po\u010dnemo z njegovimi sostanovalci. Tudi vsi po\u010dohci na njegovih pajda\u0161ih iz ograde in pribolj\u0161ki nanj sprva niso delovali, saj je slednje pohrustal zgolj, \u010de smo mu jih vrgli dovolj dale\u010d stran od sebe. Ko smo ga prvi\u010d ulovili, da smo mu od\u010ditali \u010dip, je popolnoma okamenel, nato pa le nekako dojel, da mu no\u010demo ni\u010d hudega. Od takrat naprej je \u0161lo la\u017eje. Res je, da je \u0161e vseeno ohranjal malo distance in nas ob prihodu nalajal, ampak je bil vsak dan bolj pogumen in je prihajal vse bli\u017eje in bli\u017eje.<br \/>\nReno se v s svoji ogradi zelo dobro razume s svojimi sostanovalci.<br \/>\nZaradi vseh nepoznanih stvari, ki bi jih v novem domu do\u017eivel in spoznaval, ni ravno primeren za posvojitelje za\u010detnike, v primernem domu pa bo zagotovo postal izjemen, igriv dru\u017einski \u010dlan, s \u0161armantno postavo in prikupnimi o\u010dmi. Dru\u017eba stabilnega psa bi mu zelo pomagala, da bi hitreje premagal zadr\u017eanost, postal samozavestnej\u0161i in se nau\u010dil, da ljudje ne pomenimo nujno ni\u010d slabega.<br \/>\nV zakup je potrebno vzeti tudi to, da bo za razliko od povpre\u010dnih hrtov najbr\u017e malo ve\u010dkrat zalajal.<\/p>\n<p><a href=\"https:\/\/www.facebook.com\/hrtjisvetslovenije\/videos\/1396890238257276\" target=\"_blank\" rel=\"noopener\">VIDEO RENA<\/a><\/p>\n<hr \/>\n\r\n\t\t<style type='text\/css'>\r\n\t\t\t#gallery-1 {\r\n\t\t\t\tmargin: auto;\r\n\t\t\t}\r\n\t\t\t#gallery-1 .gallery-item {\r\n\t\t\t\tfloat: left;\r\n\t\t\t\tmargin-top: 10px;\r\n\t\t\t\ttext-align: center;\r\n\t\t\t\twidth: 33%;\r\n\t\t\t}\r\n\t\t\t#gallery-1 img {\r\n\t\t\t\tborder: 2px solid #cfcfcf;\r\n\t\t\t}\r\n\t\t\t#gallery-1 .gallery-caption {\r\n\t\t\t\tmargin-left: 0;\r\n\t\t\t}\r\n\t\t<\/style>\r\n\t\t<!-- see gallery_shortcode() in wp-includes\/media.php -->\n\t\t<div id='gallery-1' class='gallery galleryid-23339 gallery-columns-3 gallery-size-medium gallery1'><script type=\"text\/javascript\">\r\n\/\/ <![CDATA[\r\n\tjQuery(document).ready(function () {\r\n\t\tjQuery(\".gallery1 a\").attr(\"rel\",\"gallery1\");\t\r\n\t\tjQuery('a[rel=\"gallery1\"]').colorbox({maxWidth:\"95%\", maxHeight:\"95%\",title: function(){ return jQuery(this).children().attr(\"alt\"); }, });\r\n\t});\r\n\/\/ ]]>\r\n<\/script>\n<dl class=\"gallery-item\">\n<dt class=\"gallery-icon\">\r\n<a href=\"https:\/\/www.hrtjisvet.org\/hs\/wp-content\/uploads\/2024\/06\/Reno1.jpg\" title=\"\" rel=\"gallery1\"><img loading=\"lazy\" decoding=\"async\" src=\"https:\/\/www.hrtjisvet.org\/hs\/wp-content\/uploads\/2024\/06\/Reno1-225x300.jpg\" width=\"225\" height=\"300\" alt=\"\" \/><\/a>\r\n<\/dt><\/dl><dl class=\"gallery-item\">\n<dt class=\"gallery-icon\">\r\n<a href=\"https:\/\/www.hrtjisvet.org\/hs\/wp-content\/uploads\/2024\/06\/Reno.jpg\" title=\"\" rel=\"gallery1\"><img loading=\"lazy\" decoding=\"async\" src=\"https:\/\/www.hrtjisvet.org\/hs\/wp-content\/uploads\/2024\/06\/Reno-225x300.jpg\" width=\"225\" height=\"300\" alt=\"\" \/><\/a>\r\n<\/dt><\/dl><dl class=\"gallery-item\">\n<dt class=\"gallery-icon\">\r\n<a href=\"https:\/\/www.hrtjisvet.org\/hs\/wp-content\/uploads\/2024\/06\/Reno-3.jpg\" title=\"\" rel=\"gallery1\"><img loading=\"lazy\" decoding=\"async\" src=\"https:\/\/www.hrtjisvet.org\/hs\/wp-content\/uploads\/2024\/06\/Reno-3-225x300.jpg\" width=\"225\" height=\"300\" alt=\"\" \/><\/a>\r\n<\/dt><\/dl><br style=\"clear: both\" \/><dl class=\"gallery-item\">\n<dt class=\"gallery-icon\">\r\n<a href=\"https:\/\/www.hrtjisvet.org\/hs\/wp-content\/uploads\/2024\/06\/Reno-2.jpg\" title=\"\" rel=\"gallery1\"><img loading=\"lazy\" decoding=\"async\" src=\"https:\/\/www.hrtjisvet.org\/hs\/wp-content\/uploads\/2024\/06\/Reno-2-300x225.jpg\" width=\"300\" height=\"225\" alt=\"\" \/><\/a>\r\n<\/dt><\/dl><dl class=\"gallery-item\">\n<dt class=\"gallery-icon\">\r\n<a href=\"https:\/\/www.hrtjisvet.org\/hs\/wp-content\/uploads\/2024\/06\/Reno-1.jpg\" title=\"\" rel=\"gallery1\"><img loading=\"lazy\" decoding=\"async\" src=\"https:\/\/www.hrtjisvet.org\/hs\/wp-content\/uploads\/2024\/06\/Reno-1-300x225.jpg\" width=\"300\" height=\"225\" alt=\"\" \/><\/a>\r\n<\/dt><\/dl>\r\n\t\t\t<br style='clear: both' \/>\r\n\t\t<\/div>\n\n","protected":false},"excerpt":{"rendered":"<p>Pasma: galgo Spol: samec Barva: rjava Datum rojstva: 2020 941010001049342 &nbsp; Reno je srednje velik galgo, ki s pojavo in z lisi\u010djo barvo takoj opozori nase. Po celem vrhu hrbta se pona\u0161a z nekoliko dalj\u0161o resasto dlako, ki izpade kot nekak\u0161na griva. Od vratu do trebu\u0161\u010dka ima svetlej\u0161o belkasto dlako, prav tako ima samo konice [&hellip;]<\/p>\n","protected":false},"author":6,"featured_media":0,"parent":0,"menu_order":0,"comment_status":"closed","ping_status":"closed","template":"page-full.php","meta":{"footnotes":""},"class_list":["post-23339","page","type-page","status-publish","hentry"],"_links":{"self":[{"href":"https:\/\/www.hrtjisvet.org\/hs\/wp-json\/wp\/v2\/pages\/23339","targetHints":{"allow":["GET"]}}],"collection":[{"href":"https:\/\/www.hrtjisvet.org\/hs\/wp-json\/wp\/v2\/pages"}],"about":[{"href":"https:\/\/www.hrtjisvet.org\/hs\/wp-json\/wp\/v2\/types\/page"}],"author":[{"embeddable":true,"href":"https:\/\/www.hrtjisvet.org\/hs\/wp-json\/wp\/v2\/users\/6"}],"replies":[{"embeddable":true,"href":"https:\/\/www.hrtjisvet.org\/hs\/wp-json\/wp\/v2\/comments?post=23339"}],"version-history":[{"count":5,"href":"https:\/\/www.hrtjisvet.org\/hs\/wp-json\/wp\/v2\/pages\/23339\/revisions"}],"predecessor-version":[{"id":26316,"href":"https:\/\/www.hrtjisvet.org\/hs\/wp-json\/wp\/v2\/pages\/23339\/revisions\/26316"}],"wp:attachment":[{"href":"https:\/\/www.hrtjisvet.org\/hs\/wp-json\/wp\/v2\/media?parent=23339"}],"curies":[{"name":"wp","href":"https:\/\/api.w.org\/{rel}","templated":true}]}}