{"id":20294,"date":"2022-04-25T15:07:34","date_gmt":"2022-04-25T13:07:34","guid":{"rendered":"http:\/\/www.hrtjisvet.org\/hs\/?page_id=20294"},"modified":"2026-01-23T13:25:34","modified_gmt":"2026-01-23T12:25:34","slug":"podenca-marianita","status":"publish","type":"page","link":"https:\/\/www.hrtjisvet.org\/hs\/podenca-marianita\/","title":{"rendered":"Podenca Marianita"},"content":{"rendered":"<p style=\"text-align: center;\"><strong>Pasma: podenco <\/strong><br \/>\n<strong>Spol: samica <\/strong><br \/>\n<strong>Barva: rjava z belino <\/strong><br \/>\n<strong>Datum rojstva: 1. 5. 2016 <\/strong><br \/>\n<strong>941000023954720 <\/strong><\/p>\n<div style=\"text-align: center;\"><a  href=\"https:\/\/forms.gle\/fFCpjo1fBNHMqCPJA\"><div class=\"button2\" style=\"background-color: #F70A69\">IZPOLNITE INFORMATIVNI VPRA\u0160ALNIK ZA POSVOJITEV<\/div><\/a><\/div>\n<p>&nbsp;<\/p>\n<hr \/>\n<p><a href=\"https:\/\/www.hrtjisvet.org\/hs\/wp-content\/uploads\/2022\/04\/Marianita7.jpg\"><img loading=\"lazy\" decoding=\"async\" width=\"225\" height=\"300\" class=\"alignright size-medium wp-image-20301\" src=\"https:\/\/www.hrtjisvet.org\/hs\/wp-content\/uploads\/2022\/04\/Marianita7-225x300.jpg\" alt=\"\" srcset=\"https:\/\/www.hrtjisvet.org\/hs\/wp-content\/uploads\/2022\/04\/Marianita7-225x300.jpg 225w, https:\/\/www.hrtjisvet.org\/hs\/wp-content\/uploads\/2022\/04\/Marianita7.jpg 600w\" sizes=\"auto, (max-width: 225px) 100vw, 225px\" \/><\/a> Marianita je zelo simpati\u010dna in priljudna manj\u0161a poden\u010di\u010da. Tako zelo u\u017eiva v \u010dlove\u0161ki dru\u017ebi, da ji ve\u010dkrat uspe pobegnit iz ograde, samo, da se malce sprehodi po zaveti\u0161\u010du in najde ljudi. Nato malce porepka, se nastavi za bo\u017eanje in odide nazaj v svojo ogrado. Ljudi ima rada na nevsiljiv na\u010din. Zato si za njo zelo \u017eelimo, da \u010dim prej najde svoj dom, kjer bo imela dovolj \u010dlove\u0161ke dru\u017ebe. Trenutno v zaveti\u0161\u010du prebiva z zelo aktivnim belgijskim ov\u010darjem in ga sprejema brez problema, zato sklepamo, da se razume tudi z ve\u010djimi in bolj aktivnimi psi, verjetno bi ji ustrezala dru\u017eba drugega psa.<\/p>\n<p>Zanjo i\u0161\u010demo posvojitelje, ki se bodo podajali na dolge sprehode, ji omogo\u010dili igro in raziskovanje v varnem okolju in se cartljali doma na kav\u010du.<\/p>\n<p>Video:<\/p>\n<p><a href=\"https:\/\/www.facebook.com\/share\/r\/1KZsAset6C\/\" target=\"_blank\" rel=\"noopener\">MARIANITA<\/a><\/p>\n<hr \/>\n\r\n\t\t<style type='text\/css'>\r\n\t\t\t#gallery-1 {\r\n\t\t\t\tmargin: auto;\r\n\t\t\t}\r\n\t\t\t#gallery-1 .gallery-item {\r\n\t\t\t\tfloat: left;\r\n\t\t\t\tmargin-top: 10px;\r\n\t\t\t\ttext-align: center;\r\n\t\t\t\twidth: 33%;\r\n\t\t\t}\r\n\t\t\t#gallery-1 img {\r\n\t\t\t\tborder: 2px solid #cfcfcf;\r\n\t\t\t}\r\n\t\t\t#gallery-1 .gallery-caption {\r\n\t\t\t\tmargin-left: 0;\r\n\t\t\t}\r\n\t\t<\/style>\r\n\t\t<!-- see gallery_shortcode() in wp-includes\/media.php -->\n\t\t<div id='gallery-1' class='gallery galleryid-20294 gallery-columns-3 gallery-size-medium gallery1'><script type=\"text\/javascript\">\r\n\/\/ <![CDATA[\r\n\tjQuery(document).ready(function () {\r\n\t\tjQuery(\".gallery1 a\").attr(\"rel\",\"gallery1\");\t\r\n\t\tjQuery('a[rel=\"gallery1\"]').colorbox({maxWidth:\"95%\", maxHeight:\"95%\",title: function(){ return jQuery(this).children().attr(\"alt\"); }, });\r\n\t});\r\n\/\/ ]]>\r\n<\/script>\n<dl class=\"gallery-item\">\n<dt class=\"gallery-icon\">\r\n<a href=\"https:\/\/www.hrtjisvet.org\/hs\/wp-content\/uploads\/2022\/04\/Marianita8.jpg\" title=\"\" rel=\"gallery1\"><img loading=\"lazy\" decoding=\"async\" src=\"https:\/\/www.hrtjisvet.org\/hs\/wp-content\/uploads\/2022\/04\/Marianita8-225x300.jpg\" width=\"225\" height=\"300\" alt=\"\" \/><\/a>\r\n<\/dt><\/dl><dl class=\"gallery-item\">\n<dt class=\"gallery-icon\">\r\n<a href=\"https:\/\/www.hrtjisvet.org\/hs\/wp-content\/uploads\/2022\/04\/Marianita7.jpg\" title=\"\" rel=\"gallery1\"><img loading=\"lazy\" decoding=\"async\" src=\"https:\/\/www.hrtjisvet.org\/hs\/wp-content\/uploads\/2022\/04\/Marianita7-225x300.jpg\" width=\"225\" height=\"300\" alt=\"\" \/><\/a>\r\n<\/dt><\/dl><dl class=\"gallery-item\">\n<dt class=\"gallery-icon\">\r\n<a href=\"https:\/\/www.hrtjisvet.org\/hs\/wp-content\/uploads\/2022\/04\/Marianita6.jpg\" title=\"\" rel=\"gallery1\"><img loading=\"lazy\" decoding=\"async\" src=\"https:\/\/www.hrtjisvet.org\/hs\/wp-content\/uploads\/2022\/04\/Marianita6-300x225.jpg\" width=\"300\" height=\"225\" alt=\"\" \/><\/a>\r\n<\/dt><\/dl><br style=\"clear: both\" \/><dl class=\"gallery-item\">\n<dt class=\"gallery-icon\">\r\n<a href=\"https:\/\/www.hrtjisvet.org\/hs\/wp-content\/uploads\/2022\/04\/Marianita5.jpg\" title=\"\" rel=\"gallery1\"><img loading=\"lazy\" decoding=\"async\" src=\"https:\/\/www.hrtjisvet.org\/hs\/wp-content\/uploads\/2022\/04\/Marianita5-225x300.jpg\" width=\"225\" height=\"300\" alt=\"\" \/><\/a>\r\n<\/dt><\/dl><dl class=\"gallery-item\">\n<dt class=\"gallery-icon\">\r\n<a href=\"https:\/\/www.hrtjisvet.org\/hs\/wp-content\/uploads\/2022\/04\/Marianita4.jpg\" title=\"\" rel=\"gallery1\"><img loading=\"lazy\" decoding=\"async\" src=\"https:\/\/www.hrtjisvet.org\/hs\/wp-content\/uploads\/2022\/04\/Marianita4-225x300.jpg\" width=\"225\" height=\"300\" alt=\"\" \/><\/a>\r\n<\/dt><\/dl><dl class=\"gallery-item\">\n<dt class=\"gallery-icon\">\r\n<a href=\"https:\/\/www.hrtjisvet.org\/hs\/wp-content\/uploads\/2022\/04\/Marianita3.jpg\" title=\"\" rel=\"gallery1\"><img loading=\"lazy\" decoding=\"async\" src=\"https:\/\/www.hrtjisvet.org\/hs\/wp-content\/uploads\/2022\/04\/Marianita3-225x300.jpg\" width=\"225\" height=\"300\" alt=\"\" \/><\/a>\r\n<\/dt><\/dl><br style=\"clear: both\" \/><dl class=\"gallery-item\">\n<dt class=\"gallery-icon\">\r\n<a href=\"https:\/\/www.hrtjisvet.org\/hs\/wp-content\/uploads\/2022\/04\/Marianita1.jpg\" title=\"\" rel=\"gallery1\"><img loading=\"lazy\" decoding=\"async\" src=\"https:\/\/www.hrtjisvet.org\/hs\/wp-content\/uploads\/2022\/04\/Marianita1-225x300.jpg\" width=\"225\" height=\"300\" alt=\"\" \/><\/a>\r\n<\/dt><\/dl><dl class=\"gallery-item\">\n<dt class=\"gallery-icon\">\r\n<a href=\"https:\/\/www.hrtjisvet.org\/hs\/wp-content\/uploads\/2022\/04\/Marianita.jpg\" title=\"\" rel=\"gallery1\"><img loading=\"lazy\" decoding=\"async\" src=\"https:\/\/www.hrtjisvet.org\/hs\/wp-content\/uploads\/2022\/04\/Marianita-225x300.jpg\" width=\"225\" height=\"300\" alt=\"\" \/><\/a>\r\n<\/dt><\/dl>\r\n\t\t\t<br style='clear: both' \/>\r\n\t\t<\/div>\n\n","protected":false},"excerpt":{"rendered":"<p>Pasma: podenco Spol: samica Barva: rjava z belino Datum rojstva: 1. 5. 2016 941000023954720 &nbsp; Marianita je zelo simpati\u010dna in priljudna manj\u0161a poden\u010di\u010da. Tako zelo u\u017eiva v \u010dlove\u0161ki dru\u017ebi, da ji ve\u010dkrat uspe pobegnit iz ograde, samo, da se malce sprehodi po zaveti\u0161\u010du in najde ljudi. Nato malce porepka, se nastavi za bo\u017eanje in odide [&hellip;]<\/p>\n","protected":false},"author":6,"featured_media":0,"parent":0,"menu_order":0,"comment_status":"closed","ping_status":"closed","template":"page-full.php","meta":{"footnotes":""},"class_list":["post-20294","page","type-page","status-publish","hentry"],"_links":{"self":[{"href":"https:\/\/www.hrtjisvet.org\/hs\/wp-json\/wp\/v2\/pages\/20294","targetHints":{"allow":["GET"]}}],"collection":[{"href":"https:\/\/www.hrtjisvet.org\/hs\/wp-json\/wp\/v2\/pages"}],"about":[{"href":"https:\/\/www.hrtjisvet.org\/hs\/wp-json\/wp\/v2\/types\/page"}],"author":[{"embeddable":true,"href":"https:\/\/www.hrtjisvet.org\/hs\/wp-json\/wp\/v2\/users\/6"}],"replies":[{"embeddable":true,"href":"https:\/\/www.hrtjisvet.org\/hs\/wp-json\/wp\/v2\/comments?post=20294"}],"version-history":[{"count":7,"href":"https:\/\/www.hrtjisvet.org\/hs\/wp-json\/wp\/v2\/pages\/20294\/revisions"}],"predecessor-version":[{"id":26743,"href":"https:\/\/www.hrtjisvet.org\/hs\/wp-json\/wp\/v2\/pages\/20294\/revisions\/26743"}],"wp:attachment":[{"href":"https:\/\/www.hrtjisvet.org\/hs\/wp-json\/wp\/v2\/media?parent=20294"}],"curies":[{"name":"wp","href":"https:\/\/api.w.org\/{rel}","templated":true}]}}